{"id":5197,"date":"2025-06-18T12:48:59","date_gmt":"2025-06-18T17:48:59","guid":{"rendered":"https:\/\/iicbogota.esteri.it\/?page_id=5197"},"modified":"2025-11-25T10:42:00","modified_gmt":"2025-11-25T15:42:00","slug":"corsi-estivi","status":"publish","type":"page","link":"https:\/\/iicbogota.esteri.it\/it\/lingua-e-cultura\/i-corsi-di-lingua\/corsi-estivi\/","title":{"rendered":"Corsi estivi"},"content":{"rendered":"<p><em>(In questa pagina troverai l&#8217;informazione relativa al 2025. Prossimamente pubblicheremo l&#8217;informazione per il 2026).<\/em><\/p>\n<p>Dal 16 luglio al 15 agosto l&#8217;Istituto Italiano di Cultura amplia la sua <strong>offerta didattica con i corsi estivi<\/strong>: corso super-intensivo, laboratorio di pratica e ripasso e il laboratorio di conversazione.<\/p>\n<p>Il <span style=\"color: #ff0000;\"><strong>corso Super-Intensivo<\/strong><\/span> ha una durata di 60 ore accademiche con 3 ore di lezione al giorno, dal luned\u00ec al venerd\u00ec. La data d&#8217;inizio del corso \u00e8 mercoled\u00ec 16 luglio e le lezioni concluderanno il 14 agosto 2025.<br \/>\nIl corso Super-Intensivo \u00e8 aperto a tutti i livelli di italiano (A1, A2, B1, B2 e C1) e ha un costo di <strong>1&#8217;115.000 COP<\/strong> e si sviluppa nei seguenti orari:<\/p>\n<ul>\n<li>8:00 &#8211; 11:00<\/li>\n<li>17:00 &#8211; 20:00<\/li>\n<\/ul>\n<p>Il <strong><span style=\"color: #ff0000;\">Laboratorio di pratica e ripasso<\/span> <\/strong>ha una durata di 30 ore accademiche con 2 ore di lezione al giorno, dal luned\u00ec al venerd\u00ec. Potrai realizzare il corso dal 16 luglio al 6 agosto o dal 28 luglio al 19 agosto 2025.<br \/>\nLo scopo del corso \u00e8 ripassare e approfondire i temi morfologici e sintattici affrontati nel livello precedente in modo tale che lo studente possa affrontare il successivo con una base rinforzata che gli permette di proseguire con maggiore fluidit\u00e0 il suo percorso didattico.<\/p>\n<p>La metodologia del corso si basa soprattutto nella spiegazione di concetti teorici essenziali per il proseguimento dei corsi successivi e sull\u2019elaborazione di esercizi atti a fissarne i temi.<\/p>\n<p>Il Laboratorio di pratica e ripasso \u00e8 aperto agli studenti con un livello A1, A2 e B1 e ha un costo di <strong>650.000 COP<\/strong> e si sviluppa nei seguenti orari:<\/p>\n<ul>\n<li>8:00 &#8211; 10:00<\/li>\n<li>14:00 &#8211; 16:00<\/li>\n<li>17:00 &#8211; 19:00<\/li>\n<\/ul>\n<p>Il <span style=\"color: #ff0000;\"><strong>Laboratorio di conversazione<\/strong><\/span> ha una durata di 14 ore accademiche con 1 ore e 30 minuti di lezione nei giorni marted\u00ec, mercoled\u00ec e gioved\u00ec, e si realizzer\u00e0 dal 29 luglio al 14 agosto 2025.<br \/>\nIn questo corso potrai migliorare la fluidit\u00e0 e la sicurezza nell&#8217;espressione orale, arricchire il vocabolario su vari temi, correggere gli errori grammaticali e migliorare la pronuncia e sviluppare la capacit\u00e0 di esprimere opinioni e raccontare esperienze.<br \/>\nIl <strong>programma<\/strong> del laboratorio si sviluppa su 3 settimane:<br \/>\n&#8211; Settimana 1: Il viaggio e le vacanze;<br \/>\n&#8211; Settimana 2: Il lavoro;<br \/>\n&#8211; Settimana 3: Il mondo di oggi;<\/p>\n<p>Il Laboratorio di conversazione \u00e8 aperto agli studenti con un livello dal B1 in avanti e ha un costo di <strong>350.000 COP<\/strong> e si sviluppa nei seguenti orari:<\/p>\n<ul>\n<li>8:30 &#8211; 10:00<\/li>\n<li>14:30 &#8211; 16:00<\/li>\n<li>17:30 &#8211; 19:00<\/li>\n<\/ul>\n<p>&nbsp;<\/p>\n<p>Gli <strong>sconti<\/strong> stabiliti per l\u2019anno 2025 sono i seguenti:<\/p>\n<ul>\n<li>\n<ul>\n<li>Studenti attivi della Red de Centros Binacionales (IBRACO, Goethe Institut, British Council, Educaci\u00f2n Colombo-Japonesa, Colombo-Americano): 20% di sconto. Per maggiori informazioni entra nel sito della <strong><a href=\"https:\/\/www.redcentrosbinacionales.org\/convenios\/\">Red de Centros Binacionales<\/a><\/strong>;<\/li>\n<li>Studenti attivi delle Univesit\u00e0 Universidad Jorge Tadeo Lozano, Universidad Nacional de Colombia, Universidad de La Salle: 20% di sconto;<\/li>\n<li>Studenti attivi dell\u2019Universit\u00e0 Sergio Arboleda: 10% di sconto;<\/li>\n<li>Dipendenti Technip Group (Ex-TIPIEL): 20% di sconto;<\/li>\n<\/ul>\n<\/li>\n<\/ul>\n<p>ISCRIZIONI CHIUSE PER IL 2025.<\/p>\n","protected":false},"excerpt":{"rendered":"(In questa pagina troverai l&#8217;informazione relativa al 2025. Prossimamente pubblicheremo l&#8217;informazione per il 2026). Dal 16 luglio al 15 agosto l&#8217;Istituto Italiano di Cultura amplia la sua offerta didattica con i corsi estivi: corso super-intensivo, laboratorio di pratica e ripasso e il laboratorio di conversazione. Il corso Super-Intensivo ha una durata di 60 ore accademiche [&hellip;]","protected":false},"author":3,"featured_media":0,"parent":42,"menu_order":2,"comment_status":"closed","ping_status":"closed","template":"","meta":{"footnotes":""},"class_list":["post-5197","page","type-page","status-publish","hentry"],"_links":{"self":[{"href":"https:\/\/iicbogota.esteri.it\/it\/wp-json\/wp\/v2\/pages\/5197","targetHints":{"allow":["GET"]}}],"collection":[{"href":"https:\/\/iicbogota.esteri.it\/it\/wp-json\/wp\/v2\/pages"}],"about":[{"href":"https:\/\/iicbogota.esteri.it\/it\/wp-json\/wp\/v2\/types\/page"}],"author":[{"embeddable":true,"href":"https:\/\/iicbogota.esteri.it\/it\/wp-json\/wp\/v2\/users\/3"}],"replies":[{"embeddable":true,"href":"https:\/\/iicbogota.esteri.it\/it\/wp-json\/wp\/v2\/comments?post=5197"}],"version-history":[{"count":5,"href":"https:\/\/iicbogota.esteri.it\/it\/wp-json\/wp\/v2\/pages\/5197\/revisions"}],"predecessor-version":[{"id":6006,"href":"https:\/\/iicbogota.esteri.it\/it\/wp-json\/wp\/v2\/pages\/5197\/revisions\/6006"}],"up":[{"embeddable":true,"href":"https:\/\/iicbogota.esteri.it\/it\/wp-json\/wp\/v2\/pages\/42"}],"wp:attachment":[{"href":"https:\/\/iicbogota.esteri.it\/it\/wp-json\/wp\/v2\/media?parent=5197"}],"curies":[{"name":"wp","href":"https:\/\/api.w.org\/{rel}","templated":true}]}}