{"id":4316,"date":"2025-03-05T12:02:37","date_gmt":"2025-03-05T17:02:37","guid":{"rendered":"https:\/\/iicbogota.esteri.it\/?page_id=4316"},"modified":"2025-03-05T12:02:44","modified_gmt":"2025-03-05T17:02:44","slug":"sponsorizzazione-delle-attivita-delliic","status":"publish","type":"page","link":"https:\/\/iicbogota.esteri.it\/it\/chi-siamo\/la-sede\/sponsorizzazione-delle-attivita-delliic\/","title":{"rendered":"Sponsorizzazione delle attivit\u00e0 dell&#8217;IIC"},"content":{"rendered":"<p>L&#8217;Istituto Italiano di Cultura di Bogot\u00e0, nell\u2019ambito della sua attivit\u00e0 di promozione della lingua e della cultura italiana, realizza ogni anno numerosi eventi. A tale scopo, questo Istituto intende avvalersi della<strong> sponsorizzazione da parte di soggetti pubblici o privati<\/strong> interessati che dietro sostegno in denaro e\/o con forniture o servizi, intendano rendere visibile la propria immagine attraverso <span style=\"text-decoration: underline;\">la <strong>pubblicazione del proprio logo sugli inviti o altro materiale promozionale realizzato per l\u2019evento (manifesto, banner, catalogo, newsletter, ecc.)<\/strong>.<\/span><\/p>\n<p><strong>L&#8217;avviso per la sponsorizzazione sar\u00e0 sempre a disposizione in questa sezione della pagina web dell&#8217;Istituto.<\/strong><\/p>\n<p><span style=\"text-decoration: underline;\">Gli sponsor avranno la possibilit\u00e0 di promuovere la propria immagine nelle modalit\u00e0 di volta in volta concordate con l\u2019Istituto nell\u2019apposito contratto di sponsorizzazione che sar\u00e0 perfezionato secondo i termini descritti nel presente\u00a0<a href=\"https:\/\/iicbogota.esteri.it\/wp-content\/uploads\/2025\/03\/Avviso-Sponsorizzazioni_Bogota_ITA_Firmato.pdf\"><strong>Avviso<\/strong><\/a>.<\/span><\/p>\n<p>Le sponsorizzazioni, donazioni o altre liberalit\u00e0, come tutte le attivit\u00e0 della Pubblica Amministrazione, devono essere volte al perseguimento di un interesse pubblico (art. 43 della Legge n. 449\/1997).<\/p>\n<p>\u00c8 possibile manifestare il proprio interesse nelle modalit\u00e0 specificate nel summenzionato Avviso.<\/p>\n<p>I soggetti interessati possono inviare un messaggio di posta elettronica all\u2019indirizzo\u00a0<a href=\"mailto:amm.amblondra@esteri.it\">iicbogota@esteri.it<\/a>. II messaggio dovr\u00e0 avere per oggetto \u201c<span style=\"text-decoration: underline;\"><em>Manifestazione di Interesse per Sponsorizzazione<\/em><\/span>\u201d e includere i seguenti documenti, compilati e firmati:<\/p>\n<ul>\n<li><a href=\"https:\/\/iicbogota.esteri.it\/wp-content\/uploads\/2025\/03\/Modulo-manifestazione-di-interesse-per-sponsorizzazioni_ITA-1.docx\">Modulo manifestazione di interesse per sponsorizzazioni<\/a><\/li>\n<li><a href=\"https:\/\/iicbogota.esteri.it\/wp-content\/uploads\/2025\/03\/Allegato-1.-Dichiarazione-sostitutiva-ITA.pdf\">Dichiarazione sostitutiva<\/a><\/li>\n<li><a href=\"https:\/\/iicbogota.esteri.it\/wp-content\/uploads\/2025\/03\/allegato-2-Normativa-sui-dati-personali-ITA.pdf\">Dichiarazione sulla protezione dei dati personali<\/a><\/li>\n<\/ul>\n<p>La manifestazione di interesse dovr\u00e0 riportare ogni elemento utile per identificare il soggetto, con specifica indicazione del settore di attivit\u00e0 di competenza.<\/p>\n<p><strong>La presente comunicazione non impegna in alcuno modo l\u2019Istituto, che si riserva il diritto di valutare la proposta. <\/strong>L\u2019Istituto Italiano di Cultura si riserva di effettuare una selezione delle offerte di sponsorizzazione, secondo <strong>principi di trasparenza e imparzialit\u00e0<\/strong>, per evitare ogni conflitto di interesse tra attivit\u00e0 pubblica e privata, possibili danni all\u2019immagine e alle iniziative dell\u2019Istituto ovvero qualora reputi l\u2019offerta inaccettabile per motivi di opportunit\u00e0 o contrariet\u00e0 alla legge italiana.<\/p>\n<p>L&#8217;Istituto si riserva la possibilit\u00e0 di pubblicare a continuazione avvisi pubblici per la ricerca di sponsor per eventi specifici, per i quali potr\u00e0 consentire la presenza di pi\u00f9 sponsor per il finanziamento di ciascuna iniziativa.<\/p>\n","protected":false},"excerpt":{"rendered":"L&#8217;Istituto Italiano di Cultura di Bogot\u00e0, nell\u2019ambito della sua attivit\u00e0 di promozione della lingua e della cultura italiana, realizza ogni anno numerosi eventi. A tale scopo, questo Istituto intende avvalersi della sponsorizzazione da parte di soggetti pubblici o privati interessati che dietro sostegno in denaro e\/o con forniture o servizi, intendano rendere visibile la propria [&hellip;]","protected":false},"author":3,"featured_media":0,"parent":40,"menu_order":0,"comment_status":"closed","ping_status":"closed","template":"","meta":{"footnotes":""},"class_list":["post-4316","page","type-page","status-publish","hentry"],"_links":{"self":[{"href":"https:\/\/iicbogota.esteri.it\/it\/wp-json\/wp\/v2\/pages\/4316","targetHints":{"allow":["GET"]}}],"collection":[{"href":"https:\/\/iicbogota.esteri.it\/it\/wp-json\/wp\/v2\/pages"}],"about":[{"href":"https:\/\/iicbogota.esteri.it\/it\/wp-json\/wp\/v2\/types\/page"}],"author":[{"embeddable":true,"href":"https:\/\/iicbogota.esteri.it\/it\/wp-json\/wp\/v2\/users\/3"}],"replies":[{"embeddable":true,"href":"https:\/\/iicbogota.esteri.it\/it\/wp-json\/wp\/v2\/comments?post=4316"}],"version-history":[{"count":6,"href":"https:\/\/iicbogota.esteri.it\/it\/wp-json\/wp\/v2\/pages\/4316\/revisions"}],"predecessor-version":[{"id":4537,"href":"https:\/\/iicbogota.esteri.it\/it\/wp-json\/wp\/v2\/pages\/4316\/revisions\/4537"}],"up":[{"embeddable":true,"href":"https:\/\/iicbogota.esteri.it\/it\/wp-json\/wp\/v2\/pages\/40"}],"wp:attachment":[{"href":"https:\/\/iicbogota.esteri.it\/it\/wp-json\/wp\/v2\/media?parent=4316"}],"curies":[{"name":"wp","href":"https:\/\/api.w.org\/{rel}","templated":true}]}}