{"id":4006,"date":"2025-01-25T18:32:11","date_gmt":"2025-01-25T23:32:11","guid":{"rendered":"https:\/\/iicbogota.esteri.it\/?page_id=4006"},"modified":"2025-03-03T13:24:10","modified_gmt":"2025-03-03T18:24:10","slug":"netiquette","status":"publish","type":"page","link":"https:\/\/iicbogota.esteri.it\/it\/chi-siamo\/la-sede\/netiquette\/","title":{"rendered":"Netiquette"},"content":{"rendered":"<div class=\"entry-content\">\n<p>L\u2019Istituto Italiano di Cultura di Bogot\u00e0 utilizza i social media per finalit\u00e0 istituzionali, per accrescere la trasparenza e la conoscenza delle proprie attivit\u00e0: informa, comunica, ascolta e pubblica contenuti di carattere istituzionale.<\/p>\n<p>I profili ufficiali dell\u2019Istituto Italiano di Cultura di Bogot\u00e1 sono i seguenti:<\/p>\n<p><a href=\"https:\/\/www.facebook.com\/iic.bogota\/\">Facebook<\/a>;<br \/>\n<a href=\"https:\/\/www.instagram.com\/iicbogota\/\">Instagram<\/a>;<br \/>\n<a href=\"https:\/\/x.com\/IICBogota\">X (Twitter)<\/a>;<br \/>\n<a href=\"https:\/\/www.youtube.com\/@IICBogota\">Youtube;<\/a><br \/>\n<a href=\"https:\/\/www.iicbogotapodcast.com\/\">Sito web del podcast<\/a>.<\/p>\n<p>I contenuti pubblicati comprendono fotografie, video istituzionali, comunicati stampa, informazioni di servizio e notizie relative all\u2019attivit\u00e0 di questa Sede, nonch\u00e9 opportunit\u00e0 di coinvolgimento e partecipazione dei cittadini. I dati personali sono utilizzati nel rispetto della normativa destinata alla loro protezione.<\/p>\n<p>Attraverso i propri canali sociali, l\u2019Istituto Italiano di Cultura di Bogot\u00e0 pu\u00f2 condividere e rilanciare contenuti e messaggi di pubblico interesse e utilit\u00e0 pubblicate da altri utenti.<\/p>\n<p>L\u2019Istituto Italiano di Cultura di Bogot\u00e0 si impegna a gestire spazi di comunicazione e dialogo all\u2019interno dei propri profili social media chiedendo ai propri utenti il rispetto di alcune semplici regole:<\/p>\n<ul>\n<li>A tutti si chiede di esporre la propria opinione con correttezza, misura e rispetto.<\/li>\n<li>Nei social media ognuno \u00e8 responsabile dei contenuti che pubblica e delle opinioni che esprime.<\/li>\n<li>Non saranno comunque tollerati insulti, volgarit\u00e0, offese, minacce e, in generale, atteggiamenti violenti o diffamatori.<\/li>\n<li>I contenuti pubblicati devono rispettare sempre la protezione dei dati personali.<\/li>\n<li>Vanno evitati riferimenti a fatti o a dettagli privi di rilevanza pubblica e che ledano la sfera personale di terzi.<\/li>\n<li>L\u2019interesse degli argomenti rispetto alle attivit\u00e0 di questa Sede \u00e8 un requisito essenziale: non \u00e8 possibile in alcun modo utilizzare questi spazi per scopi diversi da quelli istituzionali.<\/li>\n<li>Ogni discussione \u00e8 legata a un tema specifico: a tutti i partecipanti \u00e8 richiesto di rispettarlo, evitando di allargare il confronto in modo generico e indiscriminato.<\/li>\n<li>Non sar\u00e0 tollerata alcuna forma di pubblicit\u00e0, spam o promozione di interessi privati o di attivit\u00e0 illegali.<\/li>\n<li>Non sono ammessi contenuti che violino il diritto d\u2019autore n\u00e9 l\u2019utilizzo non autorizzato di marchi registrati.<\/li>\n<\/ul>\n<p>In ogni caso, ove il canale sociale lo permetta, saranno rimossi dallo staff tutti i post, i commenti o i materiali audio\/video che:<\/p>\n<ul>\n<li>presentano un linguaggio inappropriato e\/o un tono minaccioso, violento, volgare o irrispettoso;<\/li>\n<li>presentano contenuti illeciti o di incitamento a compiere attivit\u00e0 illecite;<\/li>\n<li>hanno contenuti offensivi, ingannevoli, allarmistici, o in violazione di diritti di terzi;<\/li>\n<li>divulgano dati e informazioni personali o che possono cagionare danni o ledere la reputazione di terzi;<\/li>\n<li>presentano contenuti a contenuto osceno, pornografico o pedopornografico, o tale da offendere la sensibilit\u00e0 degli utenti;<\/li>\n<li>hanno un contenuto discriminatorio per genere, razza, etnia, lingua, credo religioso, opinioni politiche, orientamento sessuale, et\u00e0, condizioni personali e sociali;<\/li>\n<li>promuovono o sostengono attivit\u00e0 illegali, che violano il copyright o che utilizzano in modo improprio un marchio registrato.<\/li>\n<li>Per chi dovesse violare ripetutamente queste condizioni o quelle contenute nelle policy degli strumenti adottati, il Consolato Generale si riserva il diritto di usare il ban o il blocco (ove possibile dopo un primo avvertimento) per impedire ulteriori interventi, e di segnalare l\u2019utente ai responsabili della piattaforma ed eventualmente alle Forze dell\u2019Ordine.<\/li>\n<\/ul>\n<p>I canali sociali dell\u2019Istituto Italiano di Cultura di Bogot\u00e0 non sostituiscono i canali di accesso del pubblico ai servizi di informazione e assistenza resi dall&#8217;Ambasciata d&#8217;Italia di Bogot\u00e0 e dall\u2019Amministrazione, in particolare dal MAECI (<a href=\"http:\/\/www.esteri.it\">http:\/\/www.esteri.it<\/a>), dall\u2019Ufficio Relazioni con il Pubblico (<a href=\"http:\/\/www.esteri.it\/mae\/it\/ministero\/servizi\/sportello_info\/\">http:\/\/www.esteri.it\/mae\/it\/ministero\/servizi\/sportello_info\/<\/a>) e dalla Sala Operativa dell\u2019Unit\u00e0 di Crisi (<a href=\"http:\/\/www.esteri.it\/mae\/it\/ministero\/servizi\/unita_crisi\/\">http:\/\/www.esteri.it\/mae\/it\/ministero\/servizi\/unita_crisi\/<\/a>).<\/p>\n<\/div>\n","protected":false},"excerpt":{"rendered":"L\u2019Istituto Italiano di Cultura di Bogot\u00e0 utilizza i social media per finalit\u00e0 istituzionali, per accrescere la trasparenza e la conoscenza delle proprie attivit\u00e0: informa, comunica, ascolta e pubblica contenuti di carattere istituzionale. I profili ufficiali dell\u2019Istituto Italiano di Cultura di Bogot\u00e1 sono i seguenti: Facebook; Instagram; X (Twitter); Youtube; Sito web del podcast. I contenuti [&hellip;]","protected":false},"author":3,"featured_media":0,"parent":40,"menu_order":0,"comment_status":"closed","ping_status":"closed","template":"","meta":{"footnotes":""},"class_list":["post-4006","page","type-page","status-publish","hentry"],"_links":{"self":[{"href":"https:\/\/iicbogota.esteri.it\/it\/wp-json\/wp\/v2\/pages\/4006","targetHints":{"allow":["GET"]}}],"collection":[{"href":"https:\/\/iicbogota.esteri.it\/it\/wp-json\/wp\/v2\/pages"}],"about":[{"href":"https:\/\/iicbogota.esteri.it\/it\/wp-json\/wp\/v2\/types\/page"}],"author":[{"embeddable":true,"href":"https:\/\/iicbogota.esteri.it\/it\/wp-json\/wp\/v2\/users\/3"}],"replies":[{"embeddable":true,"href":"https:\/\/iicbogota.esteri.it\/it\/wp-json\/wp\/v2\/comments?post=4006"}],"version-history":[{"count":2,"href":"https:\/\/iicbogota.esteri.it\/it\/wp-json\/wp\/v2\/pages\/4006\/revisions"}],"predecessor-version":[{"id":4042,"href":"https:\/\/iicbogota.esteri.it\/it\/wp-json\/wp\/v2\/pages\/4006\/revisions\/4042"}],"up":[{"embeddable":true,"href":"https:\/\/iicbogota.esteri.it\/it\/wp-json\/wp\/v2\/pages\/40"}],"wp:attachment":[{"href":"https:\/\/iicbogota.esteri.it\/it\/wp-json\/wp\/v2\/media?parent=4006"}],"curies":[{"name":"wp","href":"https:\/\/api.w.org\/{rel}","templated":true}]}}