{"id":40,"date":"2023-04-03T20:55:02","date_gmt":"2023-04-03T18:55:02","guid":{"rendered":"https:\/\/istitutobuenosaires.esteri.it\/?page_id=40"},"modified":"2026-01-14T09:49:19","modified_gmt":"2026-01-14T14:49:19","slug":"la-sede","status":"publish","type":"page","link":"https:\/\/iicbogota.esteri.it\/it\/chi-siamo\/la-sede\/","title":{"rendered":"La Sede"},"content":{"rendered":"<p>L&#8217;Istituto Italiano di Cultura di Bogot\u00e0 si trova nella <strong>Cl. 35 No. 15-32<\/strong>, nella localit\u00e0 di Teusaquillo (quartiere La Magdalena).<\/p>\n<p>Per raggiungere l&#8217;Istituto Italiano di Cultura potrai prendere il <strong>Transmilenio<\/strong> fino alla fermata di Calle 34 (ex Profamilia) o l&#8217;autobus Sitp fino alle fermate: AC 34 &#8211; Kr 16 o Kr 17 &#8211; Cl 34.<\/p>\n<p>L&#8217;orario di attenzione dell&#8217;Istituto per l&#8217;anno 2026 \u00e8 da luned\u00ec a venerd\u00ec dalle 9:00 alle 12:00 e dalle 14:00 alle 16:00, solo durante la settimana di iscrizioni.<\/p>\n<p>&nbsp;<\/p>\n<p><strong>Cambio del percorso per raggiungere l&#8217;IIC in vista dei lavori per la Metro di Bogot\u00e1:<\/strong><br \/>\nSi suggerisce di usare le stazioni Calle 34 Temporal e Calle 45.<\/p>\n","protected":false},"excerpt":{"rendered":"L&#8217;Istituto Italiano di Cultura di Bogot\u00e0 si trova nella Cl. 35 No. 15-32, nella localit\u00e0 di Teusaquillo (quartiere La Magdalena). Per raggiungere l&#8217;Istituto Italiano di Cultura potrai prendere il Transmilenio fino alla fermata di Calle 34 (ex Profamilia) o l&#8217;autobus Sitp fino alle fermate: AC 34 &#8211; Kr 16 o Kr 17 &#8211; Cl 34. [&hellip;]","protected":false},"author":1,"featured_media":0,"parent":15,"menu_order":2,"comment_status":"closed","ping_status":"closed","template":"","meta":{"footnotes":""},"class_list":["post-40","page","type-page","status-publish","hentry"],"_links":{"self":[{"href":"https:\/\/iicbogota.esteri.it\/it\/wp-json\/wp\/v2\/pages\/40","targetHints":{"allow":["GET"]}}],"collection":[{"href":"https:\/\/iicbogota.esteri.it\/it\/wp-json\/wp\/v2\/pages"}],"about":[{"href":"https:\/\/iicbogota.esteri.it\/it\/wp-json\/wp\/v2\/types\/page"}],"author":[{"embeddable":true,"href":"https:\/\/iicbogota.esteri.it\/it\/wp-json\/wp\/v2\/users\/1"}],"replies":[{"embeddable":true,"href":"https:\/\/iicbogota.esteri.it\/it\/wp-json\/wp\/v2\/comments?post=40"}],"version-history":[{"count":6,"href":"https:\/\/iicbogota.esteri.it\/it\/wp-json\/wp\/v2\/pages\/40\/revisions"}],"predecessor-version":[{"id":6122,"href":"https:\/\/iicbogota.esteri.it\/it\/wp-json\/wp\/v2\/pages\/40\/revisions\/6122"}],"up":[{"embeddable":true,"href":"https:\/\/iicbogota.esteri.it\/it\/wp-json\/wp\/v2\/pages\/15"}],"wp:attachment":[{"href":"https:\/\/iicbogota.esteri.it\/it\/wp-json\/wp\/v2\/media?parent=40"}],"curies":[{"name":"wp","href":"https:\/\/api.w.org\/{rel}","templated":true}]}}