{"id":39,"date":"2023-04-03T20:54:50","date_gmt":"2023-04-03T18:54:50","guid":{"rendered":"https:\/\/istitutobuenosaires.esteri.it\/?page_id=39"},"modified":"2026-01-14T09:41:48","modified_gmt":"2026-01-14T14:41:48","slug":"il-personale","status":"publish","type":"page","link":"https:\/\/iicbogota.esteri.it\/it\/chi-siamo\/il-personale\/","title":{"rendered":"Il personale"},"content":{"rendered":"<p>&nbsp;<\/p>\n<table style=\"height: 1556px;\" width=\"461\">\n<tbody>\n<tr>\n<td width=\"294\">\n<p style=\"text-align: center;\"><strong><em>Direttore<\/em><\/strong><\/p>\n<p style=\"text-align: center;\"><a href=\"mailto:direzione.iicbogota@esteri.it\">direzione.iicbogota@esteri.it<\/a><\/p>\n<\/td>\n<td width=\"294\">\n<p style=\"text-align: center;\">\n<\/td>\n<\/tr>\n<tr>\n<td width=\"294\">\n<p style=\"text-align: center;\"><strong><em>Segreteria di Direzione<br \/>\n<\/em><\/strong>Ana Mar\u00eda Rodr\u00edguez<\/p>\n<p style=\"text-align: center;\"><a href=\"mailto:segreteria.iicbogota@esteri.it\">segreteria.iicbogota@esteri.it<\/a><\/p>\n<\/td>\n<td style=\"text-align: center;\" width=\"294\"><\/td>\n<\/tr>\n<tr>\n<td width=\"294\">\n<p style=\"text-align: center;\"><strong><em>Ufficio amministrativo e contabilit\u00e0<\/em><\/strong><\/p>\n<p style=\"text-align: center;\">Fallon Cristina Howard<\/p>\n<p style=\"text-align: center;\"><a href=\"mailto:amministrazione.iicbogota@esteri.it\">amministrazione.iicbogota@esteri.it<\/a><\/p>\n<\/td>\n<td width=\"294\">\n<p style=\"text-align: center;\"><img loading=\"lazy\" decoding=\"async\" class=\"wp-image-1418 img-fluid alignleft\" src=\"https:\/\/iicbogota.esteri.it\/wp-content\/uploads\/2023\/10\/Fallon.png\" alt=\"\" width=\"193\" height=\"243\" srcset=\"https:\/\/iicbogota.esteri.it\/wp-content\/uploads\/2023\/10\/Fallon.png 1122w, https:\/\/iicbogota.esteri.it\/wp-content\/uploads\/2023\/10\/Fallon-238x300.png 238w, https:\/\/iicbogota.esteri.it\/wp-content\/uploads\/2023\/10\/Fallon-811x1024.png 811w, https:\/\/iicbogota.esteri.it\/wp-content\/uploads\/2023\/10\/Fallon-768x970.png 768w\" sizes=\"auto, (max-width: 193px) 100vw, 193px\" \/><\/p>\n<\/td>\n<\/tr>\n<tr>\n<td width=\"294\">\n<p style=\"text-align: center;\"><strong><em>Ufficio borse e studi in Italia<\/em><\/strong><\/p>\n<p style=\"text-align: center;\">Pietro Tuscano<\/p>\n<p style=\"text-align: center;\"><a href=\"mailto:estudios.iicbogota@esteri.it\">estudios.iicbogota@esteri.it<\/a><\/p>\n<p>&nbsp;<\/td>\n<td width=\"294\">\n<p style=\"text-align: center;\"><img loading=\"lazy\" decoding=\"async\" class=\"aligncenter wp-image-4350 img-fluid\" src=\"https:\/\/iicbogota.esteri.it\/wp-content\/uploads\/2025\/02\/PT.jpg\" alt=\"\" width=\"177\" height=\"210\" srcset=\"https:\/\/iicbogota.esteri.it\/wp-content\/uploads\/2025\/02\/PT.jpg 664w, https:\/\/iicbogota.esteri.it\/wp-content\/uploads\/2025\/02\/PT-253x300.jpg 253w\" sizes=\"auto, (max-width: 177px) 100vw, 177px\" \/><\/p>\n<\/td>\n<\/tr>\n<tr>\n<td width=\"294\">\n<p style=\"text-align: center;\"><em><strong>Oficina Eventos Culturales y Oficina de Prensa<\/p>\n<p><\/strong><\/em>Daniela Reina Cervera<\/p>\n<p style=\"text-align: center;\"><a href=\"mailto:eventos.iicbogota@esteri.it\">eventos.iicbogota@esteri.it\u00a0<\/a><\/p>\n<p>&nbsp;<\/td>\n<td style=\"text-align: center;\" width=\"294\"><\/td>\n<\/tr>\n<tr>\n<td colspan=\"2\" width=\"589\">\n<p style=\"text-align: center;\"><em><strong>Oficina de Cursos<\/strong><\/em><\/p>\n<p style=\"text-align: center;\">Gloria Brenna<br \/>\nEduardo Sastoque<br \/>\nVito Ottati<br \/>\nAdriano Pozzobon<\/p>\n<p style=\"text-align: center;\"><a href=\"mailto:corsi.iicbogota@esteri.it\">corsi.iicbogota@esteri.it<\/a><\/p>\n<\/td>\n<\/tr>\n<\/tbody>\n<\/table>\n","protected":false},"excerpt":{"rendered":"&nbsp; Direttore direzione.iicbogota@esteri.it Segreteria di Direzione Ana Mar\u00eda Rodr\u00edguez segreteria.iicbogota@esteri.it Ufficio amministrativo e contabilit\u00e0 Fallon Cristina Howard amministrazione.iicbogota@esteri.it Ufficio borse e studi in Italia Pietro Tuscano estudios.iicbogota@esteri.it &nbsp; Oficina Eventos Culturales y Oficina de Prensa Daniela Reina Cervera eventos.iicbogota@esteri.it\u00a0 &nbsp; Oficina de Cursos Gloria Brenna Eduardo Sastoque Vito Ottati Adriano Pozzobon corsi.iicbogota@esteri.it","protected":false},"author":1,"featured_media":0,"parent":15,"menu_order":0,"comment_status":"closed","ping_status":"closed","template":"","meta":{"footnotes":""},"class_list":["post-39","page","type-page","status-publish","hentry"],"_links":{"self":[{"href":"https:\/\/iicbogota.esteri.it\/it\/wp-json\/wp\/v2\/pages\/39","targetHints":{"allow":["GET"]}}],"collection":[{"href":"https:\/\/iicbogota.esteri.it\/it\/wp-json\/wp\/v2\/pages"}],"about":[{"href":"https:\/\/iicbogota.esteri.it\/it\/wp-json\/wp\/v2\/types\/page"}],"author":[{"embeddable":true,"href":"https:\/\/iicbogota.esteri.it\/it\/wp-json\/wp\/v2\/users\/1"}],"replies":[{"embeddable":true,"href":"https:\/\/iicbogota.esteri.it\/it\/wp-json\/wp\/v2\/comments?post=39"}],"version-history":[{"count":7,"href":"https:\/\/iicbogota.esteri.it\/it\/wp-json\/wp\/v2\/pages\/39\/revisions"}],"predecessor-version":[{"id":6113,"href":"https:\/\/iicbogota.esteri.it\/it\/wp-json\/wp\/v2\/pages\/39\/revisions\/6113"}],"up":[{"embeddable":true,"href":"https:\/\/iicbogota.esteri.it\/it\/wp-json\/wp\/v2\/pages\/15"}],"wp:attachment":[{"href":"https:\/\/iicbogota.esteri.it\/it\/wp-json\/wp\/v2\/media?parent=39"}],"curies":[{"name":"wp","href":"https:\/\/api.w.org\/{rel}","templated":true}]}}