{"id":247,"date":"2023-08-25T18:07:30","date_gmt":"2023-08-25T23:07:30","guid":{"rendered":"https:\/\/iicbogota.esteri.it\/?page_id=247"},"modified":"2025-01-21T11:34:27","modified_gmt":"2025-01-21T16:34:27","slug":"catalogo-online","status":"publish","type":"page","link":"https:\/\/iicbogota.esteri.it\/it\/lingua-e-cultura\/biblioteca\/catalogo-online\/","title":{"rendered":"OPAC &#8211; Catalogo online"},"content":{"rendered":"<p><strong>ATTENZIONE: La biblioteca dell&#8217;IIC \u00e8 chiusa e per tanto non sar\u00e0 possibile richiedere libri in prestito.<\/strong><\/p>\n<p>La Biblioteca dell&#8217;Istituto Italiano di Cultura di Bogot\u00e0 dispone di un <strong>CATALOGO ON-LINE<\/strong> dove l&#8217;utente potr\u00e0 realizzare le seguenti operazioni:<\/p>\n<ul>\n<li>fare ricerche semplici o avanzate (ad es. per titolo o per autore) sull&#8217;intero patrimonio o nella sola sezione relativa al materiale non librario (video, Cd, Dvd, ecc.) denominata &#8216;mediateca&#8217;<\/li>\n<li>prendere visione delle nuove acquisizioni<\/li>\n<li>compilare liste bibliografiche ed inviarle per posta elettronica a diversi destinatari<\/li>\n<li>proporre nuovi acquisti<\/li>\n<li>ottenere informazioni e dati statistici sulla biblioteca<\/li>\n<li>accedere alle risorse virtuali di lingua, letteratura e cultura italiana disponibili su internet<\/li>\n<\/ul>\n<p>&nbsp;<\/p>\n<p><strong>SERVIZI<\/strong><\/p>\n<p>Consultazione in Sala.<\/p>\n","protected":false},"excerpt":{"rendered":"ATTENZIONE: La biblioteca dell&#8217;IIC \u00e8 chiusa e per tanto non sar\u00e0 possibile richiedere libri in prestito. La Biblioteca dell&#8217;Istituto Italiano di Cultura di Bogot\u00e0 dispone di un CATALOGO ON-LINE dove l&#8217;utente potr\u00e0 realizzare le seguenti operazioni: fare ricerche semplici o avanzate (ad es. per titolo o per autore) sull&#8217;intero patrimonio o nella sola sezione relativa [&hellip;]","protected":false},"author":3,"featured_media":0,"parent":46,"menu_order":1,"comment_status":"closed","ping_status":"closed","template":"","meta":{"footnotes":""},"class_list":["post-247","page","type-page","status-publish","hentry"],"_links":{"self":[{"href":"https:\/\/iicbogota.esteri.it\/it\/wp-json\/wp\/v2\/pages\/247","targetHints":{"allow":["GET"]}}],"collection":[{"href":"https:\/\/iicbogota.esteri.it\/it\/wp-json\/wp\/v2\/pages"}],"about":[{"href":"https:\/\/iicbogota.esteri.it\/it\/wp-json\/wp\/v2\/types\/page"}],"author":[{"embeddable":true,"href":"https:\/\/iicbogota.esteri.it\/it\/wp-json\/wp\/v2\/users\/3"}],"replies":[{"embeddable":true,"href":"https:\/\/iicbogota.esteri.it\/it\/wp-json\/wp\/v2\/comments?post=247"}],"version-history":[{"count":5,"href":"https:\/\/iicbogota.esteri.it\/it\/wp-json\/wp\/v2\/pages\/247\/revisions"}],"predecessor-version":[{"id":3956,"href":"https:\/\/iicbogota.esteri.it\/it\/wp-json\/wp\/v2\/pages\/247\/revisions\/3956"}],"up":[{"embeddable":true,"href":"https:\/\/iicbogota.esteri.it\/it\/wp-json\/wp\/v2\/pages\/46"}],"wp:attachment":[{"href":"https:\/\/iicbogota.esteri.it\/it\/wp-json\/wp\/v2\/media?parent=247"}],"curies":[{"name":"wp","href":"https:\/\/api.w.org\/{rel}","templated":true}]}}