{"id":206,"date":"2023-08-03T11:32:09","date_gmt":"2023-08-03T16:32:09","guid":{"rendered":"https:\/\/iicbogota.esteri.it\/?page_id=206"},"modified":"2026-01-19T09:42:46","modified_gmt":"2026-01-19T14:42:46","slug":"metodi-e-livelli","status":"publish","type":"page","link":"https:\/\/iicbogota.esteri.it\/it\/lingua-e-cultura\/i-corsi-di-lingua\/metodi-e-livelli\/","title":{"rendered":"Metodo, orario e livelli"},"content":{"rendered":"<p>L\u2019Istituto Italiano di Cultura offre corsi di italiano basati sui livelli indicati nel <a href=\"https:\/\/europa.eu\/europass\/it\/common-european-framework-reference-language-skills\"><strong>Quadro comune europeo di riferimento per la conoscenza delle lingue<\/strong> <\/a>(QCER): basico (A1 o A2), indipendente (B1 o B2), avanzato (C1 o C2).<\/p>\n<p>Le lezioni hanno una durata di 60 ore sia per i corsi intensivi che per i corsi semi-intensivi. Le lezioni sono presenziali o virtuali (con il professore sempre collegato in diretta per garantire l&#8217;interazione costante con gli studenti).<\/p>\n<p>Le lezioni presenziali si dettano presso la sede dell\u2019Istituto Italiano di Cultura di Bogot\u00e0 e le lezioni virtuali sono offerte attraverso la piattaforma \u201c<em>Istituto Italiano di Cultura Piattaforma online<\/em>\u201d.<\/p>\n<p>L\u2019insegnamento si effettua con l\u2019ausilio del libro di testo\u00a0&#8220;<em>Dieci<\/em>&#8221; della casa editrice Alma Edizioni, inoltre sar\u00e0 proporzionato del materiale didattico complementare che verr\u00e0 consegnato agli studenti durante il corso.<\/p>\n<p><strong><u>OBIETTIVI CURRICULARI <\/u><\/strong><\/p>\n<p>\u2013 Sviluppo costante e progressivo delle competenze di comprensione, produzione e interazione, sia a livello orale che a livello scritto;<br \/>\n\u2013 Sviluppo costante e graduale dei meccanismi di acquisizione e apprendimento;<br \/>\n\u2013 Attenzione progressiva alle strategie di interazione;<br \/>\n\u2013 Consolidamento delle quattro abilit\u00e0 linguistiche principali: comprensione orale, comprensione scritta, comunicazione orale e produzione scritta;<br \/>\n\u2013 Consolidamento di nozioni storiche, artistiche e culturali sull\u2019Italia.<\/p>\n<p style=\"text-align: center;\"><span style=\"text-decoration: underline;\">Para realizar el test de nivelaci\u00f3n escribir a iicbogota@esteri.it o leer la informaci\u00f3n en la p\u00e1gina &#8220;<a href=\"https:\/\/iicbogota.esteri.it\/it\/lingua-e-cultura\/i-corsi-di-lingua\/test-de-nivel\/\">Test de nivelaci\u00f3n<\/a>&#8220;.<\/span><\/p>\n<h2 style=\"text-align: center;\"><strong><u>CALENDARIO DELLE LEZIONI PER L\u2019ANNO ACCADEMICO 2026<\/u><\/strong><\/h2>\n<p>&nbsp;<\/p>\n<h2 style=\"text-align: center;\"><u><\/u><strong><u><img loading=\"lazy\" decoding=\"async\" class=\"img-fluid aligncenter wp-image-6134 size-full\" src=\"https:\/\/iicbogota.esteri.it\/wp-content\/uploads\/2026\/01\/CALENDARIO-2026-v5-website.jpg\" alt=\"\" width=\"842\" height=\"1191\" srcset=\"https:\/\/iicbogota.esteri.it\/wp-content\/uploads\/2026\/01\/CALENDARIO-2026-v5-website.jpg 842w, https:\/\/iicbogota.esteri.it\/wp-content\/uploads\/2026\/01\/CALENDARIO-2026-v5-website-212x300.jpg 212w, https:\/\/iicbogota.esteri.it\/wp-content\/uploads\/2026\/01\/CALENDARIO-2026-v5-website-724x1024.jpg 724w, https:\/\/iicbogota.esteri.it\/wp-content\/uploads\/2026\/01\/CALENDARIO-2026-v5-website-768x1086.jpg 768w\" sizes=\"auto, (max-width: 842px) 100vw, 842px\" \/><\/u><\/strong><\/h2>\n<p>&nbsp;<\/p>\n<p>Il corso <strong>semi-intensivo<\/strong>, sia presenziale che virtuale, ha una durata di <strong>64 ore<\/strong>, con lezioni di quattro ore la mattina del sabato. Il corso semi-intensivo richiede ulteriore lavoro da parte dello studente fuori dall\u2019orario delle lezioni. Le lezioni si terranno nel seguente orario:<\/p>\n<ul>\n<li>8:00 \u2013 12:15 (con 15 minuti di pausa);<\/li>\n<\/ul>\n<p>&nbsp;<\/p>\n<p>Il<strong> corso intensivo<\/strong>, sia presenziale che virtuale, ha una durata di <strong>64 ore<\/strong>, con lezioni da luned\u00ec a venerd\u00ec due ore al giorno in diversi orari. La maggior parte del lavoro si realizza in classe con l\u2019accompagnamento del professore.<\/p>\n<p>Potrai scegliere tra questi orari:<\/p>\n<ul>\n<li>7:00 alle 9:00;<\/li>\n<li>9:15 alle 11:15;<\/li>\n<li>14:00 alle 16:00<\/li>\n<li>17:00 alle 19:00;<\/li>\n<li>18:00 alle 20:00.<\/li>\n<\/ul>\n<p>&nbsp;<\/p>\n<p>Le lezioni seguiranno il calendario ufficiale dei corsi e presenteranno delle pause in concomitanza con i giorni di vacanza colombiani. Per conoscere il calendario di chiusura degli uffici dell\u2019Istituto entra nella sezione <strong><u><a href=\"https:\/\/iicbogota.esteri.it\/it\/chi-siamo\/contatti\/\">contatti<\/a>.<\/u><\/strong><\/p>\n<p>Per coloro che volessero certificare il proprio livello di italiano, per motivi di studio in Italia o come requisito per conseguire il diploma di laurea in un\u2019universit\u00e0 colombiana, l\u2019Istituto, essendo <strong>sede<\/strong> <strong>convenzionata con le Universit\u00e0 degli Stranieri di Perugia e Siena, offre la possibilit\u00e0 di presentare gli esami di Certificazione Internazionale di Conoscenza della Lingua Italiana CELI e CILS<\/strong>. Per maggiori informazioni (calendario, iscrizioni e costi) consultare la <a href=\"https:\/\/iicbogota.esteri.it\/it\/lingua-e-cultura\/certificazioni\/\">sezione <strong>Certificazioni<\/strong>.<\/a><\/p>\n","protected":false},"excerpt":{"rendered":"L\u2019Istituto Italiano di Cultura offre corsi di italiano basati sui livelli indicati nel Quadro comune europeo di riferimento per la conoscenza delle lingue (QCER): basico (A1 o A2), indipendente (B1 o B2), avanzato (C1 o C2). Le lezioni hanno una durata di 60 ore sia per i corsi intensivi che per i corsi semi-intensivi. Le [&hellip;]","protected":false},"author":3,"featured_media":0,"parent":42,"menu_order":2,"comment_status":"closed","ping_status":"closed","template":"","meta":{"footnotes":""},"class_list":["post-206","page","type-page","status-publish","hentry"],"_links":{"self":[{"href":"https:\/\/iicbogota.esteri.it\/it\/wp-json\/wp\/v2\/pages\/206","targetHints":{"allow":["GET"]}}],"collection":[{"href":"https:\/\/iicbogota.esteri.it\/it\/wp-json\/wp\/v2\/pages"}],"about":[{"href":"https:\/\/iicbogota.esteri.it\/it\/wp-json\/wp\/v2\/types\/page"}],"author":[{"embeddable":true,"href":"https:\/\/iicbogota.esteri.it\/it\/wp-json\/wp\/v2\/users\/3"}],"replies":[{"embeddable":true,"href":"https:\/\/iicbogota.esteri.it\/it\/wp-json\/wp\/v2\/comments?post=206"}],"version-history":[{"count":7,"href":"https:\/\/iicbogota.esteri.it\/it\/wp-json\/wp\/v2\/pages\/206\/revisions"}],"predecessor-version":[{"id":6143,"href":"https:\/\/iicbogota.esteri.it\/it\/wp-json\/wp\/v2\/pages\/206\/revisions\/6143"}],"up":[{"embeddable":true,"href":"https:\/\/iicbogota.esteri.it\/it\/wp-json\/wp\/v2\/pages\/42"}],"wp:attachment":[{"href":"https:\/\/iicbogota.esteri.it\/it\/wp-json\/wp\/v2\/media?parent=206"}],"curies":[{"name":"wp","href":"https:\/\/api.w.org\/{rel}","templated":true}]}}