{"id":204,"date":"2023-08-03T11:24:56","date_gmt":"2023-08-03T16:24:56","guid":{"rendered":"https:\/\/iicbogota.esteri.it\/?page_id=204"},"modified":"2026-04-16T10:00:12","modified_gmt":"2026-04-16T15:00:12","slug":"modalita-di-iscrizione","status":"publish","type":"page","link":"https:\/\/iicbogota.esteri.it\/it\/lingua-e-cultura\/i-corsi-di-lingua\/modalita-di-iscrizione\/","title":{"rendered":"Modalit\u00e0 di iscrizione e calendario"},"content":{"rendered":"<p><strong>TARIFFA DEL CORSO<br \/>\n<\/strong><\/p>\n<p>La tariffa per i corsi di italiano dell&#8217;Istituto Italiano di Cultura di Bogot\u00e0 per l&#8217;anno 2026 \u00e8 di <strong>1.250.000 COP<\/strong> con il materiale didattico incluso. Ti ricordiamo che i corsi virtuali includono un libro digitale, mentre i corsi presenziali avranno un manuale fisico.<\/p>\n<p><strong><span style=\"text-decoration: underline;\">Il costo del corso corrisponde a un livello di italiano.<br \/>\n<\/span><\/strong><\/p>\n<p>Per conoscere la nostra offerta didattica entra nella sezione <strong><u><a href=\"https:\/\/iicbogota.esteri.it\/it\/lingua-e-cultura\/i-corsi-di-lingua\/metodi-e-livelli\/\">Metodi e Livelli<\/a>.<\/u><\/strong><\/p>\n<p>Per conoscere il calendario dei corsi, i nostri professori e il materiale didattico entra nella sezione<strong><u><a href=\"https:\/\/iicbogota.esteri.it\/it\/lingua-e-cultura\/i-corsi-di-lingua\/docenti-e-testi\/\"> Docenti e Testi<\/a>.<\/u><\/strong><\/p>\n<p><strong>SCONTI<\/strong><\/p>\n<p>L\u2019Istituto Italiano di Cultura concede sconti sul pagamento di un corso a persone provenienti da istituzioni con le quali esiste una convenzione vigente. Per usufruire dello sconto dovrai dimostrare, al momento dell&#8217;iscrizione, di essere uno studente attivo delle entit\u00e0 convenzionate inviando a corsi.iicbogota@esteri.it un certificato o una ricevuta di pagamento che lo dimostri.<\/p>\n<p>Gli sconti stabiliti per l&#8217;anno 2025 sono i seguenti:<\/p>\n<ul>\n<li style=\"list-style-type: none;\">\n<ul>\n<li>Studenti attivi della Red de Centros Binacionales (IBRACO, Goethe Institut, British Council, Educaci\u00f2n Colombo-Japonesa, Colombo-Americano): 20% di sconto. Per maggiori informazioni entra nel sito della <strong><a href=\"https:\/\/www.redcentrosbinacionales.org\/convenios\/\">Red de Centros Binacionales<\/a><\/strong>;<\/li>\n<li>Studenti attivi delle Univesit\u00e0 Universidad Jorge Tadeo Lozano, Universidad Nacional de Colombia, Universidad de La Salle: 20% di sconto;<\/li>\n<li>Studenti attivi dell&#8217;Universit\u00e0 Sergio Arboleda: 10% di sconto;<\/li>\n<li>Dipendenti Technip Group (Ex-TIPIEL): 20% di sconto;<\/li>\n<\/ul>\n<\/li>\n<\/ul>\n<p><strong>\u00a0<\/strong><\/p>\n<p style=\"text-align: center;\"><strong>CALENDARIO DELLE ISCRIZIONI PER IL 2026:<\/p>\n<p><\/strong><\/p>\n<p style=\"text-align: center;\">Per iniziare il processo di iscrizione dovrai realizzare la pre-iscrizione attraverso il seguente link.<br \/>\nTi contatteremo con l&#8217;informazione per proseguire con il pagamento del corso.<\/p>\n<p style=\"text-align: center;\"><a href=\"https:\/\/forms.office.com\/r\/LDyd358sCv\"><strong>Entra nel link per realizzare la pre-iscrizione ai nostri corsi INTENSIVI\u00a0<\/strong><\/a><\/p>\n<div class=\"entry-content\">\n<p style=\"text-align: center;\"><img loading=\"lazy\" decoding=\"async\" class=\"img-fluid aligncenter wp-image-6134 size-full\" src=\"https:\/\/iicbogota.esteri.it\/wp-content\/uploads\/2026\/01\/CALENDARIO-2026-v5-website.jpg\" alt=\"\" width=\"842\" height=\"1191\" srcset=\"https:\/\/iicbogota.esteri.it\/wp-content\/uploads\/2026\/01\/CALENDARIO-2026-v5-website.jpg 842w, https:\/\/iicbogota.esteri.it\/wp-content\/uploads\/2026\/01\/CALENDARIO-2026-v5-website-212x300.jpg 212w, https:\/\/iicbogota.esteri.it\/wp-content\/uploads\/2026\/01\/CALENDARIO-2026-v5-website-724x1024.jpg 724w, https:\/\/iicbogota.esteri.it\/wp-content\/uploads\/2026\/01\/CALENDARIO-2026-v5-website-768x1086.jpg 768w\" sizes=\"auto, (max-width: 842px) 100vw, 842px\" \/><\/p>\n<\/div>\n<p><strong><em>PASSO A PASSO PER L&#8217;ISCRIZIONE AI CORSI:<\/em><\/strong><\/p>\n<p>1. Scegli il tuo corso:<\/p>\n<ul>\n<li>Semi &#8211; Intensivo (sabato) da 8:00 a 12:15 con 15 minuti di pausa;<\/li>\n<li>Intensivo (da luned\u00ec a venerd\u00ec) nei seguienti orari\n<ul>\n<li>dalle 7:00 alle 9:00<\/li>\n<li>dalle 9:15 alle 11:15<\/li>\n<li>dalle 14:00 alle 16:00<\/li>\n<li>dalle 17:00 alle 19:00<\/li>\n<li>dalle 18:00 alle 20:00<\/li>\n<\/ul>\n<\/li>\n<\/ul>\n<ul>\n<li style=\"list-style-type: none;\"><\/li>\n<li>Offerta di laboratori: <a href=\"https:\/\/iicbogota.esteri.it\/it\/lingua-e-cultura\/i-corsi-di-lingua\/corsi-estivi\/\"><strong>corsi estivi<\/strong><\/a>.<\/li>\n<\/ul>\n<p><strong><u><a href=\"https:\/\/forms.office.com\/r\/LDyd358sCv\">2. Compila il modulo di pre-iscrizione<\/a>;<br \/>\n<\/u><\/strong><\/p>\n<p>3. Realizza il pagamento accedendo al <em>link de pago<\/em> (PSE, Nequi, Daviplata e carte di credito\/debito) che ti invieremo in risposta o recandoti presso gli uffici dell\u2019Istituto Italiano di Cultura (Cl. 35 No. 15-32), dove potrai pagare in contanti o con il bancomat;<\/p>\n<h6><em><u>Solo per i corsi virtuali:<\/u><\/em><\/h6>\n<p>Ti ricordiamo che potrai accedere alla piattaforma online al seguente link <strong><a href=\"https:\/\/learning.iicbogota.co\/\">learning.iicbogota.co<\/a>.<br \/>\n<\/strong><br \/>\nSe sei un nuovo studente riceverai le tue credenziali prima della data d&#8217;inizio del corso all&#8217;indirizzo mail che hai indicato al momento dell&#8217;iscrizione. <strong>IMPORTANTE:<\/strong> se hai gi\u00e0 frequentato un corso virtuale, le tue credenziali continueranno ad essere le medesime precedentemente ricevute. Nel caso in cui avessi smarrito i dati d&#8217;ingresso, potrai provare a recuperare la password al seguente link <a href=\"https:\/\/learning.iicbogota.co\/login\/forgot_password.php\">https:\/\/learning.iicbogota.co\/login\/forgot_password.php<\/a><\/p>\n<p>&nbsp;<\/p>\n<p><strong><span style=\"text-decoration: underline;\"><span>ORARIO DI ATTENZIONE AL PUBBLICO: <\/span><span style=\"color: #ff0000; text-decoration: underline;\"><br \/>\n<\/span><\/span><\/strong>Per comunicare con l&#8217;Ufficio Corsi\u00a0 dovrai <span style=\"text-decoration: underline;\"><strong>prendere appuntamento inviando una mail a corsi.iicbogota@esteri.it<\/strong><\/span>.<br \/>\n<strong><span style=\"text-decoration: underline;\"><span style=\"color: #ff0000; text-decoration: underline;\">SOLO durante le settimane di iscrizione l&#8217;Ufficio Corsi \u00e8 aperto al pubblico dalle 9:00 alle 12:00 e dalle 14:00 alle 16:00 da luned\u00ec a venerd\u00ec<\/span><\/span><\/strong> &#8211; le settimane di iscrizione sono quelle evidenziate in giallo nel calendario dei corsi che trovi qui sopra.<\/p>\n<p><u>Per conoscere i giorni di chiusura dell&#8217;Istituto Italiano di Cultura entra nella sezione <\/u><strong><u><a href=\"https:\/\/iicbogota.esteri.it\/it\/chi-siamo\/contatti\/\">contatti<\/a><\/u><\/strong><u>.<\/u><strong><u><br \/>\n<\/u><\/strong><\/p>\n<p>&nbsp;<\/p>\n<p>In caso di dubbi o inconvenienti \u00e8 possibile scrivere a <a href=\"mailto:corsi.iicbogota@esteri.it\">corsi.iicbogota@esteri.it<\/a>.<\/p>\n<p>&nbsp;<\/p>\n","protected":false},"excerpt":{"rendered":"TARIFFA DEL CORSO La tariffa per i corsi di italiano dell&#8217;Istituto Italiano di Cultura di Bogot\u00e0 per l&#8217;anno 2026 \u00e8 di 1.250.000 COP con il materiale didattico incluso. Ti ricordiamo che i corsi virtuali includono un libro digitale, mentre i corsi presenziali avranno un manuale fisico. Il costo del corso corrisponde a un livello di [&hellip;]","protected":false},"author":3,"featured_media":0,"parent":42,"menu_order":1,"comment_status":"closed","ping_status":"closed","template":"","meta":{"footnotes":""},"class_list":["post-204","page","type-page","status-publish","hentry"],"_links":{"self":[{"href":"https:\/\/iicbogota.esteri.it\/it\/wp-json\/wp\/v2\/pages\/204","targetHints":{"allow":["GET"]}}],"collection":[{"href":"https:\/\/iicbogota.esteri.it\/it\/wp-json\/wp\/v2\/pages"}],"about":[{"href":"https:\/\/iicbogota.esteri.it\/it\/wp-json\/wp\/v2\/types\/page"}],"author":[{"embeddable":true,"href":"https:\/\/iicbogota.esteri.it\/it\/wp-json\/wp\/v2\/users\/3"}],"replies":[{"embeddable":true,"href":"https:\/\/iicbogota.esteri.it\/it\/wp-json\/wp\/v2\/comments?post=204"}],"version-history":[{"count":7,"href":"https:\/\/iicbogota.esteri.it\/it\/wp-json\/wp\/v2\/pages\/204\/revisions"}],"predecessor-version":[{"id":6517,"href":"https:\/\/iicbogota.esteri.it\/it\/wp-json\/wp\/v2\/pages\/204\/revisions\/6517"}],"up":[{"embeddable":true,"href":"https:\/\/iicbogota.esteri.it\/it\/wp-json\/wp\/v2\/pages\/42"}],"wp:attachment":[{"href":"https:\/\/iicbogota.esteri.it\/it\/wp-json\/wp\/v2\/media?parent=204"}],"curies":[{"name":"wp","href":"https:\/\/api.w.org\/{rel}","templated":true}]}}