{"id":15,"date":"2023-04-03T20:29:59","date_gmt":"2023-04-03T18:29:59","guid":{"rendered":"https:\/\/istitutobuenosaires.esteri.it\/?page_id=15"},"modified":"2025-09-30T15:50:06","modified_gmt":"2025-09-30T20:50:06","slug":"chi-siamo","status":"publish","type":"page","link":"https:\/\/iicbogota.esteri.it\/it\/chi-siamo\/","title":{"rendered":"Chi siamo"},"content":{"rendered":"<div>\n<p style=\"text-align: justify;\">L&#8217;<strong>Istituto Italiano di Cultura di Bogot\u00e0<\/strong> \u00e8 un organismo ufficiale del Ministero degli Affari Esteri e della Cooperazione Internazionale (MAECI) italiano e opera come <strong>Ufficio Culturale dell\u2019Ambasciata d\u2019Italia a Bogot\u00e0<\/strong>. Ha come obiettivo quello di promuovere e di diffondere la lingua e la cultura italiana in Colombia attraverso l&#8217;organizzazione di <strong>iniziative culturali<\/strong> che abbiano per tema l&#8217;Italia, la sua vita culturale, artistica e scientifica; inoltre organizza <strong>corsi di lingua<\/strong> impartiti da insegnanti qualificati e di lingua madre italiana.<\/p>\n<p style=\"text-align: justify;\">Inoltre, l&#8217;Istituto propone due sessioni annuali di esami per ottenere la <strong>certificazione di conoscenza della lingua italiana come lingua straniera<\/strong> (esami <strong>CILS<\/strong>).<\/p>\n<p>L&#8217;Istituto Italiano di Cultura di Bogot\u00e0 accoglie una <strong>Biblioteca<\/strong> con circa 13 mila volumi consultabili nella Sala di Lettura, nella quale si trova anche la collezione donata da Bruno d&#8217;Amore e Martha Isabel Fati\u00f1o Pinilla.<\/p>\n<p>L&#8217;intera collezione dell&#8217;Istituto italiano di cultura di Bogot\u00e0, che comprende anche una <strong>Biblioteca Digitale<\/strong>, con circa trenta mila libri ad accesso gratuito.<\/p>\n<p>&nbsp;<\/p>\n<p><span style=\"text-decoration: underline;\"><strong>Altri Servizi<\/strong><\/span><\/p>\n<p>L&#8217;Istituto Italiano di Cultura di Bogot\u00e0 offre al pubblico anche i seguenti servizi:<\/p>\n<ul style=\"text-align: justify;\">\n<li>Gestione delle domande di <strong>borse di studio<\/strong> offerte dal Governo Italiano a cittadini colombiani e AIRE (Anagrafe degli Italiani Residenti all&#8217;Estero);<\/li>\n<li>Gestione delle domande per <strong>Dichiarazione di Valore<\/strong> per coloro che vogliono studiare in Italia;<\/li>\n<li>\u00c8 sede degli esami ICON (Corso di Laurea Telematico in Lingua e Cultura Italiana per Stranieri);<\/li>\n<\/ul>\n<p>&nbsp;<\/p>\n<p>Maggiori informazioni sulla missione istituzionale degli <strong>Istituto Italiani di Cultura nel mondo<\/strong> sono reperibili nel sito internet del <a href=\"https:\/\/www.esteri.it\/it\/diplomazia-culturale-e-diplomazia-scientifica\/cultura\/reteiic\/\"><strong>Ministero degli Affari Esteri e della Cooperazione Internazionale<\/strong><\/a><strong>,<\/strong> nella sezione dedicata alla normativa in materia.<\/p>\n<\/div>\n<p>L&#8217;Istituto Italiano di Cultura di Bogot\u00e0 si avvale della collaborazione di istituzioni artistiche e museali locali, di teatri e, in generale, di numerose istituzioni dipendenti dal Ministero della Cultura della Colombia e dal Comune di Bogot\u00e0. Tra le principali collaborazioni stipulate dall&#8217;Istituto, si trovano quella con il Festival di Musica di Cartagena de Indias, la Cineteca di Bogot\u00e0, l&#8217;Universit\u00e0 di Los Andes, l&#8217;Universit\u00e0 Nazionale della Colombia, l&#8217;Universit\u00e0 Jorge Tadeo Lozano, tra le molte.<\/p>\n<p>&nbsp;<\/p>\n<p>L&#8217;Istituto fa parte del <strong>Cluster Eunic Colombia<\/strong> (EU National Institutes for Culture) e della <a href=\"https:\/\/www.redcentrosbinacionales.org\/\"><strong>RED<\/strong><\/a> dei Centri Binazionali.<\/p>\n","protected":false},"excerpt":{"rendered":"L&#8217;Istituto Italiano di Cultura di Bogot\u00e0 \u00e8 un organismo ufficiale del Ministero degli Affari Esteri e della Cooperazione Internazionale (MAECI) italiano e opera come Ufficio Culturale dell\u2019Ambasciata d\u2019Italia a Bogot\u00e0. Ha come obiettivo quello di promuovere e di diffondere la lingua e la cultura italiana in Colombia attraverso l&#8217;organizzazione di iniziative culturali che abbiano per [&hellip;]","protected":false},"author":1,"featured_media":0,"parent":0,"menu_order":2,"comment_status":"closed","ping_status":"closed","template":"","meta":{"footnotes":""},"class_list":["post-15","page","type-page","status-publish","hentry"],"_links":{"self":[{"href":"https:\/\/iicbogota.esteri.it\/it\/wp-json\/wp\/v2\/pages\/15","targetHints":{"allow":["GET"]}}],"collection":[{"href":"https:\/\/iicbogota.esteri.it\/it\/wp-json\/wp\/v2\/pages"}],"about":[{"href":"https:\/\/iicbogota.esteri.it\/it\/wp-json\/wp\/v2\/types\/page"}],"author":[{"embeddable":true,"href":"https:\/\/iicbogota.esteri.it\/it\/wp-json\/wp\/v2\/users\/1"}],"replies":[{"embeddable":true,"href":"https:\/\/iicbogota.esteri.it\/it\/wp-json\/wp\/v2\/comments?post=15"}],"version-history":[{"count":6,"href":"https:\/\/iicbogota.esteri.it\/it\/wp-json\/wp\/v2\/pages\/15\/revisions"}],"predecessor-version":[{"id":5663,"href":"https:\/\/iicbogota.esteri.it\/it\/wp-json\/wp\/v2\/pages\/15\/revisions\/5663"}],"wp:attachment":[{"href":"https:\/\/iicbogota.esteri.it\/it\/wp-json\/wp\/v2\/media?parent=15"}],"curies":[{"name":"wp","href":"https:\/\/api.w.org\/{rel}","templated":true}]}}