{"id":99,"date":"2023-04-03T20:55:21","date_gmt":"2023-04-04T01:55:21","guid":{"rendered":"https:\/\/iicbogota.esteri.it\/chi-siamo\/contatti\/"},"modified":"2026-01-14T09:57:07","modified_gmt":"2026-01-14T14:57:07","slug":"contatti","status":"publish","type":"page","link":"https:\/\/iicbogota.esteri.it\/es\/chi-siamo\/contatti\/","title":{"rendered":"Contactos"},"content":{"rendered":"<p style=\"text-align: right;\"><em><strong>ISTITUTO ITALIANO DI CULTURA DE BOGOT\u00c1<\/strong><\/em><\/p>\n<p style=\"text-align: right;\">Calle 35 No. 15-32, Localidad Teusaquillo, Barrio La Magdalena<br \/>\nPBX +57 (1) 4865180<\/p>\n<p style=\"text-align: right;\">correo electr\u00f3nico: <a href=\"mailto:iicbogota@esteri.it\">iicbogota@esteri.it<\/a><\/p>\n<p>&nbsp;<\/p>\n<p><strong>OFICINA DE CURSOS DE ITALIANO y CERTIFICACIONES INTERNACIONALES<br \/>\n<\/strong><\/p>\n<p>Tel: +57 (1) 4865180 ext. 109<\/p>\n<p>Para informaci\u00f3n sobre cursos e inscripciones escribir al correo: <strong><a href=\"mailto:corsi.iicbogota@esteri.it\">corsi.iicbogota@esteri.it<\/a><\/strong><\/p>\n<p>&nbsp;<\/p>\n<p><strong>OFICINA DE DECLARACIONES DE VALOR Y PRE-INSCRIPCIONES UNIVERSITARIAS<\/strong><\/p>\n<p>Para informaci\u00f3n sobre los requisitos y citas enviar un correo a: <strong><a href=\"mailto:estudios.iicbogota@esteri.it\">estudios.iicbogota@esteri.it<\/a> <\/strong><\/p>\n<p>&nbsp;<\/p>\n<p><strong>OFICINA ADMINISTRATIVA<\/strong><\/p>\n<p>correo: <strong><a href=\"mailto:amministrazione.iicbogota@esteri.it\">amministrazione.iicbogota@esteri.it<\/a>\u00a0<\/strong><\/p>\n<p>&nbsp;<\/p>\n<p><strong>OFICINA DE EVENTOS CULTURALES<\/strong><\/p>\n<p>Para agendar una cita o presentar propuestas para eventos culturales enviar un correo a:<strong> <a href=\"mailto:eventos.iicbogota@esteri.it\">eventos.iicbogota@esteri.it<\/a>\u00a0<\/strong><\/p>\n<p>&nbsp;<\/p>\n<p><strong>SECRETARIA DE DIRECCI\u00d3N<br \/>\n<\/strong><\/p>\n<p>Para informaci\u00f3n general o para agendar citas escribir a: <strong><a href=\"mailto:segreteria.iicbogota@esteri.it\">segreteria.iicbogota@esteri.it<\/a><br \/>\n<\/strong><\/p>\n<p>&nbsp;<\/p>\n<p><strong>BIBLIOTECA<\/strong><\/p>\n<p>Para informaci\u00f3n acerca de la Biblioteca y para inscripciones a la <strong>Biblioteca Digital<\/strong>, escribir un correo a: <a href=\"mailto:biblioteca.iicbogota@esteri.it\"><strong><span style=\"text-decoration: underline;\">biblioteca.iicbogota@esteri.it<\/span><\/strong><\/a><\/p>\n<p>&nbsp;<\/p>\n<p><img loading=\"lazy\" decoding=\"async\" class=\"alignnone size-medium wp-image-197 img-fluid\" src=\"https:\/\/iicbogota.esteri.it\/wp-content\/uploads\/2023\/08\/Facciata-IIC-300x200.jpg\" alt=\"\" width=\"300\" height=\"200\" srcset=\"https:\/\/iicbogota.esteri.it\/wp-content\/uploads\/2023\/08\/Facciata-IIC-300x200.jpg 300w, https:\/\/iicbogota.esteri.it\/wp-content\/uploads\/2023\/08\/Facciata-IIC-1024x683.jpg 1024w, https:\/\/iicbogota.esteri.it\/wp-content\/uploads\/2023\/08\/Facciata-IIC-768x512.jpg 768w, https:\/\/iicbogota.esteri.it\/wp-content\/uploads\/2023\/08\/Facciata-IIC.jpg 1140w\" sizes=\"auto, (max-width: 300px) 100vw, 300px\" \/><\/p>\n<p>Horario de atenci\u00f3n al p\u00fablico: de lunes a viernes de 9:00am a 12:00pm y de 2:00 a 4:00pm.<\/p>\n<p><strong>CALENDARIO FESTIVIDADES 2026<\/strong><\/p>\n<p>Las oficinas del Instituto estar\u00e1n <span style=\"text-decoration: underline;\">cerradas<\/span> en las siguientes festividades:<\/p>\n<p>01\/01\/2026\u00a0 A\u00f1o Nuevo<br \/>\n12\/01\/2026\u00a0 Epifan\u00eda<br \/>\n03\/04\/2026\u00a0 Viernes Santo<br \/>\n01\/05\/2026\u00a0 D\u00eda del Trabajo<br \/>\n02\/06\/2026 Fiesta Nacional de la Rep\u00fablica Italiana<br \/>\n20\/07\/2026\u00a0 Fiesta Nacional de la Independencia de la Rep\u00fablica Colombiana<br \/>\n15\/08\/2026\u00a0 Asunci\u00f3n de la Virgen<br \/>\n12\/10\/2026 D\u00eda de la Diversidad Cultural y \u00c9tnica de la Naci\u00f3n Colombiana<br \/>\n01\/11\/2026\u00a0 D\u00eda de todos los Santos<br \/>\n08\/12\/2026\u00a0 Inmaculada Concepci\u00f3n<br \/>\n25\/12\/2026 Navidad<\/p>\n","protected":false},"excerpt":{"rendered":"ISTITUTO ITALIANO DI CULTURA DE BOGOT\u00c1 Calle 35 No. 15-32, Localidad Teusaquillo, Barrio La Magdalena PBX +57 (1) 4865180 correo electr\u00f3nico: iicbogota@esteri.it &nbsp; OFICINA DE CURSOS DE ITALIANO y CERTIFICACIONES INTERNACIONALES Tel: +57 (1) 4865180 ext. 109 Para informaci\u00f3n sobre cursos e inscripciones escribir al correo: corsi.iicbogota@esteri.it &nbsp; OFICINA DE DECLARACIONES DE VALOR Y PRE-INSCRIPCIONES [&hellip;]","protected":false},"author":1,"featured_media":0,"parent":90,"menu_order":4,"comment_status":"closed","ping_status":"closed","template":"","meta":{"footnotes":""},"class_list":["post-99","page","type-page","status-publish","hentry"],"_links":{"self":[{"href":"https:\/\/iicbogota.esteri.it\/es\/wp-json\/wp\/v2\/pages\/99","targetHints":{"allow":["GET"]}}],"collection":[{"href":"https:\/\/iicbogota.esteri.it\/es\/wp-json\/wp\/v2\/pages"}],"about":[{"href":"https:\/\/iicbogota.esteri.it\/es\/wp-json\/wp\/v2\/types\/page"}],"author":[{"embeddable":true,"href":"https:\/\/iicbogota.esteri.it\/es\/wp-json\/wp\/v2\/users\/1"}],"replies":[{"embeddable":true,"href":"https:\/\/iicbogota.esteri.it\/es\/wp-json\/wp\/v2\/comments?post=99"}],"version-history":[{"count":7,"href":"https:\/\/iicbogota.esteri.it\/es\/wp-json\/wp\/v2\/pages\/99\/revisions"}],"predecessor-version":[{"id":6125,"href":"https:\/\/iicbogota.esteri.it\/es\/wp-json\/wp\/v2\/pages\/99\/revisions\/6125"}],"up":[{"embeddable":true,"href":"https:\/\/iicbogota.esteri.it\/es\/wp-json\/wp\/v2\/pages\/90"}],"wp:attachment":[{"href":"https:\/\/iicbogota.esteri.it\/es\/wp-json\/wp\/v2\/media?parent=99"}],"curies":[{"name":"wp","href":"https:\/\/api.w.org\/{rel}","templated":true}]}}