{"id":98,"date":"2023-04-03T20:56:47","date_gmt":"2023-04-04T01:56:47","guid":{"rendered":"https:\/\/iicbogota.esteri.it\/lingua-e-cultura\/biblioteca\/"},"modified":"2025-04-03T13:41:23","modified_gmt":"2025-04-03T18:41:23","slug":"biblioteca","status":"publish","type":"page","link":"https:\/\/iicbogota.esteri.it\/es\/lingua-e-cultura\/biblioteca\/","title":{"rendered":"Biblioteca"},"content":{"rendered":"<p style=\"text-align: center;\"><span style=\"text-decoration: underline;\">Atenci\u00f3n: La biblioteca del IIC permanecer\u00e1 cerrada hasta finalizar los trabajos de catalogaci\u00f3n del patrimonio bibliogr\u00e1fico.<\/span><\/p>\n<p style=\"text-align: center;\"><strong>Las personas interesadas en la lectura de e-book o audiolibros en italiano, podr\u00e1n consultar la <a href=\"https:\/\/iicbogota.esteri.it\/es\/lingua-e-cultura\/biblioteca\/la-biblioteca-digital\/\">informaci\u00f3n acerca de la Biblioteca Digital<\/a>, el nuevo servicio gratuito para disfrutar de una amplia selecci\u00f3n de literatura italiana en la tranquilidad de tu casa.\u00a0<\/strong><strong>Para mayor informaci\u00f3n escribir a <a href=\"mailto:biblioteca.iicbogota@esteri.it\">biblioteca.iicbogota@esteri.it<\/a>\u00a0<\/strong><\/p>\n<p>&nbsp;<\/p>\n<p><strong>PATRIMONIO BIBLIOGR\u00c1FICO<\/strong><\/p>\n<p><strong>BIBLIOTECA<\/strong>: consta de 13.000 vol\u00famenes aproximadamente, que cubren todas las \u00e1reas del conocimiento (Obras Generales, Filosof\u00eda, Religi\u00f3n, Ciencias Sociales, Derecho, Lenguas, Ciencias Puras, Ciencias Aplicadas, Artes, Literatura, Geograf\u00eda e Historia). La colecci\u00f3n tiene una fortaleza en las \u00e1reas de Arte y Literatura.<\/p>\n<p><strong>HEMEROTECA:<\/strong> aproximadamente 50 t\u00edtulos de Revistas (Cultura en General, Turismo, Arquitectura, Arte, Moda, Teatro, Educaci\u00f3n, Ling\u00fc\u00edstica, Pol\u00edtica, etc).<\/p>\n<p>Toda la informaci\u00f3n se encuentra en idioma italiano (con excepci\u00f3n de una selecci\u00f3n de libros acerca de Colombia, Latinoam\u00e9rica y las migraciones italianas en sus pa\u00edses).<\/p>\n<p><strong>VIDEOTECA<\/strong>: cat\u00e1logo de pel\u00edculas italianas, desde las m\u00e1s cl\u00e1sicas hasta las contempor\u00e1neas. <span style=\"color: #ff0000;\"><strong><a style=\"color: #ff0000;\" href=\"https:\/\/iicbogota.esteri.it\/wp-content\/uploads\/2025\/04\/ElencoDVD_IICagg03_04_25.xlsx\">Consulta aqu\u00ed el listado de pel\u00edculas<\/a><\/strong><\/span>, escribe un correo a <a href=\"mailto:biblioteca.iicbogota@esteri.it\">biblioteca.iicbogota@esteri.it<\/a> indicando la pel\u00edcula, el d\u00eda y el horario en el cual quieras verla y m\u00edrala gratuitamente en la Sala de Lectura del IIC.<\/p>\n<p>&nbsp;<\/p>\n<p><strong>SERVICIOS<\/strong><\/p>\n<p>Consulta en la <em>Sala de Lectura<\/em>, abierta desde las 8:00am y hasta las 7:00pm.<\/p>\n","protected":false},"excerpt":{"rendered":"Atenci\u00f3n: La biblioteca del IIC permanecer\u00e1 cerrada hasta finalizar los trabajos de catalogaci\u00f3n del patrimonio bibliogr\u00e1fico. Las personas interesadas en la lectura de e-book o audiolibros en italiano, podr\u00e1n consultar la informaci\u00f3n acerca de la Biblioteca Digital, el nuevo servicio gratuito para disfrutar de una amplia selecci\u00f3n de literatura italiana en la tranquilidad de tu [&hellip;]","protected":false},"author":1,"featured_media":0,"parent":93,"menu_order":10,"comment_status":"closed","ping_status":"closed","template":"","meta":{"footnotes":""},"class_list":["post-98","page","type-page","status-publish","hentry"],"_links":{"self":[{"href":"https:\/\/iicbogota.esteri.it\/es\/wp-json\/wp\/v2\/pages\/98","targetHints":{"allow":["GET"]}}],"collection":[{"href":"https:\/\/iicbogota.esteri.it\/es\/wp-json\/wp\/v2\/pages"}],"about":[{"href":"https:\/\/iicbogota.esteri.it\/es\/wp-json\/wp\/v2\/types\/page"}],"author":[{"embeddable":true,"href":"https:\/\/iicbogota.esteri.it\/es\/wp-json\/wp\/v2\/users\/1"}],"replies":[{"embeddable":true,"href":"https:\/\/iicbogota.esteri.it\/es\/wp-json\/wp\/v2\/comments?post=98"}],"version-history":[{"count":6,"href":"https:\/\/iicbogota.esteri.it\/es\/wp-json\/wp\/v2\/pages\/98\/revisions"}],"predecessor-version":[{"id":4762,"href":"https:\/\/iicbogota.esteri.it\/es\/wp-json\/wp\/v2\/pages\/98\/revisions\/4762"}],"up":[{"embeddable":true,"href":"https:\/\/iicbogota.esteri.it\/es\/wp-json\/wp\/v2\/pages\/93"}],"wp:attachment":[{"href":"https:\/\/iicbogota.esteri.it\/es\/wp-json\/wp\/v2\/media?parent=98"}],"curies":[{"name":"wp","href":"https:\/\/api.w.org\/{rel}","templated":true}]}}