{"id":97,"date":"2023-04-03T20:56:23","date_gmt":"2023-04-04T01:56:23","guid":{"rendered":"https:\/\/iicbogota.esteri.it\/lingua-e-cultura\/studiare-in-italia\/"},"modified":"2023-08-29T10:52:55","modified_gmt":"2023-08-29T15:52:55","slug":"studiare-in-italia","status":"publish","type":"page","link":"https:\/\/iicbogota.esteri.it\/es\/lingua-e-cultura\/studiare-in-italia\/","title":{"rendered":"Estudiar en Italia"},"content":{"rendered":"<p><strong><em>\u00bfDeseas continuar tus estudios en Italia?<\/em><\/strong><\/p>\n<p>Recuerda que los t\u00edtulos de estudio obtenidos en el extranjero no son reconocidos de manera autom\u00e1tica en Italia. Los ciudadanos italianos residentes en Colombia y\u00a0 los ciudadanos colombianos interesados en el <strong>reconocimiento en Italia con fines de estudio o de trabajo<\/strong> (validaci\u00f3n) de sus t\u00edtulos de estudio extranjeros, es decir, obtenidos en instituciones oficialmente reconocidas por el Ministerio de Educaci\u00f3n Nacional de Colombia, <strong>pueden presentar una solicitud de de Declaraci\u00f3n de Valor<\/strong> en la Embajada de Italia en Bogot\u00e1. Por ende, entra en la secci\u00f3n Declaraci\u00f3n de Valor para mayor informaci\u00f3n sobre el tr\u00e1mite.<\/p>\n<p>&nbsp;<\/p>\n<p><strong>UNIVERSIDADES<\/strong><\/p>\n<p>Para leer noticias de inter\u00e9s general sobre la organizaci\u00f3n y el funcionamiento de las universidades italianas puede dirigirse a la secci\u00f3n de la p\u00e1gina web del <a href=\"http:\/\/www.miur.it\/0002Univer\/index_cf2.htm\"><strong>Ministero dell\u2019Istruzione dell\u2019Universit\u00e0 e della Ricerca (MIUR)<\/strong><\/a> o, para obtener mayor informaci\u00f3n sobre el proceso de inscripci\u00f3n a las universidades, el sistema educativo italiano, la vida en italia, residencias universitarias y mucho m\u00e1s, puedes contactar a la oficina de <strong>Uni-Italia<\/strong>.<\/p>\n<p><strong>a. Cu\u00e1les y cu\u00e1ntas son:<\/strong><\/p>\n<p>El listado completo de las universidades italianas lo puedes consultar a trav\u00e9s de<strong>l <\/strong><a title=\"Clicca per avviare il motore di ricerca CINECA\" href=\"http:\/\/cercauniversita.cineca.it\/index.php?module=strutture&amp;page=StructureSearchParams&amp;advanced_serch=1\">motor de b\u00fasqueda del <\/a><strong><a title=\"Clicca per avviare il motore di ricerca CINECA\" href=\"http:\/\/cercauniversita.cineca.it\/index.php?module=strutture&amp;page=StructureSearchParams&amp;advanced_serch=1\">MIUR<\/a><\/strong> y a trav\u00e9s de <a title=\"Vai al sito della CRUI\" href=\"http:\/\/www.crui.it\/\">la pagina dedicata della<strong> CRUI (Conferenza dei Rettori delle Universit\u00e0 Italiane)<\/strong><\/a>.<\/p>\n<p><strong>b. Inscripciones de estudiantes extranjeros:<br \/>\n<\/strong><\/p>\n<p>Los estudiantes extranjeros interesados en realizar estudios en Italia pueden encontrar las noticias sobre los cupos a ellos reservados en la secci\u00f3n dedicada en la p\u00e1gina del <a title=\"Vai al sito web del MIUR\" href=\"http:\/\/www.studiare-in-italia.it\/studentistranieri\"><strong>MIUR<\/strong><\/a>.<\/p>\n<p><strong>c. Las residencias universitarias <\/strong>de la Conferenza dei Collegi Universitari (CCU) constituyen una soluci\u00f3n importante y competitiva en terminos de relaci\u00f3n calidad\/precio y se ubican en 14 ciudades italianas. Se recomienda visitar las p\u00e1ginas de la Fondazione RUI (<a href=\"http:\/\/www.fondazionerui.it\">www.fondazionerui.it<\/a> ) y Camplus (<a href=\"http:\/\/www.camplus.it\">www.camplus.it<\/a>).<\/p>\n<p><span style=\"text-decoration: underline;\">El Istituto Italiano di Cultura y el MAE L\u2019IIC ed il MAECI no se responsabilizan por eventuales da\u00f1os derivados por la elecci\u00f3n de dichas residencias universitarias.<\/span><\/p>\n<p>&nbsp;<\/p>\n<p><strong>ESCUELAS<\/strong><\/p>\n<p>Noticias generales sobre el sistema escolar italiano y noticias \u00fatiles se encuentran en la secci\u00f3n de la p\u00e1gina del <a title=\"Vai al sito web del MIUR\" href=\"http:\/\/www.istruzione.it\/index.shtml\"><strong>Ministero dell\u2019Istruzione e del Merito (MIUR)<\/strong><\/a>.<\/p>\n<p><strong>a. Cu\u00e1les y cu\u00e1ntas son:<br \/>\n<\/strong><\/p>\n<p>El listado completo de las escuela de cualquier nivel y orden es consultable al siguiente motor de b\u00fasqueda de las <a title=\"Vai all'archivio delle scuole statali\" href=\"http:\/\/archivio.pubblica.istruzione.it\/anagrafica_scuole\/statali.shtml\"><strong>Scuole Statali.<\/strong><\/a><\/p>\n<p><strong>Para los interesados en el Alta formaci\u00f3n art\u00edstica y m\u00fasical, pueden consultar el siguiente link donde se encuentra el <a href=\"http:\/\/www.miur.it\/0004Alta_F\/0027Istitu\/index_cf4.htm\">listado compledo de las academias, conservatorios e instituo<\/a>s.<\/strong><\/p>\n<p>&nbsp;<\/p>\n<p><strong>DIVENTARE DOCENTI DI ITALIANO COME LINGUA STRANIERA<\/strong><\/p>\n<ul>\n<li><a title=\"Vai al sito web del progetto ITALS\" href=\"http:\/\/venus.unive.it\/italslab\/index.php\"><strong>Progetto ITALS<\/strong><\/a> \u2013 Dipartimento di Scienze del Linguaggio dell\u2019Universit\u00e0 Ca\u2019 Foscari di Venezia<\/li>\n<li><a title=\"Vai al sito web del DITALS\" href=\"http:\/\/ditals.com\/\"><strong>DITALS<\/strong><\/a> \u2013 Certificazione di competenza in didattica dell\u2019italiano a stranieri \u2013 Universit\u00e0 per Stranieri di Siena<\/li>\n<li><a title=\"Vai al sito web dell'Universit\u00e0 degli Stranieri di Perugia\" href=\"http:\/\/www.unistrapg.it\/laurea-insegnamento-della-lingua-e-della-cultura-italiana-stranieri-50999\"><strong>Laurea in insegnamento della lingua e della cultura italiana a stranieri<\/strong><\/a> \u2013 Universit\u00e0 per Stranieri di Perugia<\/li>\n<\/ul>\n","protected":false},"excerpt":{"rendered":"\u00bfDeseas continuar tus estudios en Italia? Recuerda que los t\u00edtulos de estudio obtenidos en el extranjero no son reconocidos de manera autom\u00e1tica en Italia. Los ciudadanos italianos residentes en Colombia y\u00a0 los ciudadanos colombianos interesados en el reconocimiento en Italia con fines de estudio o de trabajo (validaci\u00f3n) de sus t\u00edtulos de estudio extranjeros, es [&hellip;]","protected":false},"author":1,"featured_media":0,"parent":93,"menu_order":8,"comment_status":"closed","ping_status":"closed","template":"","meta":{"footnotes":""},"class_list":["post-97","page","type-page","status-publish","hentry"],"_links":{"self":[{"href":"https:\/\/iicbogota.esteri.it\/es\/wp-json\/wp\/v2\/pages\/97","targetHints":{"allow":["GET"]}}],"collection":[{"href":"https:\/\/iicbogota.esteri.it\/es\/wp-json\/wp\/v2\/pages"}],"about":[{"href":"https:\/\/iicbogota.esteri.it\/es\/wp-json\/wp\/v2\/types\/page"}],"author":[{"embeddable":true,"href":"https:\/\/iicbogota.esteri.it\/es\/wp-json\/wp\/v2\/users\/1"}],"replies":[{"embeddable":true,"href":"https:\/\/iicbogota.esteri.it\/es\/wp-json\/wp\/v2\/comments?post=97"}],"version-history":[{"count":5,"href":"https:\/\/iicbogota.esteri.it\/es\/wp-json\/wp\/v2\/pages\/97\/revisions"}],"predecessor-version":[{"id":329,"href":"https:\/\/iicbogota.esteri.it\/es\/wp-json\/wp\/v2\/pages\/97\/revisions\/329"}],"up":[{"embeddable":true,"href":"https:\/\/iicbogota.esteri.it\/es\/wp-json\/wp\/v2\/pages\/93"}],"wp:attachment":[{"href":"https:\/\/iicbogota.esteri.it\/es\/wp-json\/wp\/v2\/media?parent=97"}],"curies":[{"name":"wp","href":"https:\/\/api.w.org\/{rel}","templated":true}]}}