{"id":95,"date":"2023-04-03T20:55:55","date_gmt":"2023-04-04T01:55:55","guid":{"rendered":"https:\/\/iicbogota.esteri.it\/lingua-e-cultura\/borse-di-studio\/"},"modified":"2026-04-23T14:44:52","modified_gmt":"2026-04-23T19:44:52","slug":"borse-di-studio","status":"publish","type":"page","link":"https:\/\/iicbogota.esteri.it\/es\/lingua-e-cultura\/borse-di-studio\/","title":{"rendered":"Becas"},"content":{"rendered":"<p><img loading=\"lazy\" decoding=\"async\" class=\"aligncenter size-full wp-image-6384 img-fluid\" src=\"https:\/\/iicbogota.esteri.it\/wp-content\/uploads\/2026\/03\/StudyLogo-300x134-1.jpg\" alt=\"\" width=\"300\" height=\"134\" \/><\/p>\n<p>Para conocer las ofertas de becas para estudios en italia, consultar la p\u00e1gina: <a href=\"https:\/\/www.esteri.it\/it\/servizi-opportunita\/opportunita\/borse-di-studio\/per-cittadini-stranieri\/borse-di-studio-offerte-dalle-universita\/\">https:\/\/www.esteri.it\/it\/servizi-opportunita\/opportunita\/borse-di-studio\/per-cittadini-stranieri\/borse-di-studio-offerte-dalle-universita\/<\/a><\/p>\n<h5><\/h5>\n<h5><strong>\u00a0 \u00a0 \u00a0CONVOCATORIAS ABIERTAS<\/strong><\/h5>\n<p>23-04-2026 <strong>&#8220;INVEST YOUR TALENT IN ITALY&#8221;: APERTURA NUEVA CONVOCATORIA RELATIVA AL A\u00d1O ACADEMICO 2026\/2027.<\/strong><\/p>\n<p>El Ministerio de Relaciones Exteriores y Cooperaci\u00f3n Internacional ha publicado una convocatoria para la asignaci\u00f3n de las becas &#8220;Invest Your Talent in Italy&#8221; (IYT) del A\u00f1o Acad\u00e9mico 2026\/2027. Como en la ediciones anteriores, las candidaturas deber\u00e1n ser enviadas por parte de los estudiantes por v\u00eda telem\u00e1tica, ingresando a la plataforma:<\/p>\n<p><a href=\"https:\/\/investyourtalentapplication.esteri.it\/SITOIYT\/EN\/invest-your-talent-in-italy\">https:\/\/investyourtalentapplication.esteri.it\/SITOIYT\/EN\/invest-your-talent-in-italy<\/a><\/p>\n<p>Fecha l\u00edmite: 11 de mayo de 2026.<\/p>\n<p>&nbsp;<\/p>\n<h5><strong>\u00a0\u00a0\u00a0\u00a0 CONVOCATORIAS CERRADAS<\/strong><\/h5>\n<p><strong>13-03-2026 BECAS PARA CIUDADANOS COLOMBIANOS E ITALIANOS RESIDENTES EN COLOMBIA (I.R.E.).\u00a0<\/strong><\/p>\n<p>Consulta la convocatoria en el enlace: <a href=\"https:\/\/iicbogota.esteri.it\/es\/news\/dall_istituto\/2026\/03\/borse-di-studio-per-cittadini-colombiani-e-italiani-residenti-in-colombia-i-r-e\/\">https:\/\/iicbogota.esteri.it\/es\/news\/dall_istituto\/2026\/03\/borse-di-studio-per-cittadini-colombiani-e-italiani-residenti-in-colombia-i-r-e\/<\/a><\/p>\n<p><strong>Fecha l\u00edmite: 31 de marzo de 2026<\/strong><\/p>\n<p>&#8212;<\/p>\n<p><strong>24 &#8211; 01 &#8211; 2025 &#8220;INVEST YOUR TALENT IN ITALY&#8221;: APERTURA NUEVA CONVOCATORIA DE LA DECIMA EDICI\u00d3N DEL PROGRAMA (A.A. 2025\/2026).<\/strong><\/p>\n<p>El Ministerio de Relaciones Exteriores y Cooperaci\u00f3n Internacional ha publicado una convocatoria para la asignaci\u00f3n de las becas &#8220;Invest Your Talent in Italy&#8221; (IYT) del A\u00f1o Acad\u00e9mico 2025\/2026. Como en la ediciones anteriores, las candidaturas deber\u00e1n ser enviadas por parte de los estudiantes por v\u00eda telem\u00e1tica, ingresando a la plataforma:<\/p>\n<p><a href=\"https:\/\/investyourtalentapplication.esteri.it\/SITOIYT\/EN\/invest-your-talent-in-italy\">https:\/\/investyourtalentapplication.esteri.it\/SITOIYT\/EN\/invest-your-talent-in-italy<\/a><\/p>\n<p>Fecha l\u00edmite: <strong>24 de febrero de 2025.<\/strong><\/p>\n<p>&#8212;<\/p>\n<p>15 &#8211; 07 &#8211; 2024 <strong>CANDIDATOS GANADORES DE LAS BECAS M.A.E.C.I. 2024\/2025<\/strong><\/p>\n<p>A continuaci\u00f3n se anuncian los <a href=\"https:\/\/ambbogota.esteri.it\/wp-content\/uploads\/2024\/07\/GRADUATORIA-FINALE.pdf\">ganadores<\/a> de las Becas M.A.E.C.I. 2024\/2025<\/p>\n<p>&#8212;<\/p>\n<p>22 &#8211; 05 &#8211; 2024 <strong>BECAS PARA CIUDADANOS COLOMBIANOS E ITALIANOS RESIDENTES EN COLOMBIA (I.R.E.) AA. 2024-2025<br \/>\n<\/strong><\/p>\n<p>El Gobierno de Italia ofrece para el a\u00f1o acad\u00e9mico 2024-2025 becas \u00a0que son otorgadas para estudios de \u201cLaurea Magistrale\/Master of Science\u201d, Doctorados de Investigaci\u00f3n y proyectos de investigaci\u00f3n en las Instituciones italianas estatales o legalmente reconocidas.<\/p>\n<p><a href=\"https:\/\/iicbogota.esteri.it\/wp-content\/uploads\/2024\/05\/becas-2024-2025-espanol.docx\"><strong>DESCARGA AQU\u00cd LA CONVOCATORIA<\/strong><\/a>.<\/p>\n<p><strong><span style=\"text-decoration: underline;\">\u00a0&#8212;<\/span><\/strong><\/p>\n<p>31-01-2024 &#8211; <strong>&#8220;<em>INVEST YOUR TALENT IN ITALY<\/em>&#8220;: APERTURA NUEVA CONVOCATORIA DE LA NOVENA EDICI\u00d3N DEL PROGRAMA (A.A. 2024\/2025).<\/strong><\/p>\n<p>El Ministerio de Relaciones Exteriores y Cooperaci\u00f3n Internacional ha publicado una convocatoria para la asignaci\u00f3n de las becas &#8220;Invest Your Talent in Italy&#8221; (IYT) del A\u00f1o Acad\u00e9mico 2024\/2025. Como en la ediciones anteriores, las candidaturas deber\u00e1n ser enviadas por parte de los estudiantes por v\u00eda telem\u00e1tica, ingresando a la plataforma: <a href=\"https:\/\/investyourtalentapplication.esteri.it\/sitoinvestyourtalentapplication\/progetto.asp\">https:\/\/investyourtalentapplication.esteri.it\/sitoinvestyourtalentapplication\/progetto.asp<\/a><\/p>\n<p>28-07-2023 &#8211; El Ministerio de Relaciones Exteriores y de la Cooperaci\u00f3n Internacional (MAECI) public\u00f3 los<strong> resultados de la convocatoria para la beca &#8220;Study in Italy&#8221;<\/strong>. Publicamos a seguir los nombres de los clasificados ganadores y de los suplentes.<\/p>\n<p><em>Clasificados ganadores:<\/em><\/p>\n<ol>\n<li>SERRA DAVID JONATHANARIAS<\/li>\n<li>OSORIO CAMILO EDUARDO<\/li>\n<li>DE LEON BARRIOS RICARDO<\/li>\n<li>LEON SILVIA<\/li>\n<li>ARCINIEGAS CARLOS<\/li>\n<li>RINCON GUEVARA MARIA ALEXANDRA<\/li>\n<\/ol>\n<p><em>Suplentes:<\/em><\/p>\n<ol>\n<li>RESTREPO VERA MATEO<\/li>\n<li>MORENO PULIDO SAMANTHA<\/li>\n<\/ol>\n<p>&#8212;-<\/p>\n<p>10\/05\/2023 &#8211; El Gobierno de Italia ofrece para el a\u00f1o acad\u00e9mico 2023-2024<strong> becas que son otorgadas para estudios de \u201cLaurea Magistrale\/Master of Science\u201d, Doctorados de Investigaci\u00f3n y proyectos de investigaci\u00f3n en las Instituciones italianas<\/strong> estatales o legalmente reconocidas.<\/p>\n<p>La fecha l\u00edmite para aplicar online es el <strong>9 de junio de 2023 a las 14.00 (hora italiana).<\/strong><\/p>\n<p>Para descargar el <a href=\"http:\/\/iicbogota.esteri.it\/iic_bogota\/resource\/doc\/2023\/05\/becas_2023-2024_espaol.docx\">texto de la convocatoria haz <strong>click en este enlace<\/strong><\/a>.<\/p>\n<p>&#8212;-<\/p>\n<p>17\/02\/2023 &#8211; Se abre la Convocatoria &#8220;<strong>Invest your talent in Italy<\/strong>&#8221; (IYT) para el a\u00f1o acad\u00e9mico 2023\/2024, para realizar cursos de especializaci\u00f3n y m\u00e1ster en prestigiosas universidades italianas en los siguientes sectores: ingenier\u00eda\/alta tecnolog\u00eda, dise\u00f1o\/arquitectura, econom\u00eda\/gesti\u00f3n.<\/p>\n<p>Es necesario aplicar personalmente <strong>hasta el 3 de marzo de 2023<\/strong> en el siguiente enlace: <a href=\"https:\/\/investyourtalentapplication.esteri.it\/SitoInvestYourTalentApplication\/progetto.asp\">https:\/\/investyourtalentapplication.esteri.it\/SitoInvestYourTalentApplication\/progetto.asp<\/a><\/p>\n","protected":false},"excerpt":{"rendered":"Para conocer las ofertas de becas para estudios en italia, consultar la p\u00e1gina: https:\/\/www.esteri.it\/it\/servizi-opportunita\/opportunita\/borse-di-studio\/per-cittadini-stranieri\/borse-di-studio-offerte-dalle-universita\/ \u00a0 \u00a0 \u00a0CONVOCATORIAS ABIERTAS 23-04-2026 &#8220;INVEST YOUR TALENT IN ITALY&#8221;: APERTURA NUEVA CONVOCATORIA RELATIVA AL A\u00d1O ACADEMICO 2026\/2027. El Ministerio de Relaciones Exteriores y Cooperaci\u00f3n Internacional ha publicado una convocatoria para la asignaci\u00f3n de las becas &#8220;Invest Your Talent in Italy&#8221; [&hellip;]","protected":false},"author":1,"featured_media":0,"parent":93,"menu_order":2,"comment_status":"closed","ping_status":"closed","template":"","meta":{"footnotes":""},"class_list":["post-95","page","type-page","status-publish","hentry"],"_links":{"self":[{"href":"https:\/\/iicbogota.esteri.it\/es\/wp-json\/wp\/v2\/pages\/95","targetHints":{"allow":["GET"]}}],"collection":[{"href":"https:\/\/iicbogota.esteri.it\/es\/wp-json\/wp\/v2\/pages"}],"about":[{"href":"https:\/\/iicbogota.esteri.it\/es\/wp-json\/wp\/v2\/types\/page"}],"author":[{"embeddable":true,"href":"https:\/\/iicbogota.esteri.it\/es\/wp-json\/wp\/v2\/users\/1"}],"replies":[{"embeddable":true,"href":"https:\/\/iicbogota.esteri.it\/es\/wp-json\/wp\/v2\/comments?post=95"}],"version-history":[{"count":6,"href":"https:\/\/iicbogota.esteri.it\/es\/wp-json\/wp\/v2\/pages\/95\/revisions"}],"predecessor-version":[{"id":6530,"href":"https:\/\/iicbogota.esteri.it\/es\/wp-json\/wp\/v2\/pages\/95\/revisions\/6530"}],"up":[{"embeddable":true,"href":"https:\/\/iicbogota.esteri.it\/es\/wp-json\/wp\/v2\/pages\/93"}],"wp:attachment":[{"href":"https:\/\/iicbogota.esteri.it\/es\/wp-json\/wp\/v2\/media?parent=95"}],"curies":[{"name":"wp","href":"https:\/\/api.w.org\/{rel}","templated":true}]}}