{"id":94,"date":"2023-04-03T20:55:37","date_gmt":"2023-04-04T01:55:37","guid":{"rendered":"https:\/\/iicbogota.esteri.it\/lingua-e-cultura\/i-corsi-di-lingua\/"},"modified":"2026-01-19T09:41:33","modified_gmt":"2026-01-19T14:41:33","slug":"i-corsi-di-lingua","status":"publish","type":"page","link":"https:\/\/iicbogota.esteri.it\/es\/lingua-e-cultura\/i-corsi-di-lingua\/","title":{"rendered":"Cursos de idioma"},"content":{"rendered":"<p><strong><em><span style=\"text-decoration: underline;\">Descarga el <a href=\"https:\/\/iicbogota.esteri.it\/wp-content\/uploads\/2026\/01\/CALENDARIO-2026-v5-website.jpg\">calendario de los cursos presenciales y virtuales<\/a> para el a\u00f1o 2026!<\/span><\/em><\/strong><\/p>\n<p>Para conocer nuestros cursos podr\u00e1s entrar en la secci\u00f3n <strong><a href=\"https:\/\/iicbogota.esteri.it\/es\/lingua-e-cultura\/i-corsi-di-lingua\/metodos-y-niveles\/\">M\u00e9todos y niveles<\/a>.<\/strong> En esta secci\u00f3n se encuentran indicadas las metodolog\u00edas did\u00e1cticas y se explican los niveles de idioma de nuestros cursos seg\u00fan el QCER (Quadro Comune Europeo di Riferimento). El instituto ofrece cursos de idioma semi-intensivos trimestrales, intensivos bimestrales y super-intensivo vacacional, adem\u00e1s de espacios culturales para poder practicar el idioma.<\/p>\n<p>En la secci\u00f3n <strong><a href=\"https:\/\/iicbogota.esteri.it\/es\/lingua-e-cultura\/i-corsi-di-lingua\/modalidad-de-inscripcion-y-calendario\/\">Modalidad de inscripci\u00f3n y calendario<\/a><\/strong> est\u00e1 indicada la siguiente informaci\u00f3n: el examen de clasificaci\u00f3n para conocer tu propio nivel de italiano antes de empezar el curso, los m\u00e9todos de pago, las tarifas y los descuentos.<\/p>\n<p>Los estudiantes y las personas interesadas en el servicio de <a href=\"https:\/\/iicbogota.esteri.it\/es\/lingua-e-cultura\/biblioteca\/\"><strong>Biblioteca<\/strong><\/a> podr\u00e1n entrar en la secci\u00f3n dedicada.<\/p>\n<p>Finalmente, aquellos interesados en el ex\u00e1men internacional, CILS, podr\u00e1n revisar las tarifas y las fechas de los ex\u00e1menes en la secci\u00f3n<strong><a href=\"https:\/\/iicbogota.esteri.it\/es\/lingua-e-cultura\/certificazioni\/\"> Certificaci\u00f3n<\/a><\/strong>.<\/p>\n","protected":false},"excerpt":{"rendered":"Descarga el calendario de los cursos presenciales y virtuales para el a\u00f1o 2026! Para conocer nuestros cursos podr\u00e1s entrar en la secci\u00f3n M\u00e9todos y niveles. En esta secci\u00f3n se encuentran indicadas las metodolog\u00edas did\u00e1cticas y se explican los niveles de idioma de nuestros cursos seg\u00fan el QCER (Quadro Comune Europeo di Riferimento). El instituto ofrece [&hellip;]","protected":false},"author":1,"featured_media":0,"parent":93,"menu_order":0,"comment_status":"closed","ping_status":"closed","template":"","meta":{"footnotes":""},"class_list":["post-94","page","type-page","status-publish","hentry"],"_links":{"self":[{"href":"https:\/\/iicbogota.esteri.it\/es\/wp-json\/wp\/v2\/pages\/94","targetHints":{"allow":["GET"]}}],"collection":[{"href":"https:\/\/iicbogota.esteri.it\/es\/wp-json\/wp\/v2\/pages"}],"about":[{"href":"https:\/\/iicbogota.esteri.it\/es\/wp-json\/wp\/v2\/types\/page"}],"author":[{"embeddable":true,"href":"https:\/\/iicbogota.esteri.it\/es\/wp-json\/wp\/v2\/users\/1"}],"replies":[{"embeddable":true,"href":"https:\/\/iicbogota.esteri.it\/es\/wp-json\/wp\/v2\/comments?post=94"}],"version-history":[{"count":7,"href":"https:\/\/iicbogota.esteri.it\/es\/wp-json\/wp\/v2\/pages\/94\/revisions"}],"predecessor-version":[{"id":6139,"href":"https:\/\/iicbogota.esteri.it\/es\/wp-json\/wp\/v2\/pages\/94\/revisions\/6139"}],"up":[{"embeddable":true,"href":"https:\/\/iicbogota.esteri.it\/es\/wp-json\/wp\/v2\/pages\/93"}],"wp:attachment":[{"href":"https:\/\/iicbogota.esteri.it\/es\/wp-json\/wp\/v2\/media?parent=94"}],"curies":[{"name":"wp","href":"https:\/\/api.w.org\/{rel}","templated":true}]}}