{"id":93,"date":"2023-04-03T20:30:34","date_gmt":"2023-04-04T01:30:34","guid":{"rendered":"https:\/\/iicbogota.esteri.it\/lingua-e-cultura\/"},"modified":"2024-12-04T10:05:23","modified_gmt":"2024-12-04T15:05:23","slug":"lingua-e-cultura","status":"publish","type":"page","link":"https:\/\/iicbogota.esteri.it\/es\/lingua-e-cultura\/","title":{"rendered":"Lenguaje y cultura"},"content":{"rendered":"<p>Cada a\u00f1o medio mill\u00f3n de estudiantes asisten a cursos de lengua italiana fuera de Italia, en todos los pa\u00edses del mundo. \u00bfPorqu\u00e9 lo hacen?<\/p>\n<p><em>El italiano es un idioma de cultura<\/em>. Conocerlo significa tener acceso a un <strong>patrimonio literario<\/strong> de fundamental importancia para la historia de Europa, a <strong>textos human\u00edsticos y cient\u00edficos<\/strong> de gran valor, a la <strong>producci\u00f3n teatral, musical, oper\u00edstica, cinematogr\u00e1fica<\/strong> y televisiva italiana.<\/p>\n<p><em>El italiano es un idioma de estudio.<\/em> Son muchos los estudiantes que cada a\u00f1os deciden asistir a nuestras <strong>Escuelas, Universidades, Academias<\/strong> y Bibliotecas.<\/p>\n<p><em>El italiano es un idioma de trabajo<\/em>. Directivos, empresarios, t\u00e9cnicos, trabajadores entran en contacto con el <strong>mundo industrial, artesanal y de los servicios italianos<\/strong> que van m\u00e1s all\u00e1 de las fronteras de nuestro pa\u00eds.<\/p>\n<p>Y al hablar italiano<strong> la visita a nuestro pa\u00eds<\/strong> y a su gente hospitalaria y acogedora se convierte en un aut\u00e9ntico placer, <strong>entre ciudades de arte y maravillas naturales<\/strong>.<\/p>\n<p>&nbsp;<\/p>\n<p style=\"text-align: center;\"><em>\u00bfPorqu\u00e9 estudiar el Italiano en el Istituto Italiano di Cultura?<\/em><\/p>\n<p>Por qu\u00e9 es el <strong>organismo institucional del Estado Italiano<\/strong> para la promoci\u00f3n del idioma y de la cultura italiana;<\/p>\n<p>Por sus <strong>profesores nativos certificados<\/strong>;<\/p>\n<p>Por la <strong>ense\u00f1anza en grupos diversos, que fomentan el desarrollo de competencias ling\u00fc\u00edsticas<\/strong>;<\/p>\n<p>Por su <strong>biblioteca de m\u00e1s de 13.000 documentos y libros<\/strong>;<\/p>\n<p>Por su <strong>biblioteca digital de m\u00e1s de 30.000 libros, audiolibros y recursos de prensa<\/strong>;<\/p>\n<p>Por una<strong> mayor flexibilidad<\/strong>, gracias a su oferta de <strong>cursos presenciales y virtuales<\/strong> en distintas franjas horarias.<\/p>\n<p>&nbsp;<\/p>\n<p style=\"text-align: center;\"><strong>Para mayor informaci\u00f3n escribe a <span style=\"text-decoration: underline;\">corsi.iicbogota@esteri.it<\/span><\/strong><\/p>\n","protected":false},"excerpt":{"rendered":"Cada a\u00f1o medio mill\u00f3n de estudiantes asisten a cursos de lengua italiana fuera de Italia, en todos los pa\u00edses del mundo. \u00bfPorqu\u00e9 lo hacen? El italiano es un idioma de cultura. Conocerlo significa tener acceso a un patrimonio literario de fundamental importancia para la historia de Europa, a textos human\u00edsticos y cient\u00edficos de gran valor, [&hellip;]","protected":false},"author":1,"featured_media":0,"parent":0,"menu_order":4,"comment_status":"closed","ping_status":"closed","template":"","meta":{"footnotes":""},"class_list":["post-93","page","type-page","status-publish","hentry"],"_links":{"self":[{"href":"https:\/\/iicbogota.esteri.it\/es\/wp-json\/wp\/v2\/pages\/93","targetHints":{"allow":["GET"]}}],"collection":[{"href":"https:\/\/iicbogota.esteri.it\/es\/wp-json\/wp\/v2\/pages"}],"about":[{"href":"https:\/\/iicbogota.esteri.it\/es\/wp-json\/wp\/v2\/types\/page"}],"author":[{"embeddable":true,"href":"https:\/\/iicbogota.esteri.it\/es\/wp-json\/wp\/v2\/users\/1"}],"replies":[{"embeddable":true,"href":"https:\/\/iicbogota.esteri.it\/es\/wp-json\/wp\/v2\/comments?post=93"}],"version-history":[{"count":6,"href":"https:\/\/iicbogota.esteri.it\/es\/wp-json\/wp\/v2\/pages\/93\/revisions"}],"predecessor-version":[{"id":3728,"href":"https:\/\/iicbogota.esteri.it\/es\/wp-json\/wp\/v2\/pages\/93\/revisions\/3728"}],"wp:attachment":[{"href":"https:\/\/iicbogota.esteri.it\/es\/wp-json\/wp\/v2\/media?parent=93"}],"curies":[{"name":"wp","href":"https:\/\/api.w.org\/{rel}","templated":true}]}}