{"id":92,"date":"2023-04-03T20:55:02","date_gmt":"2023-04-04T01:55:02","guid":{"rendered":"https:\/\/iicbogota.esteri.it\/chi-siamo\/la-sede\/"},"modified":"2026-01-14T09:47:08","modified_gmt":"2026-01-14T14:47:08","slug":"la-sede","status":"publish","type":"page","link":"https:\/\/iicbogota.esteri.it\/es\/chi-siamo\/la-sede\/","title":{"rendered":"Sede"},"content":{"rendered":"<p>El Istituto Italiano di Cultura de Bogot\u00e1 est\u00e1 ubicado en la <strong>Cl. 35 No. 15-32,<\/strong> en la localidad de Teusaquillo (barrio La Magdalena).<\/p>\n<p>Para visitar el Istituto Italiano di Cultura podr\u00e1s tomar<strong> Transmilenio<\/strong> hasta la estaci\u00f3n de Calle 34 (ex Profamilia) o el<strong> Sitp<\/strong> hasta las paradas: AC 34 &#8211; Kr 16 u Kr 17 &#8211; Cl 34.<\/p>\n<p>Para el 2026 el horario de atenci\u00f3n al p\u00fablico ser\u00e1 de 9:00am a 12:00pm y de 2:00pm a 4:00pm.<\/p>\n<p>&nbsp;<\/p>\n<p><strong><em>Modificaci\u00f3n de ruta por obras Metro Bogot\u00e1:<\/em><\/strong><br \/>\nRecomendamos bajarse en la estaci\u00f3n Calle 34 Temporal o Calle 45.<\/p>\n","protected":false},"excerpt":{"rendered":"El Istituto Italiano di Cultura de Bogot\u00e1 est\u00e1 ubicado en la Cl. 35 No. 15-32, en la localidad de Teusaquillo (barrio La Magdalena). Para visitar el Istituto Italiano di Cultura podr\u00e1s tomar Transmilenio hasta la estaci\u00f3n de Calle 34 (ex Profamilia) o el Sitp hasta las paradas: AC 34 &#8211; Kr 16 u Kr 17 [&hellip;]","protected":false},"author":1,"featured_media":0,"parent":90,"menu_order":2,"comment_status":"closed","ping_status":"closed","template":"","meta":{"footnotes":""},"class_list":["post-92","page","type-page","status-publish","hentry"],"_links":{"self":[{"href":"https:\/\/iicbogota.esteri.it\/es\/wp-json\/wp\/v2\/pages\/92","targetHints":{"allow":["GET"]}}],"collection":[{"href":"https:\/\/iicbogota.esteri.it\/es\/wp-json\/wp\/v2\/pages"}],"about":[{"href":"https:\/\/iicbogota.esteri.it\/es\/wp-json\/wp\/v2\/types\/page"}],"author":[{"embeddable":true,"href":"https:\/\/iicbogota.esteri.it\/es\/wp-json\/wp\/v2\/users\/1"}],"replies":[{"embeddable":true,"href":"https:\/\/iicbogota.esteri.it\/es\/wp-json\/wp\/v2\/comments?post=92"}],"version-history":[{"count":6,"href":"https:\/\/iicbogota.esteri.it\/es\/wp-json\/wp\/v2\/pages\/92\/revisions"}],"predecessor-version":[{"id":6121,"href":"https:\/\/iicbogota.esteri.it\/es\/wp-json\/wp\/v2\/pages\/92\/revisions\/6121"}],"up":[{"embeddable":true,"href":"https:\/\/iicbogota.esteri.it\/es\/wp-json\/wp\/v2\/pages\/90"}],"wp:attachment":[{"href":"https:\/\/iicbogota.esteri.it\/es\/wp-json\/wp\/v2\/media?parent=92"}],"curies":[{"name":"wp","href":"https:\/\/api.w.org\/{rel}","templated":true}]}}