{"id":90,"date":"2023-04-03T20:29:59","date_gmt":"2023-04-04T01:29:59","guid":{"rendered":"https:\/\/iicbogota.esteri.it\/chi-siamo\/"},"modified":"2026-02-09T07:16:48","modified_gmt":"2026-02-09T12:16:48","slug":"chi-siamo","status":"publish","type":"page","link":"https:\/\/iicbogota.esteri.it\/es\/chi-siamo\/","title":{"rendered":"Qui\u00e9nes somos"},"content":{"rendered":"<div>\n<p style=\"text-align: justify;\">El <strong>Istituto Italiano di Cultura de Bogot\u00e1 <\/strong>es un organismo oficial del Ministerio de Relaciones Exteriores y de la Cooperaci\u00f3n Internacional italiano (<em>Ministero degli Affari Esteri e della Cooperazione Internazionale &#8211; MAECI<\/em>) y opera como<strong> Oficina Cultural de la<\/strong><strong> Embajada de Italia en Bogot\u00e1<\/strong>. El Instituto tiene el objetivo de promover y difundir la lengua y la cultura italiana en Colombia mediante la organizaci\u00f3n de <strong>iniciativas culturales<\/strong> relacionadas con Italia, que difundan su vida cultural, art\u00edstica y cient\u00edfica; adem\u00e1s organiza <strong>cursos de idioma<\/strong> dictados por profesores cualificados y de idioma nativo italiano.<\/p>\n<p style=\"text-align: justify;\">El Instituto, tambi\u00e9n ofrece dos sesiones anuales de ex\u00e1menes para conseguir la <strong>certificaci\u00f3n de conocimiento de la lengua italiana como idioma extranjero<\/strong> (ex\u00e1menes <strong>CILS<\/strong>).<\/p>\n<p>El Istituto Italiano di Cultura de Bogot\u00e1 alberga una <strong>Biblioteca<\/strong> con m\u00e1s de 13 mil libros consultables en la Sala de Lectura, en la cual se encuentra tambi\u00e9n guardada la colecci\u00f3n bibliogr\u00e1fica donada por Bruno d&#8217;Amore y Martha Isabel Fati\u00f1o Pinilla.<\/p>\n<p>La entera colecci\u00f3n del Istituto Italiano di Cultura de Bogot\u00e1 comprende tambi\u00e9n una <strong>Biblioteca Digital<\/strong>, con cerca de treinta mil libros de acceso gratuito.<\/p>\n<p>&nbsp;<\/p>\n<p><span style=\"text-decoration: underline;\"><strong><span class=\"titoloNotizia\">Otros servicios<\/span><\/strong><\/span><\/p>\n<p>El Istituto Italiano di Cultura de Bogot\u00e1 ofrece al p\u00fablico los siguientes servicios:<\/p>\n<ul style=\"text-align: justify;\">\n<li>Gestiona las <strong>becas de estudio<\/strong> ofrecidas por el Gobierno Italiano a ciudadanos colombianos y AIRE (<em>Anagrafe degli Italiani Residenti all&#8217;Estero<\/em> &#8211; Registro de los Italianos Residentes en el Exterior);<\/li>\n<li>Gestiona las <strong>Declaraciones de Valor<\/strong> para quienes quieran estudiar en Italia;<\/li>\n<li>Es sede de los ex\u00e1menes ICON (Licenciatura via telem\u00e1tica de Lengua y Cultura italiana para Extranjeros);<\/li>\n<\/ul>\n<\/div>\n<p>&nbsp;<\/p>\n<p>Para mayor informaci\u00f3n acerca de la misi\u00f3n institucional de los <strong>Institutos Italianos de Cultura en el mundo<\/strong> recomendamos entrar en la p\u00e1gina web del<a href=\"https:\/\/www.esteri.it\/it\/diplomazia-culturale-e-diplomazia-scientifica\/cultura\/reteiic\/\"><strong> Ministerio de Asuntos Exteriores y de la Cooperaci\u00f3n Internacional<\/strong><\/a>, en la secci\u00f3n dedicada a la normativa en materia.<\/p>\n<div><\/div>\n<div>El Istituto Italiano di Cultura de Bogot\u00e1 cuenta con colaboraciones de instituciones art\u00edsticas y museales locales, teatros y, en general, de numerosas instituciones dependientes del Ministerio de la Cultura de Colombia y del Alcald\u00eda de Bogot\u00e1. Entre las principales colaboraciones del Instituto se encuentran el Festival de M\u00fasica de Cartagena, la Cinemateca de Bogot\u00e1, la Universidad de los Andes, la Universidad Nacional de Colombia, la Universidad Jorge Tadeo Lozano, entre otras.<\/div>\n<div><\/div>\n<div><\/div>\n<div>El Instituto es parte del <strong>Cl\u00faster Eunic Colombia<\/strong> (EU National Institutes for Culture) y de la <a href=\"https:\/\/www.redcentrosbinacionales.org\/\"><strong>RED<\/strong><\/a> de Centros Binacionales.<\/div>\n<div><\/div>\n","protected":false},"excerpt":{"rendered":"El Istituto Italiano di Cultura de Bogot\u00e1 es un organismo oficial del Ministerio de Relaciones Exteriores y de la Cooperaci\u00f3n Internacional italiano (Ministero degli Affari Esteri e della Cooperazione Internazionale &#8211; MAECI) y opera como Oficina Cultural de la Embajada de Italia en Bogot\u00e1. El Instituto tiene el objetivo de promover y difundir la lengua [&hellip;]","protected":false},"author":1,"featured_media":0,"parent":0,"menu_order":2,"comment_status":"closed","ping_status":"closed","template":"","meta":{"footnotes":""},"class_list":["post-90","page","type-page","status-publish","hentry"],"_links":{"self":[{"href":"https:\/\/iicbogota.esteri.it\/es\/wp-json\/wp\/v2\/pages\/90","targetHints":{"allow":["GET"]}}],"collection":[{"href":"https:\/\/iicbogota.esteri.it\/es\/wp-json\/wp\/v2\/pages"}],"about":[{"href":"https:\/\/iicbogota.esteri.it\/es\/wp-json\/wp\/v2\/types\/page"}],"author":[{"embeddable":true,"href":"https:\/\/iicbogota.esteri.it\/es\/wp-json\/wp\/v2\/users\/1"}],"replies":[{"embeddable":true,"href":"https:\/\/iicbogota.esteri.it\/es\/wp-json\/wp\/v2\/comments?post=90"}],"version-history":[{"count":7,"href":"https:\/\/iicbogota.esteri.it\/es\/wp-json\/wp\/v2\/pages\/90\/revisions"}],"predecessor-version":[{"id":6194,"href":"https:\/\/iicbogota.esteri.it\/es\/wp-json\/wp\/v2\/pages\/90\/revisions\/6194"}],"wp:attachment":[{"href":"https:\/\/iicbogota.esteri.it\/es\/wp-json\/wp\/v2\/media?parent=90"}],"curies":[{"name":"wp","href":"https:\/\/api.w.org\/{rel}","templated":true}]}}