{"id":5202,"date":"2025-06-18T12:48:59","date_gmt":"2025-06-18T17:48:59","guid":{"rendered":"https:\/\/iicbogota.esteri.it\/lingua-e-cultura\/i-corsi-di-lingua\/corsi-estivi\/"},"modified":"2025-11-25T10:41:25","modified_gmt":"2025-11-25T15:41:25","slug":"corsi-estivi","status":"publish","type":"page","link":"https:\/\/iicbogota.esteri.it\/es\/lingua-e-cultura\/i-corsi-di-lingua\/corsi-estivi\/","title":{"rendered":"Cursos Vacacionales"},"content":{"rendered":"<p><em>(Esta p\u00e1gina contiene la informaci\u00f3n para el 2025. Pronto publicaremos la informaci\u00f3n para el 2026)<\/em><\/p>\n<p>Del 16 de julio al 15 de agosto 2025 el Istituto Italiano di Cultura amplia su oferta did\u00e1ctica con sus <strong>cursos vacacionales<\/strong>: curso super-intensivo, taller de pr\u00e1ctica y repaso de italiano y el taller de conversaci\u00f3n.<\/p>\n<p>El <span style=\"color: #ff0000;\"><strong>curso Super-Intensivo<\/strong><\/span> se desarrolla en 60 horas acad\u00e9micas con 3 horas de clase al d\u00eda, de lunes a viernes. El curso inicia el mi\u00e9rcoles 16 de julio y las clases van hasta el 14 de agosto de 2025.<br \/>\nEl curso Super-Intensivo se oferta en todos los niveles (A1, A2, B1, B2 e C1), tiene un valor de <strong>1&#8217;115.000 COP<\/strong> y se realiza en los siguientes horarios:<\/p>\n<ul>\n<li>8:00am &#8211; 11:00am<\/li>\n<li>5:00pm &#8211; 8:00pm<\/li>\n<\/ul>\n<p>El <strong><span style=\"color: #ff0000;\">Taller de pr\u00e1ctica y repaso de italiano<\/span>\u00a0<\/strong>se desarrolla en 30 horas acad\u00e9micas con 2 horas de clase al d\u00eda, de lunes a viernes. El curso se realiza en dos momentos: del 16 de julio al 6 de agosto de 2025 y del 28 de julio hasta el 19 de agosto de 2025.<br \/>\nEl objetivo del curso es repasar y profundizar los temas morfol\u00f3gicos y sint\u00e1cticos abordados en el nivel anterior, de manera que el estudiante pueda enfrentar el siguiente nivel con una base reforzada que le permita continuar su recorrido educativo con mayor fluidez.<br data-start=\"316\" data-end=\"319\" \/>La metodolog\u00eda del curso se basa principalmente en la explicaci\u00f3n de conceptos te\u00f3ricos esenciales para la continuaci\u00f3n de los cursos siguientes y en la elaboraci\u00f3n de ejercicios destinados a fijar dichos temas.<br \/>\nEl Taller de pr\u00e1ctica y repaso de italiano se oferta para los niveles A1, A2 y B1, tiene un valor de <strong>650.000 COP<\/strong> y se realiza en los siguientes horarios:<\/p>\n<ul>\n<li>8:00am &#8211; 10:00am<\/li>\n<li>2:00pm &#8211; 4:00pm<\/li>\n<li>5:00pm &#8211; 7:00pm<\/li>\n<\/ul>\n<p>El <span style=\"color: #ff0000;\"><strong>Taller de conversaci\u00f3n en italiano <\/strong><\/span>se desarrolla en 14 horas acad\u00e9micas con 1 hora y media de clase en los d\u00edas martes, mi\u00e9rcoles y jueves. El curso se realiza del 29 de julio al 14 de agosto de 2025.<\/p>\n<p>En este curso podr\u00e1s mejorar la fluidez y la seguridad en la expresi\u00f3n oral, enriquecer el vocabulario sobre varios temas, corregir errores gramaticales, mejorar la pronunciaci\u00f3n y desarrollar la capacidad de expresar opiniones y relatar experiencias.<br data-start=\"303\" data-end=\"306\" \/>El <strong>programa del taller<\/strong> se desarrolla en 3 semanas:<br data-start=\"356\" data-end=\"359\" \/>\u2013 Semana 1: El viaje y las vacaciones;<br data-start=\"397\" data-end=\"400\" \/>\u2013 Semana 2: El trabajo;<br data-start=\"423\" data-end=\"426\" \/>\u2013 Semana 3: El mundo actual;<\/p>\n<p>El Taller de conversaci\u00f3n en italiano se oferta para los niveles del B1 en adelante, tiene un valor de <strong>350.000 COP<\/strong> y se realiza en los siguientes horarios:<\/p>\n<ul>\n<li>8:30am &#8211; 10:00am<\/li>\n<li>2:30pm &#8211; 4:00pm<\/li>\n<li>5:30pm &#8211; 7:00pm<\/li>\n<\/ul>\n<p>&nbsp;<\/p>\n<p>&nbsp;<\/p>\n<p>Estos son los <strong>descuentos<\/strong> establecidos para el a\u00f1o 2025:<\/p>\n<ul>\n<li>\n<ul>\n<li>Estudiantes activos de la Red de Centros Binacionales (IBRACO, Goethe Institute, British Council, Educaci\u00f3n Colombo-Japonesa, Colombo-Americano): 20% de descuento. Para mayor informaci\u00f3n entra en la p\u00e1gina de la <strong><a href=\"https:\/\/www.redcentrosbinacionales.org\/convenios\/\">Red de Centros Binacionales<\/a><\/strong>;<\/li>\n<li>Estudiantes activos de la Universidades Jorge Tadeo Lozano, Universidad Nacional de Colombia, Universidad de La Salle: 20% de descuento;<\/li>\n<li>Estudiantes activos de la Universidad Sergio Arboleda: 10% de descuento;<\/li>\n<li>Empleados Technip Group\u00a0 (ex-TIPIEL): 20% de descuento;<\/li>\n<\/ul>\n<\/li>\n<\/ul>\n<p>INSCRIPCIONES CERRADAS PARA EL 2025.<\/p>\n","protected":false},"excerpt":{"rendered":"(Esta p\u00e1gina contiene la informaci\u00f3n para el 2025. Pronto publicaremos la informaci\u00f3n para el 2026) Del 16 de julio al 15 de agosto 2025 el Istituto Italiano di Cultura amplia su oferta did\u00e1ctica con sus cursos vacacionales: curso super-intensivo, taller de pr\u00e1ctica y repaso de italiano y el taller de conversaci\u00f3n. El curso Super-Intensivo se [&hellip;]","protected":false},"author":3,"featured_media":0,"parent":94,"menu_order":2,"comment_status":"closed","ping_status":"closed","template":"","meta":{"footnotes":""},"class_list":["post-5202","page","type-page","status-publish","hentry"],"_links":{"self":[{"href":"https:\/\/iicbogota.esteri.it\/es\/wp-json\/wp\/v2\/pages\/5202","targetHints":{"allow":["GET"]}}],"collection":[{"href":"https:\/\/iicbogota.esteri.it\/es\/wp-json\/wp\/v2\/pages"}],"about":[{"href":"https:\/\/iicbogota.esteri.it\/es\/wp-json\/wp\/v2\/types\/page"}],"author":[{"embeddable":true,"href":"https:\/\/iicbogota.esteri.it\/es\/wp-json\/wp\/v2\/users\/3"}],"replies":[{"embeddable":true,"href":"https:\/\/iicbogota.esteri.it\/es\/wp-json\/wp\/v2\/comments?post=5202"}],"version-history":[{"count":5,"href":"https:\/\/iicbogota.esteri.it\/es\/wp-json\/wp\/v2\/pages\/5202\/revisions"}],"predecessor-version":[{"id":6004,"href":"https:\/\/iicbogota.esteri.it\/es\/wp-json\/wp\/v2\/pages\/5202\/revisions\/6004"}],"up":[{"embeddable":true,"href":"https:\/\/iicbogota.esteri.it\/es\/wp-json\/wp\/v2\/pages\/94"}],"wp:attachment":[{"href":"https:\/\/iicbogota.esteri.it\/es\/wp-json\/wp\/v2\/media?parent=5202"}],"curies":[{"name":"wp","href":"https:\/\/api.w.org\/{rel}","templated":true}]}}