{"id":4422,"date":"2023-07-19T10:49:40","date_gmt":"2023-07-19T15:49:40","guid":{"rendered":"https:\/\/iicbogota.esteri.it\/amministrazione-trasparente\/bandi-di-concorso\/"},"modified":"2025-03-03T13:19:41","modified_gmt":"2025-03-03T18:19:41","slug":"bandi-di-concorso","status":"publish","type":"page","link":"https:\/\/iicbogota.esteri.it\/es\/amministrazione-trasparente\/bandi-di-concorso\/","title":{"rendered":"Bandi di concorso"},"content":{"rendered":"<h5>2024:<\/h5>\n<p>Esta oficina no ha realizado convocatorias o <em>bandi di concorso<\/em> para el a\u00f1o 2024.<\/p>\n<hr \/>\n<h5>2023:<\/h5>\n<p>Esta oficina no ha realizado convocatorias o <em>bandi di concorso<\/em> para el a\u00f1o2023.<\/p>\n<hr \/>\n<h5>2022:<\/h5>\n<p>Esta oficina no ha realizado convocatorias o <em>bandi di concorso<\/em> para el a\u00f1o2022.<\/p>\n<hr \/>\n<h5>2021:<\/h5>\n<p><em><strong>29\/06\/2021 &#8211; Convocatoria o Bando para la contrataci\u00f3n de N.1 empleado\/a con contrato a t\u00e9rmino fijo.<\/strong><\/em><\/p>\n<div class=\"entry-content\">\n<p>Se anuncia el av\u00edo de la procedura de selecci\u00f3n para la contrataci\u00f3n, en el Istituto Italiano di Cultura di Bogot\u00e1, de <strong>n. 1 empleado\/a con contrato a t\u00e9rmino fijo de 6 meses para servicios de colaborador administrativo.<\/strong><\/p>\n<p>La solicitud se podr\u00e1 presentar hasta las 12:00pm del 14 de julio de 2021.<\/p>\n<p><em>Aviso de Contrataci\u00f3n<br \/>\n<\/em><em>Listado final de los id\u00f3neos<\/em><\/p>\n<p><span style=\"text-decoration: underline;\">Procedura cerrada.<\/span><\/p>\n<hr \/>\n<h5>2020:<\/h5>\n<p>Esta oficina no ha realizado convocatorias o <em>bandi di concorso<\/em> para el a\u00f1o 2020.<\/p>\n<p>&nbsp;<\/p>\n<\/div>\n","protected":false},"excerpt":{"rendered":"2024: Esta oficina no ha realizado convocatorias o bandi di concorso para el a\u00f1o 2024. 2023: Esta oficina no ha realizado convocatorias o bandi di concorso para el a\u00f1o2023. 2022: Esta oficina no ha realizado convocatorias o bandi di concorso para el a\u00f1o2022. 2021: 29\/06\/2021 &#8211; Convocatoria o Bando para la contrataci\u00f3n de N.1 empleado\/a [&hellip;]","protected":false},"author":1,"featured_media":0,"parent":116,"menu_order":8,"comment_status":"closed","ping_status":"closed","template":"","meta":{"footnotes":""},"class_list":["post-4422","page","type-page","status-publish","hentry"],"_links":{"self":[{"href":"https:\/\/iicbogota.esteri.it\/es\/wp-json\/wp\/v2\/pages\/4422","targetHints":{"allow":["GET"]}}],"collection":[{"href":"https:\/\/iicbogota.esteri.it\/es\/wp-json\/wp\/v2\/pages"}],"about":[{"href":"https:\/\/iicbogota.esteri.it\/es\/wp-json\/wp\/v2\/types\/page"}],"author":[{"embeddable":true,"href":"https:\/\/iicbogota.esteri.it\/es\/wp-json\/wp\/v2\/users\/1"}],"replies":[{"embeddable":true,"href":"https:\/\/iicbogota.esteri.it\/es\/wp-json\/wp\/v2\/comments?post=4422"}],"version-history":[{"count":2,"href":"https:\/\/iicbogota.esteri.it\/es\/wp-json\/wp\/v2\/pages\/4422\/revisions"}],"predecessor-version":[{"id":4426,"href":"https:\/\/iicbogota.esteri.it\/es\/wp-json\/wp\/v2\/pages\/4422\/revisions\/4426"}],"up":[{"embeddable":true,"href":"https:\/\/iicbogota.esteri.it\/es\/wp-json\/wp\/v2\/pages\/116"}],"wp:attachment":[{"href":"https:\/\/iicbogota.esteri.it\/es\/wp-json\/wp\/v2\/media?parent=4422"}],"curies":[{"name":"wp","href":"https:\/\/api.w.org\/{rel}","templated":true}]}}