{"id":4382,"date":"2025-03-05T12:02:37","date_gmt":"2025-03-05T17:02:37","guid":{"rendered":"https:\/\/iicbogota.esteri.it\/?page_id=4382"},"modified":"2025-03-05T12:02:26","modified_gmt":"2025-03-05T17:02:26","slug":"ser-sponsor-de-las-actividades-del-iic","status":"publish","type":"page","link":"https:\/\/iicbogota.esteri.it\/es\/chi-siamo\/la-sede\/ser-sponsor-de-las-actividades-del-iic\/","title":{"rendered":"Ser sponsor de las actividades del IIC"},"content":{"rendered":"<p>En el \u00e1mbito de las actividades de promoci\u00f3n externa del idioma y de la cultura italiana, el Istituto Italiano di Cultura di Bogot\u00e0 cada a\u00f1o realiza numerosos eventos art\u00edsticos-culturales, de promoci\u00f3n y difusi\u00f3n de alto nivel institucional. A tal efecto, este Istituto Italiano di Cultura decide beneficiarse de la <strong>sponsorizaci\u00f3n de entidades p\u00fablicas o privadas<\/strong> interesadas que, mediante contraprestaci\u00f3n en dinero y\/o suministros o servicios, <strong>deseen promocionar su imagen a trav\u00e9s de la publicaci\u00f3n de su logo en las invitaciones u otro material promocional realizado en el marco del evento (afiche, banners, cat\u00e1logo, newsletter, etc)<\/strong>.<\/p>\n<p><strong>La convocatoria para esas iniciativas siempre est\u00e1 abierta y publicada en la p\u00e1gina web de este Istituto Italiano di Cultura.<\/strong><\/p>\n<p>Los sponsors tendr\u00e1n la posibilidad de promover la propia imagen seg\u00fan las modalidades que ser\u00e1n concordadas con el Istituto Italiano di Cultura di Bogot\u00e1 en el contrato de sponsorizaci\u00f3n que ser\u00e1 realizado seg\u00fan las indicaciones presentes en el <a href=\"https:\/\/iicbogota.esteri.it\/wp-content\/uploads\/2025\/03\/Avviso-Sponsorizzazione-ESP_Firmato.pdf\"><strong>aviso<\/strong><\/a>.<\/p>\n<p>El patrocinio, la donaci\u00f3n y todo tipo de liberalidad, igual que todas las actividades de la Administraci\u00f3n P\u00fablica tienen que perseguir los objetivos de inter\u00e9s p\u00fablico (art.43 de la Ley n.449\/1997).<\/p>\n<p>Los sujetos interesados pueden enviar un correo a <a href=\"mailto:iicbogota@esteri.it\">iicbogota@esteri.it<\/a>. El mensaje deber\u00e1 tener como asunto <em><strong>&#8220;Manifestaci\u00f3n de inter\u00e9s para ser sponsor&#8221;<\/strong><\/em> e incluir los documentos listados a continuaci\u00f3n, diligenciados y firmados:<\/p>\n<ul>\n<li><a href=\"https:\/\/iicbogota.esteri.it\/wp-content\/uploads\/2025\/03\/Modulo-manifestacion-de-interes_SPA.docx\">M\u00f3dulo para manifestaci\u00f3n de inter\u00e9s para convertirse en sponsor<\/a><\/li>\n<li style=\"text-align: justify;\"><a href=\"https:\/\/iicbogota.esteri.it\/wp-content\/uploads\/2025\/03\/Anexo-1-Declaracion-sustitutiva.pdf\">Declaraci\u00f3n sustitutiva<\/a><\/li>\n<li><a href=\"https:\/\/iicbogota.esteri.it\/wp-content\/uploads\/2025\/03\/Anexo-2-normativa-sobre-la-proteccion-de-datos-personales_ESP.pdf\">Declaraci\u00f3n sobre la protecci\u00f3n de los datos personales<\/a><\/li>\n<\/ul>\n<p>La manifestaci\u00f3n de inter\u00e9s deber\u00e1 presentar todos los elementos \u00fatiles para identificar al sujeto, especificando el sector de la actividad de competencia.<\/p>\n<p><strong>Esta comunicaci\u00f3n no compromete en alg\u00fan modo al Instituto, que se reserva el derecho de evaluar la propuesta.<\/strong><\/p>\n<p>El Istituto Italiano di Cultura se reserva la posibilidad de efectuar una selecci\u00f3n de las ofertas de convertirse en sponsor, seg\u00fan los principios de transparencia e imparcialidad, para evitar todo tipo de conflictos de inter\u00e9s entre actividad p\u00fablica y privada, posibles da\u00f1os al prestigio y a las iniciativas del Instituto, es decir cuando la oferta se considere inaceptable por razones de conveniencia o contrariedad a la ley italiana.<\/p>\n<p>Como ampliaci\u00f3n de lo anterior, el Istituto se reserva la posibilidad de publicar a continuaci\u00f3n avisos p\u00fablicos para la b\u00fasqueda de patrocinadores con motivo de eventos espec\u00edficos.<\/p>\n<p>&nbsp;<\/p>\n","protected":false},"excerpt":{"rendered":"En el \u00e1mbito de las actividades de promoci\u00f3n externa del idioma y de la cultura italiana, el Istituto Italiano di Cultura di Bogot\u00e0 cada a\u00f1o realiza numerosos eventos art\u00edsticos-culturales, de promoci\u00f3n y difusi\u00f3n de alto nivel institucional. A tal efecto, este Istituto Italiano di Cultura decide beneficiarse de la sponsorizaci\u00f3n de entidades p\u00fablicas o privadas [&hellip;]","protected":false},"author":3,"featured_media":0,"parent":92,"menu_order":0,"comment_status":"closed","ping_status":"closed","template":"","meta":{"footnotes":""},"class_list":["post-4382","page","type-page","status-publish","hentry"],"_links":{"self":[{"href":"https:\/\/iicbogota.esteri.it\/es\/wp-json\/wp\/v2\/pages\/4382","targetHints":{"allow":["GET"]}}],"collection":[{"href":"https:\/\/iicbogota.esteri.it\/es\/wp-json\/wp\/v2\/pages"}],"about":[{"href":"https:\/\/iicbogota.esteri.it\/es\/wp-json\/wp\/v2\/types\/page"}],"author":[{"embeddable":true,"href":"https:\/\/iicbogota.esteri.it\/es\/wp-json\/wp\/v2\/users\/3"}],"replies":[{"embeddable":true,"href":"https:\/\/iicbogota.esteri.it\/es\/wp-json\/wp\/v2\/comments?post=4382"}],"version-history":[{"count":6,"href":"https:\/\/iicbogota.esteri.it\/es\/wp-json\/wp\/v2\/pages\/4382\/revisions"}],"predecessor-version":[{"id":4539,"href":"https:\/\/iicbogota.esteri.it\/es\/wp-json\/wp\/v2\/pages\/4382\/revisions\/4539"}],"up":[{"embeddable":true,"href":"https:\/\/iicbogota.esteri.it\/es\/wp-json\/wp\/v2\/pages\/92"}],"wp:attachment":[{"href":"https:\/\/iicbogota.esteri.it\/es\/wp-json\/wp\/v2\/media?parent=4382"}],"curies":[{"name":"wp","href":"https:\/\/api.w.org\/{rel}","templated":true}]}}