{"id":4010,"date":"2025-01-25T18:32:11","date_gmt":"2025-01-25T23:32:11","guid":{"rendered":"https:\/\/iicbogota.esteri.it\/chi-siamo\/la-sede\/netiquette\/"},"modified":"2025-01-29T20:59:35","modified_gmt":"2025-01-30T01:59:35","slug":"netiquette","status":"publish","type":"page","link":"https:\/\/iicbogota.esteri.it\/es\/chi-siamo\/la-sede\/netiquette\/","title":{"rendered":"Netiquette"},"content":{"rendered":"<div class=\"entry-content\">\n<p>El Instituto Italiano de Cultura de Bogot\u00e1 utiliza las redes sociales con fines institucionales, para aumentar la transparencia y el conocimiento de sus actividades: informa, comunica, escucha y publica contenidos de car\u00e1cter institucional.<\/p>\n<p>Los perfiles oficiales del Instituto Italiano de Cultura de Bogot\u00e1 son los siguientes:<\/p>\n<p><a href=\"https:\/\/www.facebook.com\/iic.bogota\/\">Facebook<\/a>;<br \/>\n<a href=\"https:\/\/www.instagram.com\/iicbogota\/\">Instagram<\/a>;<br \/>\n<a href=\"https:\/\/x.com\/IICBogota\">X<\/a>;<br \/>\n<a href=\"https:\/\/www.youtube.com\/@IICBogota\">Youtube;<\/a><br \/>\n<a href=\"https:\/\/www.iicbogotapodcast.com\/\">P\u00e1gina web del podcast del IIC<\/a>.<\/p>\n<p>Los contenidos publicados incluyen fotograf\u00edas, videos institucionales, comunicados de prensa, informaci\u00f3n de servicio y noticias relacionadas con las actividades de esta sede, as\u00ed como oportunidades de participaci\u00f3n de los ciudadanos. Los datos personales se utilizan respetando la normativa destinada a su protecci\u00f3n.<\/p>\n<p>A trav\u00e9s de sus propios canales sociales, el Instituto Italiano de Cultura de Bogot\u00e1 puede compartir y difundir contenidos y mensajes de inter\u00e9s p\u00fablico y utilidad publicados por otros usuarios.<\/p>\n<p>El Instituto Italiano de Cultura de Bogot\u00e1 se compromete a gestionar espacios de comunicaci\u00f3n y di\u00e1logo dentro de sus propios perfiles en redes sociales, solicitando a sus usuarios el respeto de algunas reglas simples:<\/p>\n<div class=\"flex max-w-full flex-col flex-grow\">\n<div class=\"min-h-8 text-message flex w-full flex-col items-end gap-2 whitespace-normal break-words text-start [.text-message+&amp;]:mt-5\" dir=\"auto\" data-message-author-role=\"assistant\" data-message-id=\"9430830e-7163-43ae-b723-9b6b51a4ead7\" data-message-model-slug=\"gpt-4o-mini\">\n<div class=\"flex w-full flex-col gap-1 empty:hidden first:pt-[3px]\">\n<div class=\"markdown prose w-full break-words dark:prose-invert dark\">\n<ul>\n<li>A todos se les pide expresar su opini\u00f3n con correcci\u00f3n, moderaci\u00f3n y respeto.<\/li>\n<li>En las redes sociales, cada persona es responsable de los contenidos que publica y de las opiniones que expresa.<\/li>\n<li>No se tolerar\u00e1n insultos, vulgaridades, ofensas, amenazas y, en general, actitudes violentas o difamatorias.<\/li>\n<li>Los contenidos publicados deben siempre respetar la protecci\u00f3n de los datos personales.<\/li>\n<li>Se deben evitar referencias a hechos o detalles irrelevantes para el \u00e1mbito p\u00fablico que puedan afectar la esfera personal de terceros.<\/li>\n<li>El inter\u00e9s de los temas relacionados con las actividades de esta Sede es un requisito esencial: no es posible utilizar estos espacios para fines distintos a los institucionales.<\/li>\n<li>Cada discusi\u00f3n est\u00e1 vinculada a un tema espec\u00edfico: se pide a todos los participantes que lo respeten, evitando ampliar el debate de manera gen\u00e9rica e indiscriminada.<\/li>\n<li>No se tolerar\u00e1 ninguna forma de publicidad, spam o promoci\u00f3n de intereses privados o actividades ilegales.<\/li>\n<li>No se permitir\u00e1n contenidos que infrinjan los derechos de autor ni el uso no autorizado de marcas registradas.<\/li>\n<\/ul>\n<p>En cualquier caso, cuando el canal social lo permita, el personal eliminar\u00e1 todos los posts, comentarios o materiales de audio\/video que:<\/p>\n<ul>\n<li>Presenten un lenguaje inapropiado y\/o un tono amenazante, violento, vulgar o irrespetuoso;<\/li>\n<li>Contengan contenidos il\u00edcitos o inciten a realizar actividades ilegales;<\/li>\n<li>Incluyan contenidos ofensivos, enga\u00f1osos, alarmistas, o que infrinjan los derechos de terceros;<\/li>\n<li>Divulguen datos e informaci\u00f3n personal o que puedan causar da\u00f1os o da\u00f1ar la reputaci\u00f3n de terceros;<\/li>\n<li>Contengan materiales obscenos, pornogr\u00e1ficos o pedo pornogr\u00e1ficos, o que ofendan la sensibilidad de los usuarios;<\/li>\n<li>Presenten contenidos discriminatorios por g\u00e9nero, raza, etnia, idioma, creencias religiosas, opiniones pol\u00edticas, orientaci\u00f3n sexual, edad, condiciones personales y sociales;<\/li>\n<li>Promuevan o apoyen actividades ilegales, violaciones de derechos de autor o el uso indebido de una marca registrada.<\/li>\n<\/ul>\n<p>Para aquellos que violen repetidamente estas condiciones o las pol\u00edticas de las plataformas utilizadas, el Consulado General se reserva el derecho de aplicar el ban o bloqueo (cuando sea posible despu\u00e9s de una primera advertencia) para evitar futuras intervenciones, y de informar al usuario a los responsables de la plataforma e incluso a las autoridades correspondientes.<\/p>\n<\/div>\n<\/div>\n<\/div>\n<\/div>\n<p>Los canales social del Instituto Italiano de Cultura de Bogot\u00e1 no sustituyen los canales de acceso de los servicios de informaci\u00f3n y asistencia de la Embajada de Italia de Bogot\u00e1 y de la Administraci\u00f3n, en particular los canales del MAECI (<a href=\"http:\/\/www.esteri.it\">http:\/\/www.esteri.it<\/a>), de la Oficina Relaciones con el P\u00fablico (<a href=\"http:\/\/www.esteri.it\/mae\/it\/ministero\/servizi\/sportello_info\/\">http:\/\/www.esteri.it\/mae\/it\/ministero\/servizi\/sportello_info\/<\/a>) y de la Sala Operativa dell\u2019Unit\u00e0 di Crisi (<a href=\"http:\/\/www.esteri.it\/mae\/it\/ministero\/servizi\/unita_crisi\/\">http:\/\/www.esteri.it\/mae\/it\/ministero\/servizi\/unita_crisi\/<\/a>).<\/p>\n<\/div>\n","protected":false},"excerpt":{"rendered":"El Instituto Italiano de Cultura de Bogot\u00e1 utiliza las redes sociales con fines institucionales, para aumentar la transparencia y el conocimiento de sus actividades: informa, comunica, escucha y publica contenidos de car\u00e1cter institucional. Los perfiles oficiales del Instituto Italiano de Cultura de Bogot\u00e1 son los siguientes: Facebook; Instagram; X; Youtube; P\u00e1gina web del podcast del [&hellip;]","protected":false},"author":3,"featured_media":0,"parent":92,"menu_order":0,"comment_status":"closed","ping_status":"closed","template":"","meta":{"footnotes":""},"class_list":["post-4010","page","type-page","status-publish","hentry"],"_links":{"self":[{"href":"https:\/\/iicbogota.esteri.it\/es\/wp-json\/wp\/v2\/pages\/4010","targetHints":{"allow":["GET"]}}],"collection":[{"href":"https:\/\/iicbogota.esteri.it\/es\/wp-json\/wp\/v2\/pages"}],"about":[{"href":"https:\/\/iicbogota.esteri.it\/es\/wp-json\/wp\/v2\/types\/page"}],"author":[{"embeddable":true,"href":"https:\/\/iicbogota.esteri.it\/es\/wp-json\/wp\/v2\/users\/3"}],"replies":[{"embeddable":true,"href":"https:\/\/iicbogota.esteri.it\/es\/wp-json\/wp\/v2\/comments?post=4010"}],"version-history":[{"count":4,"href":"https:\/\/iicbogota.esteri.it\/es\/wp-json\/wp\/v2\/pages\/4010\/revisions"}],"predecessor-version":[{"id":4043,"href":"https:\/\/iicbogota.esteri.it\/es\/wp-json\/wp\/v2\/pages\/4010\/revisions\/4043"}],"up":[{"embeddable":true,"href":"https:\/\/iicbogota.esteri.it\/es\/wp-json\/wp\/v2\/pages\/92"}],"wp:attachment":[{"href":"https:\/\/iicbogota.esteri.it\/es\/wp-json\/wp\/v2\/media?parent=4010"}],"curies":[{"name":"wp","href":"https:\/\/api.w.org\/{rel}","templated":true}]}}