{"id":337,"date":"2023-08-31T12:47:26","date_gmt":"2023-08-31T17:47:26","guid":{"rendered":"https:\/\/iicbogota.esteri.it\/?page_id=337"},"modified":"2026-01-14T10:00:16","modified_gmt":"2026-01-14T15:00:16","slug":"docentes-y-textos","status":"publish","type":"page","link":"https:\/\/iicbogota.esteri.it\/es\/lingua-e-cultura\/i-corsi-di-lingua\/docentes-y-textos\/","title":{"rendered":"Docentes y textos"},"content":{"rendered":"<p><strong>PROFESORES PARA EL A\u00d1O ACAD\u00c9MICO 2026<br \/>\n<\/strong>&#8211; Gloria Brenna<br \/>\n&#8211; Eduardo Sastoque<br \/>\n&#8211; Vito Ottati<br \/>\n&#8211; Adriano Pozzobon<\/p>\n<p><strong><a href=\"https:\/\/iicbogota.esteri.it\/wp-content\/uploads\/2025\/12\/Graduatoria-prof.-esterni.pdf\">Listado <\/a>profesores externos para cursos de idioma y cultura italiana.<\/strong><\/p>\n<p><span class=\"titoloRosso\"><strong>TEXTOS Y MATERIALES DID\u00c1CTICO PARA EL A\u00d1O ACAD\u00c9MICO 2026<\/strong><\/span><\/p>\n<p>&#8211; <em>Dieci.<\/em> Editorial Alma Edizioni. $100.000<\/p>\n<p>Adem\u00e1s de los libros oficiales (incluidos en el valor del curso), durante los cursos se entregar\u00e1n materiales (ejercicios, video, audio, canciones, textos) que ser\u00e1n entregados gratuitamente por los docentes.<\/p>\n<p>Para cualquier informaci\u00f3n, puedes contactar nuestra coordinaci\u00f3n de cursos al correo: <span style=\"text-decoration: underline;\">corsi.iicbogota@esteri.it<\/span><\/p>\n","protected":false},"excerpt":{"rendered":"PROFESORES PARA EL A\u00d1O ACAD\u00c9MICO 2026 &#8211; Gloria Brenna &#8211; Eduardo Sastoque &#8211; Vito Ottati &#8211; Adriano Pozzobon Listado profesores externos para cursos de idioma y cultura italiana. TEXTOS Y MATERIALES DID\u00c1CTICO PARA EL A\u00d1O ACAD\u00c9MICO 2026 &#8211; Dieci. Editorial Alma Edizioni. $100.000 Adem\u00e1s de los libros oficiales (incluidos en el valor del curso), durante [&hellip;]","protected":false},"author":3,"featured_media":0,"parent":94,"menu_order":3,"comment_status":"closed","ping_status":"closed","template":"","meta":{"footnotes":""},"class_list":["post-337","page","type-page","status-publish","hentry"],"_links":{"self":[{"href":"https:\/\/iicbogota.esteri.it\/es\/wp-json\/wp\/v2\/pages\/337","targetHints":{"allow":["GET"]}}],"collection":[{"href":"https:\/\/iicbogota.esteri.it\/es\/wp-json\/wp\/v2\/pages"}],"about":[{"href":"https:\/\/iicbogota.esteri.it\/es\/wp-json\/wp\/v2\/types\/page"}],"author":[{"embeddable":true,"href":"https:\/\/iicbogota.esteri.it\/es\/wp-json\/wp\/v2\/users\/3"}],"replies":[{"embeddable":true,"href":"https:\/\/iicbogota.esteri.it\/es\/wp-json\/wp\/v2\/comments?post=337"}],"version-history":[{"count":6,"href":"https:\/\/iicbogota.esteri.it\/es\/wp-json\/wp\/v2\/pages\/337\/revisions"}],"predecessor-version":[{"id":6126,"href":"https:\/\/iicbogota.esteri.it\/es\/wp-json\/wp\/v2\/pages\/337\/revisions\/6126"}],"up":[{"embeddable":true,"href":"https:\/\/iicbogota.esteri.it\/es\/wp-json\/wp\/v2\/pages\/94"}],"wp:attachment":[{"href":"https:\/\/iicbogota.esteri.it\/es\/wp-json\/wp\/v2\/media?parent=337"}],"curies":[{"name":"wp","href":"https:\/\/api.w.org\/{rel}","templated":true}]}}