{"id":3156,"date":"2024-08-12T14:57:25","date_gmt":"2024-08-12T19:57:25","guid":{"rendered":"https:\/\/iicbogota.esteri.it\/?page_id=3156"},"modified":"2024-12-04T12:47:44","modified_gmt":"2024-12-04T17:47:44","slug":"test-de-nivel","status":"publish","type":"page","link":"https:\/\/iicbogota.esteri.it\/es\/lingua-e-cultura\/i-corsi-di-lingua\/test-de-nivel\/","title":{"rendered":"Test de nivelaci\u00f3n"},"content":{"rendered":"<p><strong>TEST DE NIVELACI\u00d3N<\/strong><\/p>\n<ul>\n<li>Los estudiantes interesados en realizar estudios en Italia pueden hacer un test de nivelaci\u00f3n del conocimiento del idioma en el Istituto Italiano di Cultura. Para mayor informaci\u00f3n sobre la inscripci\u00f3n a dicho test, escribir un correo a <a href=\"mailto:corsi.iicbogota@esteri.it\">iicbogota@esteri.it<\/a>.<\/li>\n<\/ul>\n<p><strong>\u00a0EL TEST ES \u00daNICAMENTE PRESENCIAL Y PERSONAL<\/strong>. Se realizar\u00e1 en la sede del Istituto Italiano di Cultura de Bogot\u00e1 (Cl. 35 No. 15-32) seg\u00fan las fechas establecidas en el calendario acad\u00e9mico, y el horario de inicio ser\u00e1 a las 9 de la ma\u00f1ana.<\/p>\n<p><strong>Las fechas y los horarios de dicho TEST se han establecido seg\u00fan el calendario acad\u00e9mico y no es posible POR NING\u00daN MOTIVO modificarlos. Las personas inscritas al test deber\u00e1n presentarse en la sede del Istituto en la fecha y hora indicada con un documento de identidad. Se solicita m\u00e1xima puntualidad y disponibilidad de tiempo.<\/strong><\/p>\n<p>&nbsp;<\/p>\n<p><strong>ATENCI\u00d3N:<\/strong> <strong>EL TEST DE NIVELACI\u00d3N SE PODR\u00c1 REPETIR CADA DOS MESES.<\/strong><\/p>\n<p style=\"text-align: center;\">\n","protected":false},"excerpt":{"rendered":"TEST DE NIVELACI\u00d3N Los estudiantes interesados en realizar estudios en Italia pueden hacer un test de nivelaci\u00f3n del conocimiento del idioma en el Istituto Italiano di Cultura. Para mayor informaci\u00f3n sobre la inscripci\u00f3n a dicho test, escribir un correo a iicbogota@esteri.it. \u00a0EL TEST ES \u00daNICAMENTE PRESENCIAL Y PERSONAL. Se realizar\u00e1 en la sede del Istituto [&hellip;]","protected":false},"author":3,"featured_media":0,"parent":94,"menu_order":4,"comment_status":"closed","ping_status":"closed","template":"","meta":{"footnotes":""},"class_list":["post-3156","page","type-page","status-publish","hentry"],"_links":{"self":[{"href":"https:\/\/iicbogota.esteri.it\/es\/wp-json\/wp\/v2\/pages\/3156","targetHints":{"allow":["GET"]}}],"collection":[{"href":"https:\/\/iicbogota.esteri.it\/es\/wp-json\/wp\/v2\/pages"}],"about":[{"href":"https:\/\/iicbogota.esteri.it\/es\/wp-json\/wp\/v2\/types\/page"}],"author":[{"embeddable":true,"href":"https:\/\/iicbogota.esteri.it\/es\/wp-json\/wp\/v2\/users\/3"}],"replies":[{"embeddable":true,"href":"https:\/\/iicbogota.esteri.it\/es\/wp-json\/wp\/v2\/comments?post=3156"}],"version-history":[{"count":6,"href":"https:\/\/iicbogota.esteri.it\/es\/wp-json\/wp\/v2\/pages\/3156\/revisions"}],"predecessor-version":[{"id":3762,"href":"https:\/\/iicbogota.esteri.it\/es\/wp-json\/wp\/v2\/pages\/3156\/revisions\/3762"}],"up":[{"embeddable":true,"href":"https:\/\/iicbogota.esteri.it\/es\/wp-json\/wp\/v2\/pages\/94"}],"wp:attachment":[{"href":"https:\/\/iicbogota.esteri.it\/es\/wp-json\/wp\/v2\/media?parent=3156"}],"curies":[{"name":"wp","href":"https:\/\/api.w.org\/{rel}","templated":true}]}}