{"id":303,"date":"2023-08-03T11:32:09","date_gmt":"2023-08-03T16:32:09","guid":{"rendered":"https:\/\/iicbogota.esteri.it\/?page_id=303"},"modified":"2026-01-19T09:43:01","modified_gmt":"2026-01-19T14:43:01","slug":"metodos-y-niveles","status":"publish","type":"page","link":"https:\/\/iicbogota.esteri.it\/es\/lingua-e-cultura\/i-corsi-di-lingua\/metodos-y-niveles\/","title":{"rendered":"M\u00e9todo, horarios y niveles"},"content":{"rendered":"<div class=\"entry-content\">\n<p>El Istituto Italiano di Cultura ofrece cursos de italiano sobre las bases de los niveles indicados para el <a href=\"https:\/\/europa.eu\/europass\/it\/common-european-framework-reference-language-skills\"><strong>Quadro comune europeo di riferimento per la conoscenza delle lingue<\/strong><\/a>(QCER): basico(A1 o A2), independiente (B1 o B2), avanzado (B2 + u C1).<\/p>\n<p>Las clases tienen una duraci\u00f3n de 60 horas sea para los cursos intensivos bimestrales que para los cursos semi-intensivos. Las clases son presenciales y virtuales (en vivo, con el profesor siempre conectado para garantizar la interacci\u00f3n constante con los estudiantes).<\/p>\n<p>Las clases presenciales tendr\u00e1n lugar en nuestra sede del Istituto Italiano di Cultura (Cl. 35 No. 15 -32), mientras que las clases virtuales se ofrecen a trav\u00e9s de la plataforma &#8220;<em>Istituto Italiano di Cultura Piattaforma online<\/em>\u201d.<\/p>\n<p>Las clases se dictan con el auxilio del manual\u00a0&#8220;<em>Dieci<\/em>&#8221; de la editorial Alma Edizioni, adem\u00e1s contamos con material did\u00e1ctico complementario que ser\u00e1 entregado a los estudiantes durante el curso.<\/p>\n<\/div>\n<div class=\"entry-content\">\n<p><span class=\"titoloRosso\"><strong>OBJETIVOS CURRICULARES<\/strong><br \/>\n<\/span><br \/>\n&#8211; Desarrollo constante y progresivo de competencias con la finalidad de mejorar la comprensi\u00f3n, producci\u00f3n e interacci\u00f3n, tanto a nivel oral como escrito;<br \/>\n&#8211; Desarrollo constante y gradual de los mecanismos de adquisici\u00f3n y de aprendizaje;<br \/>\n&#8211; Progresiva atenci\u00f3n a las estrategias de interacci\u00f3n;<br \/>\n&#8211; Consolidaci\u00f3n de las cuatro habilidades ling\u00fc\u00edsticas principales: comprensi\u00f3n oral, comprensi\u00f3n escrita, comunicaci\u00f3n oral y producci\u00f3n escrita;<br \/>\n&#8211; Consolidaci\u00f3n de nociones hist\u00f3ricas, art\u00edsticas y culturales sobre Italia.<\/p>\n<p>&nbsp;<\/p>\n<p style=\"text-align: center;\"><span style=\"text-decoration: underline;\">Para realizar el test de nivelaci\u00f3n escribir a iicbogota@esteri.it o leer la informaci\u00f3n en la p\u00e1gina &#8220;<a href=\"https:\/\/iicbogota.esteri.it\/es\/lingua-e-cultura\/i-corsi-di-lingua\/test-de-nivel\/\">Test de nivelaci\u00f3n<\/a>&#8220;.<\/span><\/p>\n<h2 style=\"text-align: center;\"><span style=\"text-decoration: underline;\"><strong>CALENDARIO DE LAS CLASES PARA EL A\u00d1O 2026<\/strong><\/span><\/h2>\n<p style=\"text-align: center;\"><img loading=\"lazy\" decoding=\"async\" class=\"img-fluid aligncenter wp-image-6134 size-full\" src=\"https:\/\/iicbogota.esteri.it\/wp-content\/uploads\/2026\/01\/CALENDARIO-2026-v5-website.jpg\" alt=\"\" width=\"842\" height=\"1191\" srcset=\"https:\/\/iicbogota.esteri.it\/wp-content\/uploads\/2026\/01\/CALENDARIO-2026-v5-website.jpg 842w, https:\/\/iicbogota.esteri.it\/wp-content\/uploads\/2026\/01\/CALENDARIO-2026-v5-website-212x300.jpg 212w, https:\/\/iicbogota.esteri.it\/wp-content\/uploads\/2026\/01\/CALENDARIO-2026-v5-website-724x1024.jpg 724w, https:\/\/iicbogota.esteri.it\/wp-content\/uploads\/2026\/01\/CALENDARIO-2026-v5-website-768x1086.jpg 768w\" sizes=\"auto, (max-width: 842px) 100vw, 842px\" \/><\/p>\n<p>El <strong>curso semi-intensivo<\/strong>, tanto presencial como virtual, se lleva a cabo cuatro horas en la ma\u00f1ana del s\u00e1bado por un total de <strong>64 horas<\/strong>. El curso semi-intensivo requiere ulterior trabajo por parte del estudiante fuera del horario de las clases. Las clases se realizar\u00e1n en el siguiente horario:<\/p>\n<ul>\n<li>8:00am &#8211; 12:15pm (con 15 minutos de pausa).<\/li>\n<\/ul>\n<p>El <strong>curso intensivo<\/strong>, presencial o virtual, se desarrolla de lunes a viernes dos horas al d\u00eda en diferentes horarios. El curso intensivo tiene una duraci\u00f3n de <strong>64 horas<\/strong> y la mayor\u00eda del trabajo se realiza en clase con el acompa\u00f1amiento del profesor.<\/p>\n<p>Podr\u00e1s escoger entre estos horarios:<\/p>\n<ul>\n<li>7:00am a 9:00am<\/li>\n<li>9:15am a 11:15am<\/li>\n<li>2:00pm a 4:00pm<\/li>\n<li>5:00pm a 7:00pm;<\/li>\n<li>6:00pm a 8:00pm.<\/li>\n<\/ul>\n<p>&nbsp;<\/p>\n<p>Las clases seguir\u00e1n el calendario oficial de los cursos y presentar\u00e1n pausas en los d\u00edas feriales colombianos. Para conocer el calendario de cierre de las oficinas del Istituto Italiano di Cultura entra en la secci\u00f3n <strong><a href=\"https:\/\/iicbogota.esteri.it\/es\/chi-siamo\/contatti\/\">contactos<\/a>.<\/strong><\/p>\n<p>&nbsp;<\/p>\n<\/div>\n<p>Para los que quisieran certificar su nivel de italiano, por razones de estudio en Italia o como requerimiento para conseguir el diploma de grado en una universidad colombiana, el Instituto, en alianza con las Universit\u00e1 degli Stranieri di Perugia y de Siena, ofrece la posibilidad de presentar los ex\u00e1menes de certificaci\u00f3n internacionales para el conocimiento del idioma italiano (CELI y CILS). Para mayor informaci\u00f3n (calendario, inscripciones y tarifas) consultar la secci\u00f3n <a href=\"https:\/\/iicbogota.esteri.it\/es\/lingua-e-cultura\/certificazioni\/\"><strong>Certificaciones<\/strong>.<\/a><\/p>\n","protected":false},"excerpt":{"rendered":"El Istituto Italiano di Cultura ofrece cursos de italiano sobre las bases de los niveles indicados para el Quadro comune europeo di riferimento per la conoscenza delle lingue(QCER): basico(A1 o A2), independiente (B1 o B2), avanzado (B2 + u C1). Las clases tienen una duraci\u00f3n de 60 horas sea para los cursos intensivos bimestrales que [&hellip;]","protected":false},"author":3,"featured_media":0,"parent":94,"menu_order":2,"comment_status":"closed","ping_status":"closed","template":"","meta":{"footnotes":""},"class_list":["post-303","page","type-page","status-publish","hentry"],"_links":{"self":[{"href":"https:\/\/iicbogota.esteri.it\/es\/wp-json\/wp\/v2\/pages\/303","targetHints":{"allow":["GET"]}}],"collection":[{"href":"https:\/\/iicbogota.esteri.it\/es\/wp-json\/wp\/v2\/pages"}],"about":[{"href":"https:\/\/iicbogota.esteri.it\/es\/wp-json\/wp\/v2\/types\/page"}],"author":[{"embeddable":true,"href":"https:\/\/iicbogota.esteri.it\/es\/wp-json\/wp\/v2\/users\/3"}],"replies":[{"embeddable":true,"href":"https:\/\/iicbogota.esteri.it\/es\/wp-json\/wp\/v2\/comments?post=303"}],"version-history":[{"count":7,"href":"https:\/\/iicbogota.esteri.it\/es\/wp-json\/wp\/v2\/pages\/303\/revisions"}],"predecessor-version":[{"id":6146,"href":"https:\/\/iicbogota.esteri.it\/es\/wp-json\/wp\/v2\/pages\/303\/revisions\/6146"}],"up":[{"embeddable":true,"href":"https:\/\/iicbogota.esteri.it\/es\/wp-json\/wp\/v2\/pages\/94"}],"wp:attachment":[{"href":"https:\/\/iicbogota.esteri.it\/es\/wp-json\/wp\/v2\/media?parent=303"}],"curies":[{"name":"wp","href":"https:\/\/api.w.org\/{rel}","templated":true}]}}