{"id":284,"date":"2023-08-25T18:06:01","date_gmt":"2023-08-25T23:06:01","guid":{"rendered":"https:\/\/iicbogota.esteri.it\/?page_id=284"},"modified":"2025-01-21T12:26:54","modified_gmt":"2025-01-21T17:26:54","slug":"la-biblioteca-digital","status":"publish","type":"page","link":"https:\/\/iicbogota.esteri.it\/es\/lingua-e-cultura\/biblioteca\/la-biblioteca-digital\/","title":{"rendered":"La Biblioteca Digital"},"content":{"rendered":"<div>\n<p style=\"text-align: center;\"><em>\u00bfEst\u00e1s buscando un <strong>cat\u00e1logo de literatura italiana en idioma italiano<\/strong> que te permita explorar la extensa narrativa del Bel Paese? \u00bfEres amante de la <strong>filosof\u00eda, el arte o narrativa italiana<\/strong>? \u00bfEres un estudiante en b\u00fasqueda de lecturas que te puedan ayudar con el <strong>aprendizaje del idioma<\/strong> o de audiolibros que te permitan <strong>mejorar tu pronunciaci\u00f3n<\/strong>?<\/em><\/p>\n<p>&nbsp;<\/p>\n<p>El Istituto Italiano di Cultura de Bogot\u00e1 abri\u00f3 una nueva plataforma para disfrutar de una amplia selecci\u00f3n de obras de la literatura italiana y mundial, en formato e-book, audiolibro (en streaming o download), de m\u00fasica y peri\u00f3dicos italianos.<\/p>\n<p>La Biblioteca Digitale es un <strong>servicio totalmente gratuito<\/strong> para los usuarios registrados en el sistema, con el cual ponemos a disposici\u00f3n de todos los residentes en Colombia miles de libros en italiano, adem\u00e1s de la posibilidad de consultar algunos entre los principales peri\u00f3dicos y revistas de nuestro pa\u00eds.<\/p>\n<p>Esta herramienta entregar\u00e1 <strong>nuevas posibilidades did\u00e1cticas<\/strong> a todas las instituciones y personas que se ocupan de ense\u00f1anza y de la promoci\u00f3n del idioma italiano en Colombia. Adem\u00e1s, el acceso gratuito a los peri\u00f3dicos y a las revistas italianas, contribuye en la difusi\u00f3n de mayor conciencia acerca de lo que ocurre en Italia, tambi\u00e9n desde una mirada econ\u00f3mica. El servicio MLOL (<em>Media Library On-Line<\/em>), escogido por IIC Bogot\u00e1, permite consultar gratuitamente un peri\u00f3dico como<em> Il Sole 24 Ore<\/em> o las p\u00e1ginas econ\u00f3micas del <em>Corriere della Sera<\/em>.<\/p>\n<p>La Biblioteca Digital pone a disposici\u00f3n de los usuarios registrados,<strong> 24 horas al d\u00eda y 7 d\u00edas a la semana,<\/strong> m\u00e1s de <strong>30 mil libros y audiolibros<\/strong>. Adem\u00e1s, el sistema MLOL abre a los usuarios registrados una <strong>amplia selecci\u00f3n de recursos abiertos<\/strong>: una colecci\u00f3n completamente gratuita de e-book, audiolibros, partituras musicales, manuscritos, mapas, recursos de e-learning, archivos audio y v\u00eddeos.<\/p>\n<p>&nbsp;<\/p>\n<p>&nbsp;<\/p>\n<p><em><strong>\u00bfC\u00f3mo funciona la Biblioteca Digital?<\/strong><\/em><\/p>\n<p>Para poder<strong> consultar la<\/strong> <strong>colecci\u00f3n bibliogr\u00e1fica y la hemeroteca de la Biblioteca Digital<\/strong>, es \u00fanicamente necesario inscribirse al servicio. La inscripci\u00f3n se realiza enviando un correo a <strong><a href=\"mailto:biblioteca.iicbogota@esteri.it\">biblioteca.iicbogota@esteri.it<\/a>\u00a0<\/strong>(direcci\u00f3n a la cual tambi\u00e9n es posible escribir por cualquier duda o problema t\u00e9cnico) en el cual se indique la voluntad de acceder al servicio, comunicando el nombre y el correo para la activaci\u00f3n del perfil.<\/p>\n<p>A continuaci\u00f3n se deber\u00e1 esperar un correo de Medialibrary con las credenciales de acceso. Se deber\u00e1 entrar en el enlace presente en el correo para poder activar el usuario.<\/p>\n<p>Los libros digitales y los peri\u00f3dicos pueden ser consultados desde un computador o descargados y le\u00eddos en una tablet, a trav\u00e9s de aplicaciones gratuitas como <em>PressReader<\/em> (para los peri\u00f3dicos) o <em>MLOL Ebook Reader<\/em> (para los libros).<\/p>\n<p>&nbsp;<\/p>\n<p style=\"text-align: center;\"><a href=\"https:\/\/iicbogota.medialibrary.it\/media\/esplora.aspx\"><img loading=\"lazy\" decoding=\"async\" class=\"alignnone wp-image-2180 img-fluid\" src=\"https:\/\/iicbogota.esteri.it\/wp-content\/uploads\/2024\/01\/BOTON-BIBLIOTECA-01-300x101.jpg\" alt=\"\" width=\"365\" height=\"123\" srcset=\"https:\/\/iicbogota.esteri.it\/wp-content\/uploads\/2024\/01\/BOTON-BIBLIOTECA-01-300x101.jpg 300w, https:\/\/iicbogota.esteri.it\/wp-content\/uploads\/2024\/01\/BOTON-BIBLIOTECA-01.jpg 700w\" sizes=\"auto, (max-width: 365px) 100vw, 365px\" \/><\/a><\/p>\n<p>&nbsp;<\/p>\n<p>MLOL es una herramienta compleja y no todas sus funciones son de inmediata comprensi\u00f3n: ac\u00e1 puedes entrar a la <strong><a href=\"https:\/\/iicbogota.medialibrary.it\/pagine\/pagina.aspx?id=882\">gu\u00eda general<\/a>.<\/strong><\/p>\n<\/div>\n","protected":false},"excerpt":{"rendered":"\u00bfEst\u00e1s buscando un cat\u00e1logo de literatura italiana en idioma italiano que te permita explorar la extensa narrativa del Bel Paese? \u00bfEres amante de la filosof\u00eda, el arte o narrativa italiana? \u00bfEres un estudiante en b\u00fasqueda de lecturas que te puedan ayudar con el aprendizaje del idioma o de audiolibros que te permitan mejorar tu pronunciaci\u00f3n? [&hellip;]","protected":false},"author":3,"featured_media":0,"parent":98,"menu_order":2,"comment_status":"closed","ping_status":"closed","template":"","meta":{"footnotes":""},"class_list":["post-284","page","type-page","status-publish","hentry"],"_links":{"self":[{"href":"https:\/\/iicbogota.esteri.it\/es\/wp-json\/wp\/v2\/pages\/284","targetHints":{"allow":["GET"]}}],"collection":[{"href":"https:\/\/iicbogota.esteri.it\/es\/wp-json\/wp\/v2\/pages"}],"about":[{"href":"https:\/\/iicbogota.esteri.it\/es\/wp-json\/wp\/v2\/types\/page"}],"author":[{"embeddable":true,"href":"https:\/\/iicbogota.esteri.it\/es\/wp-json\/wp\/v2\/users\/3"}],"replies":[{"embeddable":true,"href":"https:\/\/iicbogota.esteri.it\/es\/wp-json\/wp\/v2\/comments?post=284"}],"version-history":[{"count":6,"href":"https:\/\/iicbogota.esteri.it\/es\/wp-json\/wp\/v2\/pages\/284\/revisions"}],"predecessor-version":[{"id":3966,"href":"https:\/\/iicbogota.esteri.it\/es\/wp-json\/wp\/v2\/pages\/284\/revisions\/3966"}],"up":[{"embeddable":true,"href":"https:\/\/iicbogota.esteri.it\/es\/wp-json\/wp\/v2\/pages\/98"}],"wp:attachment":[{"href":"https:\/\/iicbogota.esteri.it\/es\/wp-json\/wp\/v2\/media?parent=284"}],"curies":[{"name":"wp","href":"https:\/\/api.w.org\/{rel}","templated":true}]}}