{"id":281,"date":"2023-08-25T18:07:30","date_gmt":"2023-08-25T23:07:30","guid":{"rendered":"https:\/\/iicbogota.esteri.it\/?page_id=281"},"modified":"2025-01-21T11:33:41","modified_gmt":"2025-01-21T16:33:41","slug":"opac-catalogo-online","status":"publish","type":"page","link":"https:\/\/iicbogota.esteri.it\/es\/lingua-e-cultura\/biblioteca\/opac-catalogo-online\/","title":{"rendered":"OPAC &#8211; Cat\u00e1logo online"},"content":{"rendered":"<p><strong>ATENCI\u00d3N: La Biblioteca del IIC se encuentra cerrada y no ser\u00e1 posible realizar el pr\u00e9stamo de los libros.<\/strong><\/p>\n<p>La biblioteca del Instituto Italiano de Cultura de\u00a0Bogot\u00e1 cuenta con un<strong> CAT\u00c1LOGO ON-LINE\u00a0<\/strong>donde el usuario puede realizar las siguientes operaciones:<\/p>\n<ul>\n<li>b\u00fasqueda simple o avanzada (por titulo o por autor) en toda la colecci\u00f3n o solo en la secci\u00f3n relativa a material no librario (video, Cd, Dvd, etc.) denominada &#8216;mediateca&#8217;<\/li>\n<li>consultar nuevas adquisiciones<\/li>\n<li>enviar listas bibliograficas por correo electr\u00f3nico a diversos destinatarios<\/li>\n<li>proponer nuevas adquisiciones<\/li>\n<li>obtener informaci\u00f3n y datos estad\u00edsticos de la biblioteca<\/li>\n<li>acceder a los recursos virtuales de lengua, literatura y cultura italiana disponibles en internet<\/li>\n<\/ul>\n","protected":false},"excerpt":{"rendered":"ATENCI\u00d3N: La Biblioteca del IIC se encuentra cerrada y no ser\u00e1 posible realizar el pr\u00e9stamo de los libros. La biblioteca del Instituto Italiano de Cultura de\u00a0Bogot\u00e1 cuenta con un CAT\u00c1LOGO ON-LINE\u00a0donde el usuario puede realizar las siguientes operaciones: b\u00fasqueda simple o avanzada (por titulo o por autor) en toda la colecci\u00f3n o solo en la [&hellip;]","protected":false},"author":3,"featured_media":0,"parent":98,"menu_order":1,"comment_status":"closed","ping_status":"closed","template":"","meta":{"footnotes":""},"class_list":["post-281","page","type-page","status-publish","hentry"],"_links":{"self":[{"href":"https:\/\/iicbogota.esteri.it\/es\/wp-json\/wp\/v2\/pages\/281","targetHints":{"allow":["GET"]}}],"collection":[{"href":"https:\/\/iicbogota.esteri.it\/es\/wp-json\/wp\/v2\/pages"}],"about":[{"href":"https:\/\/iicbogota.esteri.it\/es\/wp-json\/wp\/v2\/types\/page"}],"author":[{"embeddable":true,"href":"https:\/\/iicbogota.esteri.it\/es\/wp-json\/wp\/v2\/users\/3"}],"replies":[{"embeddable":true,"href":"https:\/\/iicbogota.esteri.it\/es\/wp-json\/wp\/v2\/comments?post=281"}],"version-history":[{"count":4,"href":"https:\/\/iicbogota.esteri.it\/es\/wp-json\/wp\/v2\/pages\/281\/revisions"}],"predecessor-version":[{"id":3954,"href":"https:\/\/iicbogota.esteri.it\/es\/wp-json\/wp\/v2\/pages\/281\/revisions\/3954"}],"up":[{"embeddable":true,"href":"https:\/\/iicbogota.esteri.it\/es\/wp-json\/wp\/v2\/pages\/98"}],"wp:attachment":[{"href":"https:\/\/iicbogota.esteri.it\/es\/wp-json\/wp\/v2\/media?parent=281"}],"curies":[{"name":"wp","href":"https:\/\/api.w.org\/{rel}","templated":true}]}}