{"id":272,"date":"2023-08-25T15:37:26","date_gmt":"2023-08-25T20:37:26","guid":{"rendered":"https:\/\/iicbogota.esteri.it\/?page_id=272"},"modified":"2026-01-14T09:40:06","modified_gmt":"2026-01-14T14:40:06","slug":"declaracion-de-valor","status":"publish","type":"page","link":"https:\/\/iicbogota.esteri.it\/es\/lingua-e-cultura\/studiare-in-italia\/declaracion-de-valor\/","title":{"rendered":"Declaraci\u00f3n de valor"},"content":{"rendered":"<p><strong>DECLARACI\u00d3N DE VALOR: EQUIVALENCIA DE T\u00cdTULOS DE ESTUDIO.<\/strong><\/p>\n<p>Los t\u00edtulos de estudios extranjeros no se reconocen autom\u00e1ticamente en Italia. Los ciudadanos italianos residentes en Colombia y los ciudadanos colombianos interesados en el reconocimiento en Italia por motivos de estudio o de trabajo (&#8220;equivalencia&#8221;) de sus t\u00edtulos de estudios extranjeros, expedidos por Instituciones oficialmente reconocidas por el Ministerio de Educaci\u00f3n Nacional colombiano pueden presentar solicitud de declaraci\u00f3n de valor ante la Embajada de Italia.<\/p>\n<p>&nbsp;<\/p>\n<p><strong>QU\u00c9 ES LA DECLARACI\u00d3N DE VALOR ?<\/strong><\/p>\n<p>Los extranjeros y los italianos residentes en el extranjero pueden tener acceso a las Universidades italianas <strong>presentando a la Embajada una solicitud<\/strong> a la que se le debe adjuntar la documentaci\u00f3n prevista. Esta documentaci\u00f3n tiene que ser aprobada por las competentes Autoridades italianas, en base a la evaluaci\u00f3n de los t\u00edtulos de estudios conseguidos en el extranjero. La\u00a0Embajada de Italia, adem\u00e1s, debe verificar y certificar que los t\u00edtulos de estudios de media superior permitan la admisi\u00f3n a los cursos universitarios de acuerdo al ordenamiento del Pa\u00eds en el cual han sido conseguidos (Declaraci\u00f3n de Valor &#8211; &#8220;Dichiarazione di Valore&#8221;).<\/p>\n<p>La Declaraci\u00f3n de Valor es uno de los instrumentos que las instituciones italianas pueden utilizar para el reconocimiento de los t\u00edtulos extranjeros. La Declaraci\u00f3n de Valor aunque no es indispensable, es requerida en la gran mayor\u00eda de los casos. En efecto hay m\u00e9todos alternativos que las instituciones universitarias italianas u otras entidades italianas competentes al respecto pueden aceptar. La Declaraci\u00f3n de Valor la pueden solicitar ciudadanos italianos y extranjeros que hayan obtenido un titulo en Colombia. <span style=\"text-decoration: underline;\"><br \/>\n<\/span><\/p>\n<p>&nbsp;<\/p>\n<p><strong>C\u00d3MO SOLICITAR LA DECLARACIONES DE VALOR Y C\u00d3MO REALIZAR LA PRE-INSCRIPCI\u00d3N UNIVERSITARIA:<\/strong><\/p>\n<p>Desde el 2 de mayo de 2019 los documentos de Pre-inscripci\u00f3n universitaria y Declaraci\u00f3n de valor se entregan directamente a la Embajada de Italia en Bogot\u00e1, <strong>previa solicitud de cita enviando un correo a estudios.iicbogota@esteri.it<\/strong>. <span style=\"text-decoration: underline;\">La cita debe ser confirmada<\/span> respondiendo al correo de asignaci\u00f3n de la misma.<\/p>\n<p>Para informaci\u00f3n sobre los tr\u00e1mites de estudios en Italia y Declaraciones de Valor, los interesados podr\u00e1n continuar c<strong>omunic\u00e1ndose con la Oficina de Estudios v\u00eda telef\u00f3nica al (+57) 601- 4865180 Lunes y Mi\u00e9rcoles de 8.30 a 10.00 a.m. o (preferiblemente) escribiendo al correo <a href=\"mailto:estudios.iicbogota@esteri.it\">estudios.iicbogota@esteri.it<\/a>.<\/strong><\/p>\n<p><strong>Para mayor informaci\u00f3n sobre los tramites es posible consultar la p\u00e1gina dedicada en el sitio web de la <a href=\"https:\/\/ambbogota.esteri.it\/es\/italia-e-colombia\/diplomazia-culturale\/studiare-in-italia\/declaraciones-de-valor\/\">Embajada de Italia<\/a>.<\/strong><\/p>\n<p>&nbsp;<\/p>\n<p><em><strong>Presentaci\u00f3n de los documentos:<\/strong><\/em><\/p>\n<p>En el caso en que el interesado a solicitar la <strong>Declaraci\u00f3n de Valor (DDV)<\/strong> no pueda presentarse en persona a la Embajada, es posible que los documentos sean entregados por parte de una tercera persona <strong>solo con Poder Notariado y<\/strong> <strong>Apostillado<\/strong>.<br \/>\nEn cambio, en el caso de<strong> Pre-inscripci\u00f3n universitaria (PU), no se puede apoderar terceros <\/strong>y la persona interesada deber\u00e1 entregar los documentos <strong>presencial y personalmente<\/strong>.<\/p>\n<p><span style=\"text-decoration: underline;\">ATENCI\u00d3N: La Embajada de Italia y el Instituto Italiano de Cultura no han autorizado a ninguna agencia intermediaria para la presentaci\u00f3n de las solicitudes.<\/span><\/p>\n<p>&nbsp;<\/p>\n<p><strong>TARIFA DECLARACI\u00d3N DE VALOR<br \/>\n<\/strong><\/p>\n<p>La\u00a0 <span style=\"text-decoration: underline;\">declaraci\u00f3n de valor por motivo de estudio es gratuita<\/span> presentando carta de aceptaci\u00f3n o pre-aceptaci\u00f3n emitida por parte de la Universidad o Instituci\u00f3n educativa italiana.<br \/>\n<span class=\"titoloRosso\">La declaraci\u00f3n de Valor <\/span>por motivos diferentes al estudio tiene un valor que se actualiza cada tres meses. Para el periodo entre <strong>el 1 de enero y el 31 de marzo de 2026 el valor de la declaraci\u00f3n de valor es de $ 224.200 pesos colombianos<\/strong>.<\/p>\n<p>Puedes descargar en el enlace a continuaci\u00f3n el <a href=\"https:\/\/iicbogota.esteri.it\/es\/news\/dall_istituto\/2024\/01\/avviso-per-il-pubblico-dichiarazione-di-valore\/\">instructivo para efectuar el pago<\/a> de la declaraci\u00f3n de valor.<\/p>\n<p>Puedes consultar el <a href=\"https:\/\/iicbogota.esteri.it\/wp-content\/uploads\/2023\/10\/elenco_traduttori.pdf\">Listado de los Traductores<\/a> acreditados en la Embajada de Italia.<\/p>\n<p>&nbsp;<\/p>\n<p><span style=\"color: #339966;\"><strong>LISTADO DE LOS REQUISITOS PARA EL A\u00d1O ACAD\u00c9MICO 2025-2026:<\/strong><strong>\u00a0<\/strong><\/span><\/p>\n<ol>\n<li><a href=\"https:\/\/iicbogota.esteri.it\/wp-content\/uploads\/2025\/04\/PU-Laurea-Triennale-DDV-2025-2026.docx\">Laurea Triennale<\/a><\/li>\n<li><a href=\"https:\/\/iicbogota.esteri.it\/wp-content\/uploads\/2025\/04\/PU-Laurea-Magistrale-o-Specialistica-Master-of-Science-Master-Universitario-de-primer-nivel-DDV-2025-2026.docx\">Laurea Magistrale o Specialistica<\/a><\/li>\n<li><a href=\"https:\/\/iicbogota.esteri.it\/wp-content\/uploads\/2025\/04\/PU-Laurea-Triennale-DDV-Instituciones-AFAM-2025-2026.docx\">AFAM I Nivel<\/a><\/li>\n<li><a href=\"https:\/\/iicbogota.esteri.it\/wp-content\/uploads\/2025\/04\/PU-Pre-Grado-de-II-nivel-DDV-Instituciones-AFAM-2025-2026.docx\">AFAM II Nivel<\/a><\/li>\n<li><a href=\"https:\/\/iicbogota.esteri.it\/wp-content\/uploads\/2025\/04\/PU-Laurea-Triennale-estudiantes-Colegios-italianos-en-Colombia-2025-2026.docx\">Laurea Triennale Studenti Scuole Paritarie in Colombia<\/a><\/li>\n<li><a href=\"https:\/\/iicbogota.esteri.it\/wp-content\/uploads\/2025\/04\/PU-Laurea-Magistrale-o-Specialistica-Master-of-Science-Master-Universitario-de-primer-nivel-DDV-2025-2026.docx\">Master Universitario o Dottorato<\/a><\/li>\n<\/ol>\n<p>&nbsp;<\/p>\n<p>(actualizado el 14\/01\/2026)<\/p>\n","protected":false},"excerpt":{"rendered":"DECLARACI\u00d3N DE VALOR: EQUIVALENCIA DE T\u00cdTULOS DE ESTUDIO. Los t\u00edtulos de estudios extranjeros no se reconocen autom\u00e1ticamente en Italia. Los ciudadanos italianos residentes en Colombia y los ciudadanos colombianos interesados en el reconocimiento en Italia por motivos de estudio o de trabajo (&#8220;equivalencia&#8221;) de sus t\u00edtulos de estudios extranjeros, expedidos por Instituciones oficialmente reconocidas por [&hellip;]","protected":false},"author":3,"featured_media":0,"parent":97,"menu_order":0,"comment_status":"closed","ping_status":"closed","template":"","meta":{"footnotes":""},"class_list":["post-272","page","type-page","status-publish","hentry"],"_links":{"self":[{"href":"https:\/\/iicbogota.esteri.it\/es\/wp-json\/wp\/v2\/pages\/272","targetHints":{"allow":["GET"]}}],"collection":[{"href":"https:\/\/iicbogota.esteri.it\/es\/wp-json\/wp\/v2\/pages"}],"about":[{"href":"https:\/\/iicbogota.esteri.it\/es\/wp-json\/wp\/v2\/types\/page"}],"author":[{"embeddable":true,"href":"https:\/\/iicbogota.esteri.it\/es\/wp-json\/wp\/v2\/users\/3"}],"replies":[{"embeddable":true,"href":"https:\/\/iicbogota.esteri.it\/es\/wp-json\/wp\/v2\/comments?post=272"}],"version-history":[{"count":6,"href":"https:\/\/iicbogota.esteri.it\/es\/wp-json\/wp\/v2\/pages\/272\/revisions"}],"predecessor-version":[{"id":6107,"href":"https:\/\/iicbogota.esteri.it\/es\/wp-json\/wp\/v2\/pages\/272\/revisions\/6107"}],"up":[{"embeddable":true,"href":"https:\/\/iicbogota.esteri.it\/es\/wp-json\/wp\/v2\/pages\/97"}],"wp:attachment":[{"href":"https:\/\/iicbogota.esteri.it\/es\/wp-json\/wp\/v2\/media?parent=272"}],"curies":[{"name":"wp","href":"https:\/\/api.w.org\/{rel}","templated":true}]}}