{"id":269,"date":"2023-08-03T11:24:56","date_gmt":"2023-08-03T16:24:56","guid":{"rendered":"https:\/\/iicbogota.esteri.it\/?page_id=269"},"modified":"2026-04-16T10:01:00","modified_gmt":"2026-04-16T15:01:00","slug":"modalidad-de-inscripcion-y-calendario","status":"publish","type":"page","link":"https:\/\/iicbogota.esteri.it\/es\/lingua-e-cultura\/i-corsi-di-lingua\/modalidad-de-inscripcion-y-calendario\/","title":{"rendered":"Modalidad de inscripci\u00f3n y calendario"},"content":{"rendered":"<div class=\"entry-content\">\n<p><strong>TARIFA DEL CURSO DE ITALIANO<br \/>\n<\/strong><\/p>\n<p>Los cursos de italiano para el a\u00f1o 2026 tienen un valor de <strong>1.250.000 COP<\/strong> con el material did\u00e1ctico incluido. Te recordamos que los cursos virtuales incluyen un libro digital, mientras que los cursos presenciales cuentan con un libro f\u00edsico.<\/p>\n<\/div>\n<p>El valor del curso <span style=\"text-decoration: underline;\"><strong>corresponde a un nivel de italiano<\/strong><\/span>.<br \/>\nPara conocer nuestra oferta did\u00e1ctica entra en la secci\u00f3n <strong><a href=\"https:\/\/iicbogota.esteri.it\/es\/lingua-e-cultura\/i-corsi-di-lingua\/metodos-y-niveles\/\">M\u00e9todos y Niveles<\/a><\/strong>.<\/p>\n<div class=\"entry-content\">\n<p>Para conocer el calendario de los cursos, nuestros profesores y el material did\u00e1ctico entra en la secci\u00f3n <strong><a href=\"https:\/\/iicbogota.esteri.it\/es\/lingua-e-cultura\/i-corsi-di-lingua\/docentes-y-textos\/\">Docentes y Textos<\/a>.<\/strong><\/p>\n<p>&nbsp;<\/p>\n<p><strong>DESCUENTOS<\/strong><\/p>\n<p>El Istituto Italiano di Cultura ofrece descuentos sobre el pago del curso a personas procedentes de instituciones con las cuales existe un convenio vigente. Para disfrutar del descuento tendr\u00e1s que demostrar, al momento de la inscripci\u00f3n, ser un estudiante activo de las entidades aliadas, enviando a corsi.iicbogota@esteri.it un certificado o un recibo de pago del \u00faltimo semestre.<\/p>\n<p>Estos son los descuentos establecidos para el a\u00f1o 2025:<\/p>\n<ul>\n<li style=\"list-style-type: none;\">\n<ul>\n<li>Estudiantes activos de la Red de Centros Binacionales (IBRACO, Goethe Institute, British Council, Educaci\u00f3n Colombo-Japonesa, Colombo-Americano): 20% de descuento. Para mayor informaci\u00f3n entra en la p\u00e1gina de la <strong><a href=\"https:\/\/www.redcentrosbinacionales.org\/convenios\/\">Red de Centros Binacionales<\/a><\/strong>;<\/li>\n<li>Estudiantes activos de la Universidades Jorge Tadeo Lozano, Universidad Nacional de Colombia, Universidad de La Salle: 20% de descuento;<\/li>\n<li>Estudiantes activos de la Universidad Sergio Arboleda: 10% de descuento;<\/li>\n<li>Empleados Technip Group\u00a0 (ex-TIPIEL): 20% de descuento;<\/li>\n<\/ul>\n<\/li>\n<\/ul>\n<p style=\"text-align: center;\"><strong><em>CALENDARIO PARA LAS INSCRIPCIONES 2026<\/em><\/strong><\/p>\n<p>&nbsp;<\/p>\n<p style=\"text-align: center;\">Para empezar tu proceso de inscripci\u00f3n deber\u00e1s realizar la pre-inscripci\u00f3n a trav\u00e9s del siguiente enlace. Te contactaremos con la informaci\u00f3n de pago:<\/p>\n<div class=\"entry-content\">\n<p style=\"text-align: center;\"><a href=\"https:\/\/forms.office.com\/r\/LDyd358sCv\"><strong>Ingresa en el enlace para pre-inscribirte en nuestro curso INTENSIVOS.<\/strong><\/a><br \/>\n<u>Para garantizar la comunicaci\u00f3n recuerda <b>escribir correctamente tu n\u00famero de tel\u00e9fono y correo electr\u00f3nico.<\/b><\/u><\/p>\n<\/div>\n<p style=\"text-align: center;\"><img loading=\"lazy\" decoding=\"async\" class=\"img-fluid aligncenter wp-image-6134 size-full\" src=\"https:\/\/iicbogota.esteri.it\/wp-content\/uploads\/2026\/01\/CALENDARIO-2026-v5-website.jpg\" alt=\"\" width=\"842\" height=\"1191\" srcset=\"https:\/\/iicbogota.esteri.it\/wp-content\/uploads\/2026\/01\/CALENDARIO-2026-v5-website.jpg 842w, https:\/\/iicbogota.esteri.it\/wp-content\/uploads\/2026\/01\/CALENDARIO-2026-v5-website-212x300.jpg 212w, https:\/\/iicbogota.esteri.it\/wp-content\/uploads\/2026\/01\/CALENDARIO-2026-v5-website-724x1024.jpg 724w, https:\/\/iicbogota.esteri.it\/wp-content\/uploads\/2026\/01\/CALENDARIO-2026-v5-website-768x1086.jpg 768w\" sizes=\"auto, (max-width: 842px) 100vw, 842px\" \/><\/p>\n<\/div>\n<div class=\"entry-content\">\n<p><em><strong>PASO A PASO PARA LA INSCRIPCI\u00d3N A LOS CURSOS:<\/strong><\/em><\/p>\n<p>1. Escoge tu curso:<\/p>\n<ul>\n<li>Semi-intensivo (s\u00e1bado) de 8:00 a 12:15 con 15 minutos de pausa;<\/li>\n<li>Intensivo (de lunes a viernes) en las siguientes franjas:\n<ul>\n<li>de 7:00 a 9:00am<\/li>\n<li>de 9:15 a 11:15am<\/li>\n<li>de 2:00pm a 4:00pm<\/li>\n<li>de 5:00 a 7:00pm<\/li>\n<li>de 6:00 a 8:00pm<\/li>\n<\/ul>\n<\/li>\n<li>Oferta de talleres: <a href=\"https:\/\/iicbogota.esteri.it\/es\/lingua-e-cultura\/i-corsi-di-lingua\/corsi-estivi\/\"><strong>cursos vacacionales<\/strong><\/a>.<\/li>\n<\/ul>\n<\/div>\n<div class=\"entry-content\">\n<p><strong><a href=\"https:\/\/forms.office.com\/r\/LDyd358sCv\">2. Diligencia el modulo de pre-inscripci\u00f3n<\/a> <\/strong>con tus datos de contacto y te enviaremos la informaci\u00f3n para proceder con el pago;<\/p>\n<p>3. Realiza el pago accediendo al link de pago (PSE, Nequi, Davivienda y tarjetas de cr\u00e9dito \/ d\u00e9bito) que te enviaremos en respuesta o acerc\u00e1ndote a las oficinas del Istituto Italiano di Cultura (Cl. 35 No. 15 &#8211; 32), donde podr\u00e1s pagar en efectivo o con dat\u00e1fono.<\/p>\n<h6><span style=\"text-decoration: underline;\"><em>Solo para los cursos virtuales<\/em><\/span>:<\/h6>\n<h6>Si tomas un curso virtual con nosotros, te recordamos que puedes acceder a la plataforma virtual desde el siguiente enlace: <a href=\"https:\/\/learning.iicbogota.co\/\">https:\/\/learning.iicbogota.co\/<\/a><\/h6>\n<p>Si eres un nuevo estudiante, recibir\u00e1s tus credenciales antes de la fecha de inicio del curso a la direcci\u00f3n de correo electr\u00f3nico que nos has indicado al momento de la inscripci\u00f3n. En cambio, si durante el a\u00f1o acad\u00e9mico 2025 ya has tomado un curso virtual, tus credenciales seguir\u00e1n siendo las mismas que ya has recibido, en caso de no recordar los datos de ingreso, intenta realizar el cambio de tu contrase\u00f1a en el siguiente enlace: <a href=\"https:\/\/learning.iicbogota.co\/login\/forgot_password.php\">https:\/\/learning.iicbogota.co\/login\/forgot_password.php<\/a><\/p>\n<\/div>\n<div class=\"entry-content\"><strong><strong>HORARIOS DE ATENCI\u00d3N AL P\u00daBLICO:<br \/>\n<\/strong><\/strong>La Oficina de Coordinaci\u00f3n de Cursos atiende <strong><strong><span style=\"text-decoration: underline;\">solo con cita previa <\/span><\/strong><\/strong>que puedes solicitar enviando un correo a <strong><strong><span style=\"text-decoration: underline;\">corsi.iicbogota@esteri.it.<\/span><br \/>\n<span style=\"text-decoration: underline; color: #ff0000;\">Solo en las semanas de inscripciones la atenci\u00f3n al p\u00fablico es de lunes a viernes de 9:00am a 12:00pm y de 2:00pm a 4:00pm <\/span><\/strong><\/strong>&#8211; las semanas de inscripciones son las resaltadas en amarillo en el calendario de los cursos que encuentras en esta p\u00e1gina.<\/div>\n<div><\/div>\n<div>Para conocer el calendario de las festividades entra en la secci\u00f3n <a href=\"https:\/\/iicbogota.esteri.it\/es\/chi-siamo\/contatti\/\"><strong>Contactos<\/strong><\/a>.<\/div>\n<div class=\"entry-content\"><strong><br \/>\n<\/strong><span style=\"text-decoration: underline;\"><strong>Si tienes dudas escribe a <\/strong><strong>corsi.iicbogota@esteri.it<\/strong><\/span><\/div>\n","protected":false},"excerpt":{"rendered":"TARIFA DEL CURSO DE ITALIANO Los cursos de italiano para el a\u00f1o 2026 tienen un valor de 1.250.000 COP con el material did\u00e1ctico incluido. Te recordamos que los cursos virtuales incluyen un libro digital, mientras que los cursos presenciales cuentan con un libro f\u00edsico. El valor del curso corresponde a un nivel de italiano. Para [&hellip;]","protected":false},"author":3,"featured_media":0,"parent":94,"menu_order":1,"comment_status":"closed","ping_status":"closed","template":"","meta":{"footnotes":""},"class_list":["post-269","page","type-page","status-publish","hentry"],"_links":{"self":[{"href":"https:\/\/iicbogota.esteri.it\/es\/wp-json\/wp\/v2\/pages\/269","targetHints":{"allow":["GET"]}}],"collection":[{"href":"https:\/\/iicbogota.esteri.it\/es\/wp-json\/wp\/v2\/pages"}],"about":[{"href":"https:\/\/iicbogota.esteri.it\/es\/wp-json\/wp\/v2\/types\/page"}],"author":[{"embeddable":true,"href":"https:\/\/iicbogota.esteri.it\/es\/wp-json\/wp\/v2\/users\/3"}],"replies":[{"embeddable":true,"href":"https:\/\/iicbogota.esteri.it\/es\/wp-json\/wp\/v2\/comments?post=269"}],"version-history":[{"count":7,"href":"https:\/\/iicbogota.esteri.it\/es\/wp-json\/wp\/v2\/pages\/269\/revisions"}],"predecessor-version":[{"id":6520,"href":"https:\/\/iicbogota.esteri.it\/es\/wp-json\/wp\/v2\/pages\/269\/revisions\/6520"}],"up":[{"embeddable":true,"href":"https:\/\/iicbogota.esteri.it\/es\/wp-json\/wp\/v2\/pages\/94"}],"wp:attachment":[{"href":"https:\/\/iicbogota.esteri.it\/es\/wp-json\/wp\/v2\/media?parent=269"}],"curies":[{"name":"wp","href":"https:\/\/api.w.org\/{rel}","templated":true}]}}