{"id":116,"date":"2023-04-03T20:32:25","date_gmt":"2023-04-04T01:32:25","guid":{"rendered":"https:\/\/iicbogota.esteri.it\/amministrazione-trasparente\/"},"modified":"2025-03-03T11:46:12","modified_gmt":"2025-03-03T16:46:12","slug":"amministrazione-trasparente","status":"publish","type":"page","link":"https:\/\/iicbogota.esteri.it\/es\/amministrazione-trasparente\/","title":{"rendered":"Administraci\u00f3n transparente"},"content":{"rendered":"<div class=\"entry-content\">\n<p>Las oficinas diplom\u00e1tico-consulares en el extranjero son extensiones perif\u00e9ricas del Ministerio de Asuntos Exteriores y Cooperaci\u00f3n Internacional, que garantiza la transparencia de sus datos a trav\u00e9s de la secci\u00f3n \u00abadministraci\u00f3n transparente\u00bb en el sitio <a href=\"http:\/\/www.esteri.it\/\" target=\"_new\" rel=\"noopener\">www.esteri.it<\/a>. Las secciones de esta p\u00e1gina en su mayor\u00eda remiten a las secciones correspondientes del sitio de la administraci\u00f3n central.<\/p>\n<p><strong>Para conocer m\u00e1s visita la p\u00e1gina web de la Autoridad Nacional Anticorrupci\u00f3n <\/strong>(<a title=\"Autorita' Nazionale Anticorruzione\" href=\"http:\/\/www.anticorruzione.it\/\">ANAC &#8211; Autorit\u00e1 Nazionale Anticorruzione)<\/a>.<br \/>\n<strong>Conoce la <span style=\"text-decoration: underline;\">Netiquette<\/span> para las redes sociales <a href=\"https:\/\/iicbogota.esteri.it\/es\/chi-siamo\/la-sede\/netiquette\/\">aqu\u00ed<\/a>.<\/strong><\/p>\n<p><em><span style=\"text-decoration: underline;\">Para m\u00e1s informaci\u00f3n, consulta la versi\u00f3n en italiano de esta p\u00e1gina.<\/span><\/em><\/p>\n<\/div>\n","protected":false},"excerpt":{"rendered":"Las oficinas diplom\u00e1tico-consulares en el extranjero son extensiones perif\u00e9ricas del Ministerio de Asuntos Exteriores y Cooperaci\u00f3n Internacional, que garantiza la transparencia de sus datos a trav\u00e9s de la secci\u00f3n \u00abadministraci\u00f3n transparente\u00bb en el sitio www.esteri.it. Las secciones de esta p\u00e1gina en su mayor\u00eda remiten a las secciones correspondientes del sitio de la administraci\u00f3n central. Para [&hellip;]","protected":false},"author":1,"featured_media":0,"parent":0,"menu_order":10,"comment_status":"closed","ping_status":"closed","template":"","meta":{"footnotes":""},"class_list":["post-116","page","type-page","status-publish","hentry"],"_links":{"self":[{"href":"https:\/\/iicbogota.esteri.it\/es\/wp-json\/wp\/v2\/pages\/116","targetHints":{"allow":["GET"]}}],"collection":[{"href":"https:\/\/iicbogota.esteri.it\/es\/wp-json\/wp\/v2\/pages"}],"about":[{"href":"https:\/\/iicbogota.esteri.it\/es\/wp-json\/wp\/v2\/types\/page"}],"author":[{"embeddable":true,"href":"https:\/\/iicbogota.esteri.it\/es\/wp-json\/wp\/v2\/users\/1"}],"replies":[{"embeddable":true,"href":"https:\/\/iicbogota.esteri.it\/es\/wp-json\/wp\/v2\/comments?post=116"}],"version-history":[{"count":7,"href":"https:\/\/iicbogota.esteri.it\/es\/wp-json\/wp\/v2\/pages\/116\/revisions"}],"predecessor-version":[{"id":4407,"href":"https:\/\/iicbogota.esteri.it\/es\/wp-json\/wp\/v2\/pages\/116\/revisions\/4407"}],"wp:attachment":[{"href":"https:\/\/iicbogota.esteri.it\/es\/wp-json\/wp\/v2\/media?parent=116"}],"curies":[{"name":"wp","href":"https:\/\/api.w.org\/{rel}","templated":true}]}}