{"id":112,"date":"2023-04-03T20:31:30","date_gmt":"2023-04-04T01:31:30","guid":{"rendered":"https:\/\/iicbogota.esteri.it\/gli_eventi\/"},"modified":"2023-07-19T10:39:58","modified_gmt":"2023-07-19T15:39:58","slug":"gli_eventi","status":"publish","type":"page","link":"https:\/\/iicbogota.esteri.it\/es\/gli_eventi\/","title":{"rendered":"Eventos"},"content":{"rendered":"        <div class=\"row\">\n\t\t\t<!-- Ricerca sedi post -->\n\t\t\t<div class=\"col-12 mt-4\">\n\t\t\t  <div class=\"callout callout-highlight note ricerca-esteri p-4\">\n                    <div class=\"callout-title\">\n                        <svg class=\"icon\">\n                            <use xlink:href=\"https:\/\/iicbogota.esteri.it\/wp-content\/themes\/sedi-tema\/assets\/svg\/sprites.svg#it-search\"><\/use>\n                        <\/svg>Introduzca sus par\u00e1metros de b\u00fasqueda                    <\/div>\n                    <form id=\"searchFormPost\" name=\"form-search-post\" class=\"form-row align-items-center\" action=\"https:\/\/iicbogota.esteri.it\/es\/wp-json\/wp\/v2\/pages\/112\/\" method=\"GET\"> \n                        <!-- <div class=\"form-group pt-5\"> -->\n                            <!-- <input type=\"hidden\" id=\"lang\" name=\"lang\" value=\"\"> --> <!-- <\/div> -->\n\n                        <div class=\"it-datepicker-wrapper\">\n                            <div class=\"row\">\n                                <div class=\"form-group col-md-6\">\n                                    <label class=\"active\" for=\"date-init\">Desde el<\/label>\n                                    <input class=\"form-control\" name=\"date-init\" id=\"date-init\" type=\"date\" placeholder=\"gg\/mm\/aaaa\" value=\"\"lang=\"en-EN\">  \n                                <\/div>\n                                <div class=\"form-group col-md-6\">\n                                    <label class=\"active\" for=\"date-end\">Hasta el<\/label>\n                                    <input class=\"form-control\" name=\"date-end\" id=\"date-end\" type=\"date\" placeholder=\"gg\/mm\/aaaa\" value=\"\">\n                                <\/div>\n                            <\/div>\n                        <\/div>\n                        <div class=\"form-group col-md-12 mt-3\">\n                            <label for=\"searchText\">Campo de b\u00fasqueda libre<\/label>\n                            <input type=\"text\" name=\"searchText\" class=\"form-control\" id=\"searchText\" value=\"\">\n                        <\/div>\n                        <div class=\"form-group col-md-4 offset-md-8 text-end\">\n                            <a href=\"https:\/\/iicbogota.esteri.it\/es\/gli_eventi\/\" title=\"Form reset\" id=\"resetImput\" class=\"btn btn-outline-primary btn-xs\">Reset<\/a>\n                            <button type=\"submit\" class=\"btn btn-primary btn-xs\">Mostrar resultados<\/button>\n                        <\/div>\n                    <\/form>\n\t\t\t\t<\/div>\n\t\t\t<\/div>\n\t\t<\/div>\n                    \n            <div class=\"row\">\n                            <div class=\"col-12 mt-3\">\n                <!--start card-->\n                <div class=\"card-wrapper card-space\">\n                    <div class=\"card card-bg card-big border-bottom-card\">\n                        <div class=\"card-body row\">\n                                                    <div class=\"col-sm-3\">\n                                <div class=\"img-responsive\">\n                                    <figure class=\"img-wrapper\">\n                                        <a href=\"https:\/\/iicbogota.esteri.it\/es\/gli_eventi\/calendario\/corso-di-teatro-in-italiano-omaggio-a-luigi-pirandello\/\" title=\"Leer el art\u00edculo: Curso de Teatro en Italiano: homenaje a Luigi Pirandello\">\n                                                                                            <img loading=\"lazy\" decoding=\"async\" width=\"240\" height=\"300\" src=\"https:\/\/iicbogota.esteri.it\/wp-content\/uploads\/2026\/02\/laboratorio-di-teatro-in-italiano-2026-240x300.png\" srcset=\"https:\/\/iicbogota.esteri.it\/wp-content\/uploads\/2026\/02\/laboratorio-di-teatro-in-italiano-2026.png 1920w, https:\/\/iicbogota.esteri.it\/wp-content\/uploads\/2026\/02\/laboratorio-di-teatro-in-italiano-2026-240x300.png 240w, https:\/\/iicbogota.esteri.it\/wp-content\/uploads\/2026\/02\/laboratorio-di-teatro-in-italiano-2026-819x1024.png 819w, https:\/\/iicbogota.esteri.it\/wp-content\/uploads\/2026\/02\/laboratorio-di-teatro-in-italiano-2026-768x960.png 768w\" sizes=\"auto, (max-width: 1920px) 100vw, 1920px\"  title=\"laboratorio di teatro in italiano 2026\" alt=\"\" class=\"img-fluid\">\n                                                                                    <\/a>\n                                    <\/figure>\n                                <\/div>\n                            <\/div>\n                            <div class=\"col-sm-9\">\n                                                            <div class=\"category-top\">\n                                    <span class=\"fw-bold text-success\">En curso<\/span>                                                                        <span class=\"data\">\n                                        <svg class=\"icon icon-secondary\">\n                                            <use xlink:href=\"https:\/\/iicbogota.esteri.it\/wp-content\/themes\/sedi-tema\/assets\/svg\/sprites.svg#it-calendar\"><\/use>\n                                        <\/svg> Tue Mar 03 2026<svg class=\"icon icon-xs icon-secondary me-1 ms-1\"><use href=\"https:\/\/iicbogota.esteri.it\/wp-content\/themes\/sedi-tema\/assets\/svg\/sprites.svg#it-arrow-right\"><\/use><\/svg>Tue Jun 09 2026                                    <\/span>\n                                                                    <\/div>\n                            <h5 class=\"card-title big-heading text-uppercase\"><a class=\"text-body text-decoration-none\" href=\"https:\/\/iicbogota.esteri.it\/es\/gli_eventi\/calendario\/corso-di-teatro-in-italiano-omaggio-a-luigi-pirandello\/\" title=\"Curso de Teatro en Italiano: homenaje a Luigi Pirandello\">Curso de Teatro en Italiano: homenaje a Luigi Pirandello<\/a><\/h5>\n                            <p class=\"card-text\">Abren las inscripciones para el Curso de Teatro en Italiano organizado por Ponte tra Culture Colombia y La Gruta, en colaboraci\u00f3n con el Istituto Italiano di Cultura de Bogot\u00e1. Objetivo: Este laboratorio ofrece una experiencia divertida y formativa para aprender italiano y acercarse a la cultura italiana a trav\u00e9s del teatro. A lo largo del [&hellip;]<\/p>\n                                <a title=\"Curso de Teatro en Italiano: homenaje a Luigi Pirandello\" class=\"read-more\" href=\"https:\/\/iicbogota.esteri.it\/es\/gli_eventi\/calendario\/corso-di-teatro-in-italiano-omaggio-a-luigi-pirandello\/\">\n                                    <span class=\"text\">Lee mas<\/span>\n                                    <svg class=\"icon\">\n                                    <use xlink:href=\"https:\/\/iicbogota.esteri.it\/wp-content\/themes\/sedi-tema\/assets\/svg\/sprites.svg#it-arrow-right\"><\/use>\n                                    <\/svg>\n                                <\/a>\n                                                        <\/div>\n                                                    <\/div>\n                    <\/div>\n                <\/div>\n                <!--end card-->\n                <\/div><!-- col-12 .mt-3-->\n                            <div class=\"col-12 mt-3\">\n                <!--start card-->\n                <div class=\"card-wrapper card-space\">\n                    <div class=\"card card-bg card-big border-bottom-card\">\n                        <div class=\"card-body row\">\n                                                    <div class=\"col-sm-3\">\n                                <div class=\"img-responsive\">\n                                    <figure class=\"img-wrapper\">\n                                        <a href=\"https:\/\/iicbogota.esteri.it\/es\/gli_eventi\/calendario\/mostra-carissimo-pinocchio-designer-e-grafici-italiani-ridisegnano-il-burattino-piu-famoso-del-mondo\/\" title=\"Leer el art\u00edculo: Exposici\u00f3n &#8220;Carissimo Pinocchio: artistas y dise\u00f1adores gr\u00e1ficos italianos recrean al t\u00edtere m\u00e1s querido del mundo&#8221;\">\n                                                                                            <img loading=\"lazy\" decoding=\"async\" width=\"300\" height=\"168\" src=\"https:\/\/iicbogota.esteri.it\/wp-content\/uploads\/2026\/03\/CP-THUMBNAIL.jpg-300x168.jpeg\" srcset=\"https:\/\/iicbogota.esteri.it\/wp-content\/uploads\/2026\/03\/CP-THUMBNAIL.jpg.jpeg 1246w, https:\/\/iicbogota.esteri.it\/wp-content\/uploads\/2026\/03\/CP-THUMBNAIL.jpg-300x168.jpeg 300w, https:\/\/iicbogota.esteri.it\/wp-content\/uploads\/2026\/03\/CP-THUMBNAIL.jpg-1024x574.jpeg 1024w, https:\/\/iicbogota.esteri.it\/wp-content\/uploads\/2026\/03\/CP-THUMBNAIL.jpg-768x430.jpeg 768w\" sizes=\"auto, (max-width: 1246px) 100vw, 1246px\"  title=\"CP &#8211; THUMBNAIL.jpg\" alt=\"\" class=\"img-fluid\">\n                                                                                    <\/a>\n                                    <\/figure>\n                                <\/div>\n                            <\/div>\n                            <div class=\"col-sm-9\">\n                                                            <div class=\"category-top\">\n                                    <span class=\"fw-bold text-success\">En curso<\/span>                                                                        <span class=\"data\">\n                                        <svg class=\"icon icon-secondary\">\n                                            <use xlink:href=\"https:\/\/iicbogota.esteri.it\/wp-content\/themes\/sedi-tema\/assets\/svg\/sprites.svg#it-calendar\"><\/use>\n                                        <\/svg> Tue Mar 17 2026<svg class=\"icon icon-xs icon-secondary me-1 ms-1\"><use href=\"https:\/\/iicbogota.esteri.it\/wp-content\/themes\/sedi-tema\/assets\/svg\/sprites.svg#it-arrow-right\"><\/use><\/svg>Fri Apr 10 2026                                    <\/span>\n                                                                    <\/div>\n                            <h5 class=\"card-title big-heading text-uppercase\"><a class=\"text-body text-decoration-none\" href=\"https:\/\/iicbogota.esteri.it\/es\/gli_eventi\/calendario\/mostra-carissimo-pinocchio-designer-e-grafici-italiani-ridisegnano-il-burattino-piu-famoso-del-mondo\/\" title=\"Exposici\u00f3n &#8220;Carissimo Pinocchio: artistas y dise\u00f1adores gr\u00e1ficos italianos recrean al t\u00edtere m\u00e1s querido del mundo&#8221;\">Exposici\u00f3n &#8220;Carissimo Pinocchio: artistas y dise\u00f1adores gr\u00e1ficos italianos recrean al t\u00edtere m\u00e1s querido del mundo&#8221;<\/a><\/h5>\n                            <p class=\"card-text\">Con motivo del Italian Design Day 2026, el ADI Design Museum de Mil\u00e1n, en colaboraci\u00f3n con la Embajada de Italia en Bogot\u00e1, el Istituto Italiano di Cultura di Bogot\u00e1 y la Pontificia Universidad Javeriana, organizan la exposici\u00f3n &#8216;Carissimo Pinocchio: artistas y dise\u00f1adores gr\u00e1ficos italianos recrean al t\u00edtere m\u00e1s querido del mundo&#8217;. Despu\u00e9s de Mil\u00e1n, San [&hellip;]<\/p>\n                                <a title=\"Exposici\u00f3n &#8220;Carissimo Pinocchio: artistas y dise\u00f1adores gr\u00e1ficos italianos recrean al t\u00edtere m\u00e1s querido del mundo&#8221;\" class=\"read-more\" href=\"https:\/\/iicbogota.esteri.it\/es\/gli_eventi\/calendario\/mostra-carissimo-pinocchio-designer-e-grafici-italiani-ridisegnano-il-burattino-piu-famoso-del-mondo\/\">\n                                    <span class=\"text\">Lee mas<\/span>\n                                    <svg class=\"icon\">\n                                    <use xlink:href=\"https:\/\/iicbogota.esteri.it\/wp-content\/themes\/sedi-tema\/assets\/svg\/sprites.svg#it-arrow-right\"><\/use>\n                                    <\/svg>\n                                <\/a>\n                                                        <\/div>\n                                                    <\/div>\n                    <\/div>\n                <\/div>\n                <!--end card-->\n                <\/div><!-- col-12 .mt-3-->\n                            <div class=\"col-12 mt-3\">\n                <!--start card-->\n                <div class=\"card-wrapper card-space\">\n                    <div class=\"card card-bg card-big border-bottom-card\">\n                        <div class=\"card-body row\">\n                                                    <div class=\"col-sm-3\">\n                                <div class=\"img-responsive\">\n                                    <figure class=\"img-wrapper\">\n                                        <a href=\"https:\/\/iicbogota.esteri.it\/es\/gli_eventi\/calendario\/ilustropia-cecilia-valagussa-e-lara-leru-ottaviani\/\" title=\"Leer el art\u00edculo: Ilustropia: Cecilia Valagussa y Lara &#8216;Leru&#8217; Ottaviani\">\n                                                                                            <img loading=\"lazy\" decoding=\"async\" width=\"300\" height=\"185\" src=\"https:\/\/iicbogota.esteri.it\/wp-content\/uploads\/2026\/03\/Screenshot-2026-03-25-151726-300x185.png\" srcset=\"https:\/\/iicbogota.esteri.it\/wp-content\/uploads\/2026\/03\/Screenshot-2026-03-25-151726.png 465w, https:\/\/iicbogota.esteri.it\/wp-content\/uploads\/2026\/03\/Screenshot-2026-03-25-151726-300x185.png 300w\" sizes=\"auto, (max-width: 465px) 100vw, 465px\"  title=\"Screenshot 2026-03-25 151726\" alt=\"\" class=\"img-fluid\">\n                                                                                    <\/a>\n                                    <\/figure>\n                                <\/div>\n                            <\/div>\n                            <div class=\"col-sm-9\">\n                                                            <div class=\"category-top\">\n                                    <span class=\"fw-bold \"><\/span>                                                                        <span class=\"\">\n                                        <svg class=\"icon icon-secondary\">\n                                            <use xlink:href=\"https:\/\/iicbogota.esteri.it\/wp-content\/themes\/sedi-tema\/assets\/svg\/sprites.svg#it-calendar\"><\/use>\n                                        <\/svg> Fri Apr 24 2026<svg class=\"icon icon-xs icon-secondary me-1 ms-1\"><use href=\"https:\/\/iicbogota.esteri.it\/wp-content\/themes\/sedi-tema\/assets\/svg\/sprites.svg#it-arrow-right\"><\/use><\/svg>Sun Apr 26 2026                                    <\/span>\n                                                                    <\/div>\n                            <h5 class=\"card-title big-heading text-uppercase\"><a class=\"text-body text-decoration-none\" href=\"https:\/\/iicbogota.esteri.it\/es\/gli_eventi\/calendario\/ilustropia-cecilia-valagussa-e-lara-leru-ottaviani\/\" title=\"Ilustropia: Cecilia Valagussa y Lara &#8216;Leru&#8217; Ottaviani\">Ilustropia: Cecilia Valagussa y Lara &#8216;Leru&#8217; Ottaviani<\/a><\/h5>\n                            <p class=\"card-text\">La cuarta edici\u00f3n del Festival Internacional de Ilustraci\u00f3n, Ilustropia, organizado por Casa Tinta, contar\u00e1 con la participaci\u00f3n de las ilustradoras italianas Cecilia Valagussa y Lara Ottaviani, quienes realizar\u00e1n un taller art\u00edstico, una conferencia y un concierto dibujado durante los d\u00edas del festival. TALLER: Monotipias luminosas animadas, s\u00e1bado 25 y domingo 26 de abril de 2:30pm [&hellip;]<\/p>\n                                <a title=\"Ilustropia: Cecilia Valagussa y Lara &#8216;Leru&#8217; Ottaviani\" class=\"read-more\" href=\"https:\/\/iicbogota.esteri.it\/es\/gli_eventi\/calendario\/ilustropia-cecilia-valagussa-e-lara-leru-ottaviani\/\">\n                                    <span class=\"text\">Lee mas<\/span>\n                                    <svg class=\"icon\">\n                                    <use xlink:href=\"https:\/\/iicbogota.esteri.it\/wp-content\/themes\/sedi-tema\/assets\/svg\/sprites.svg#it-arrow-right\"><\/use>\n                                    <\/svg>\n                                <\/a>\n                                                        <\/div>\n                                                    <\/div>\n                    <\/div>\n                <\/div>\n                <!--end card-->\n                <\/div><!-- col-12 .mt-3-->\n            \n            <div class=\"col-md-12 mt-4 pb-4\">\n                <nav class=\"navigation col-md-12\" aria-label=\"Navigation\">\n                    <h2 class=\"screen-reader-text visually-hidden\">Paginaci\u00f3n<\/h2>\n                    <div class=\"nav-links\">\n                                        <\/div>\n                <\/nav>\n            <\/div>   <!--.col-md-12 -->\n              <\/div><!--.row -->\n              \n","protected":false},"excerpt":{"rendered":"","protected":false},"author":1,"featured_media":0,"parent":0,"menu_order":6,"comment_status":"closed","ping_status":"closed","template":"","meta":{"footnotes":""},"class_list":["post-112","page","type-page","status-publish","hentry"],"_links":{"self":[{"href":"https:\/\/iicbogota.esteri.it\/es\/wp-json\/wp\/v2\/pages\/112","targetHints":{"allow":["GET"]}}],"collection":[{"href":"https:\/\/iicbogota.esteri.it\/es\/wp-json\/wp\/v2\/pages"}],"about":[{"href":"https:\/\/iicbogota.esteri.it\/es\/wp-json\/wp\/v2\/types\/page"}],"author":[{"embeddable":true,"href":"https:\/\/iicbogota.esteri.it\/es\/wp-json\/wp\/v2\/users\/1"}],"replies":[{"embeddable":true,"href":"https:\/\/iicbogota.esteri.it\/es\/wp-json\/wp\/v2\/comments?post=112"}],"version-history":[{"count":1,"href":"https:\/\/iicbogota.esteri.it\/es\/wp-json\/wp\/v2\/pages\/112\/revisions"}],"predecessor-version":[{"id":120,"href":"https:\/\/iicbogota.esteri.it\/es\/wp-json\/wp\/v2\/pages\/112\/revisions\/120"}],"wp:attachment":[{"href":"https:\/\/iicbogota.esteri.it\/es\/wp-json\/wp\/v2\/media?parent=112"}],"curies":[{"name":"wp","href":"https:\/\/api.w.org\/{rel}","templated":true}]}}